{"id":1571,"date":"2024-01-12T13:45:35","date_gmt":"2024-01-12T10:45:35","guid":{"rendered":"https:\/\/eyesoft.com.tr\/index.php\/anasayfa-english\/"},"modified":"2024-01-15T11:07:34","modified_gmt":"2024-01-15T08:07:34","slug":"anasayfa-english","status":"publish","type":"page","link":"https:\/\/eyesoft.com.tr\/index.php\/en\/anasayfa-english\/","title":{"rendered":"Home"},"content":{"rendered":"\n\n\n<div data-post-id='761' class='insert-page insert-page-761 '>\n<div style=\"height:50px\" aria-hidden=\"true\" class=\"wp-block-spacer\"><\/div>\n\n\n\n<h2 class=\"has-text-align-center\">Hizmetlerimiz<\/h2>\n\n\n\n<hr class=\"wp-block-separator has-text-color has-background has-neve-text-color-background-color has-neve-text-color-color\"\/>\n\n\n\n<div class=\"wp-block-atomic-blocks-ab-columns ab-layout-columns-3 ab-3-col-equal\"><div class=\"ab-layout-column-wrap ab-block-layout-column-gap-2 ab-is-responsive-column\">\n<div class=\"wp-block-atomic-blocks-ab-column animated zoomIn ab-block-layout-column\"><div class=\"ab-block-layout-column-inner\">\n<div class=\"wp-block-image\"><figure class=\"aligncenter size-full is-resized\"><img loading=\"lazy\" src=\"https:\/\/eyesoft.com.tr\/wp-content\/uploads\/2022\/01\/display_icon_160193-3.png\" alt=\"\" class=\"wp-image-1094\" width=\"50\" height=\"50\" srcset=\"https:\/\/eyesoft.com.tr\/wp-content\/uploads\/2022\/01\/display_icon_160193-3.png 512w, https:\/\/eyesoft.com.tr\/wp-content\/uploads\/2022\/01\/display_icon_160193-3-300x300.png 300w, https:\/\/eyesoft.com.tr\/wp-content\/uploads\/2022\/01\/display_icon_160193-3-150x150.png 150w\" sizes=\"(max-width: 50px) 100vw, 50px\" \/><\/figure><\/div>\n\n\n\n<h5 class=\"has-text-align-center\"><strong>G\u00f6z Hareketleri ile Bilgisayar Kontrol\u00fc Sistemi<\/strong><\/h5>\n\n\n\n<p class=\"has-text-align-center\">G\u00f6z hareketleri ile kontrol edilebilen bilgisayar sistemi<\/p>\n<\/div><\/div>\n\n\n\n<div class=\"wp-block-atomic-blocks-ab-column animated zoomIn ab-block-layout-column\"><div class=\"ab-block-layout-column-inner\">\n<div class=\"wp-block-image\"><figure class=\"aligncenter size-full is-resized\"><img loading=\"lazy\" src=\"https:\/\/eyesoft.com.tr\/wp-content\/uploads\/2022\/01\/eye_fill_icon_159577-1.png\" alt=\"\" class=\"wp-image-1095\" width=\"50\" height=\"50\" srcset=\"https:\/\/eyesoft.com.tr\/wp-content\/uploads\/2022\/01\/eye_fill_icon_159577-1.png 512w, https:\/\/eyesoft.com.tr\/wp-content\/uploads\/2022\/01\/eye_fill_icon_159577-1-300x300.png 300w, https:\/\/eyesoft.com.tr\/wp-content\/uploads\/2022\/01\/eye_fill_icon_159577-1-150x150.png 150w\" sizes=\"(max-width: 50px) 100vw, 50px\" \/><\/figure><\/div>\n\n\n\n<h5 class=\"has-text-align-center\"><strong>G\u00f6z Hareketleri Takibi Tabanl\u0131 G\u00f6z Egzersiz Sistemi<\/strong><\/h5>\n\n\n\n<p class=\"has-text-align-center\">G\u00f6z hareketleri takibi tabanl\u0131 g\u00f6z egzersiz sistemi<\/p>\n<\/div><\/div>\n\n\n\n<div class=\"wp-block-atomic-blocks-ab-column animated zoomIn ab-block-layout-column\"><div class=\"ab-block-layout-column-inner\">\n<div class=\"wp-block-image\"><figure class=\"aligncenter size-full is-resized\"><img loading=\"lazy\" src=\"https:\/\/eyesoft.com.tr\/wp-content\/uploads\/2022\/01\/book_icon-icons.com_73655.png\" alt=\"\" class=\"wp-image-1096\" width=\"50\" height=\"50\" srcset=\"https:\/\/eyesoft.com.tr\/wp-content\/uploads\/2022\/01\/book_icon-icons.com_73655.png 512w, https:\/\/eyesoft.com.tr\/wp-content\/uploads\/2022\/01\/book_icon-icons.com_73655-300x300.png 300w, https:\/\/eyesoft.com.tr\/wp-content\/uploads\/2022\/01\/book_icon-icons.com_73655-150x150.png 150w\" sizes=\"(max-width: 50px) 100vw, 50px\" \/><\/figure><\/div>\n\n\n\n<h5 class=\"has-text-align-center\"><strong>E-\u00d6\u011frenme ve Oyunla\u015ft\u0131rma<\/strong><\/h5>\n\n\n\n<p class=\"has-text-align-center\">\u00d6\u011frenme y\u00f6netim sistemleri, etkile\u015fimli e-i\u00e7erik geli\u015ftirme, 2B\/3B tasar\u0131m ve oyunla\u015ft\u0131rma \u00e7al\u0131\u015fmalar\u0131<\/p>\n<\/div><\/div>\n<\/div><\/div>\n\n\n\n<div class=\"wp-block-atomic-blocks-ab-columns ab-layout-columns-3 ab-3-col-equal\"><div class=\"ab-layout-column-wrap ab-block-layout-column-gap-2 ab-is-responsive-column\">\n<div class=\"wp-block-atomic-blocks-ab-column animated zoomIn ab-block-layout-column\"><div class=\"ab-block-layout-column-inner\">\n<div class=\"wp-block-image\"><figure class=\"aligncenter size-full is-resized\"><img loading=\"lazy\" src=\"https:\/\/eyesoft.com.tr\/wp-content\/uploads\/2022\/01\/play_icon_134504.png\" alt=\"\" class=\"wp-image-1097\" width=\"50\" height=\"50\" srcset=\"https:\/\/eyesoft.com.tr\/wp-content\/uploads\/2022\/01\/play_icon_134504.png 512w, https:\/\/eyesoft.com.tr\/wp-content\/uploads\/2022\/01\/play_icon_134504-300x300.png 300w, https:\/\/eyesoft.com.tr\/wp-content\/uploads\/2022\/01\/play_icon_134504-150x150.png 150w\" sizes=\"(max-width: 50px) 100vw, 50px\" \/><\/figure><\/div>\n\n\n\n<h5 class=\"has-text-align-center\"><strong><strong>Kullan\u0131labilirlik<\/strong><\/strong><\/h5>\n\n\n\n<p class=\"has-text-align-center\">Kullan\u0131labilirlik testi ve kullan\u0131c\u0131 deneyimi ara\u015ft\u0131rmalar\u0131<\/p>\n<\/div><\/div>\n\n\n\n<div class=\"wp-block-atomic-blocks-ab-column animated zoomIn ab-block-layout-column\"><div class=\"ab-block-layout-column-inner\">\n<div class=\"wp-block-image\"><figure class=\"aligncenter size-full is-resized\"><img loading=\"lazy\" src=\"https:\/\/eyesoft.com.tr\/wp-content\/uploads\/2022\/01\/PixelKit_0049_Game-Pad_37719.png\" alt=\"\" class=\"wp-image-1098\" width=\"50\" height=\"50\"\/><\/figure><\/div>\n\n\n\n<h5 class=\"has-text-align-center\"><strong><strong>Sanal ve Art\u0131r\u0131lm\u0131\u015f Ger\u00e7eklik<\/strong><\/strong><\/h5>\n\n\n\n<p class=\"has-text-align-center\">De\u011fi\u015fik alanlarda e\u011fitim ama\u00e7l\u0131 sanal ve artt\u0131r\u0131lm\u0131\u015f ger\u00e7eklik sistemleri geli\u015ftirme \u00e7al\u0131\u015fmalar\u0131<\/p>\n<\/div><\/div>\n\n\n\n<div class=\"wp-block-atomic-blocks-ab-column animated zoomIn ab-block-layout-column\"><div class=\"ab-block-layout-column-inner\">\n<div class=\"wp-block-image\"><figure class=\"aligncenter size-full is-resized\"><img loading=\"lazy\" src=\"https:\/\/eyesoft.com.tr\/wp-content\/uploads\/2022\/01\/questionmark_83826.png\" alt=\"\" class=\"wp-image-1099\" width=\"50\" height=\"50\" srcset=\"https:\/\/eyesoft.com.tr\/wp-content\/uploads\/2022\/01\/questionmark_83826.png 512w, https:\/\/eyesoft.com.tr\/wp-content\/uploads\/2022\/01\/questionmark_83826-300x300.png 300w, https:\/\/eyesoft.com.tr\/wp-content\/uploads\/2022\/01\/questionmark_83826-150x150.png 150w\" sizes=\"(max-width: 50px) 100vw, 50px\" \/><\/figure><\/div>\n\n\n\n<h5 class=\"has-text-align-center\"><strong><strong>Dan\u0131\u015fmanl\u0131k Hizmetlerimiz<\/strong><\/strong><\/h5>\n\n\n\n<p class=\"has-text-align-center\">Uzmanl\u0131k alanlar\u0131m\u0131zda dan\u0131\u015fmanl\u0131k hizmetleri<\/p>\n<\/div><\/div>\n<\/div><\/div>\n\n\n\n<hr class=\"wp-block-separator has-text-color has-background has-neve-text-color-background-color has-neve-text-color-color\"\/>\n\n\n\n<p><\/p>\n<\/div>\n\n<div  class=\"lgx_logo_slider_app_wrapper lgx-logo-slider-wp\"><div class=\"lgx-logo-wrapper  nav-position-b-center hover-grayscale\" style=\" background-color:#ffffff;\" ><div class=\"owl-carousel lgx-logo-carousel\"  data-autoplaytimeout=\"2000\"  data-autoplayspeed=\"1000\"  data-margin=\"10\"  data-loop=\"true\"  data-autoplay=\"true\"  data-autoplayhoverpause=\"false\"  data-dots=\"false\"  data-itemlarge=\"5\"  data-itemdesk=\"4\"  data-itemtablet=\"3\"  data-itemmobile=\"2\"  data-navlarge=\"false\"  data-navdesk=\"false\"  data-navtablet=\"false\"  data-navmobile=\"false\"  ><div class=\"item lgx-log-item\" ><div class=\"lgx-logo-item\" ><a href=\"https:\/\/www.metu.edu.tr\/tr\" target=\"_blank\"><img class=\"lgx-logo-img skip-lazy\" src=\"https:\/\/eyesoft.com.tr\/wp-content\/uploads\/2020\/09\/odtulogo-e1600951332204.png\" style=\"max-width: 275px;max-height: 275px;\"   alt=\"\" title=\"Orta Do\u011fu Teknik \u00dcniversitesi\" \/><\/a><\/div><\/div><div class=\"item lgx-log-item\" ><div class=\"lgx-logo-item\" ><a href=\"https:\/\/www.ted.org.tr\/?utm_source=google&#038;utm_medium=cpc&#038;utm_campaign=g-78731121820&#038;utm_content=c-b--t%C3%BCrk%20e%C4%9Fitim%20derne%C4%9Fi-&#038;gclid=CjwKCAiA5t-OBhByEiwAhR-hm2Fz-ZkqG5somEDjI4JmyoWvUe8k0d9l0-gIvSEXpCvXgPU3nf_rhRoCPw8QAvD_BwE\" target=\"_blank\"><img class=\"lgx-logo-img skip-lazy\" src=\"https:\/\/eyesoft.com.tr\/wp-content\/uploads\/2021\/12\/TEDU-.png\" style=\"max-width: 275px;max-height: 275px;\"   alt=\"\" title=\"T\u00fcrk E\u011fitim Derne\u011fi\" \/><\/a><\/div><\/div><div class=\"item lgx-log-item\" ><div class=\"lgx-logo-item\" ><a href=\"https:\/\/doganlartarim.com.tr\/\" target=\"_blank\"><img class=\"lgx-logo-img skip-lazy\" src=\"https:\/\/eyesoft.com.tr\/wp-content\/uploads\/2025\/12\/vertical_TR.png\" style=\"max-width: 275px;max-height: 275px;\"   alt=\"\" title=\"Do\u011fanlar Tar\u0131m\" \/><\/a><\/div><\/div><div class=\"item lgx-log-item\" ><div class=\"lgx-logo-item\" ><a href=\"https:\/\/www.tuseb.gov.tr\/\" target=\"_blank\"><img class=\"lgx-logo-img skip-lazy\" src=\"https:\/\/eyesoft.com.tr\/wp-content\/uploads\/2023\/12\/tuseb-logo-freelogovectors.net_.png\" style=\"max-width: 275px;max-height: 275px;\"   alt=\"\" title=\"T\u00dcSEB\" \/><\/a><\/div><\/div><div class=\"item lgx-log-item\" ><div class=\"lgx-logo-item\" ><a href=\"https:\/\/www.aydin.edu.tr\/tr-tr\/Pages\/default.aspx\" target=\"_blank\"><img class=\"lgx-logo-img skip-lazy\" src=\"https:\/\/eyesoft.com.tr\/wp-content\/uploads\/2023\/11\/Istanbul_Aydin_University_logo.svg_-e1700643442898.png\" style=\"max-width: 275px;max-height: 275px;\"   alt=\"\" title=\"\u0130stanbul Ayd\u0131n \u00dcniversitesi\" \/><\/a><\/div><\/div><div class=\"item lgx-log-item\" ><div class=\"lgx-logo-item\" ><a href=\"https:\/\/www.ing.com\" target=\"_blank\"><img class=\"lgx-logo-img skip-lazy\" src=\"https:\/\/eyesoft.com.tr\/wp-content\/uploads\/2023\/11\/ING_Group_N.V._Logo.svg_.png\" style=\"max-width: 275px;max-height: 275px;\"   alt=\"\" title=\"ING Bank\" \/><\/a><\/div><\/div><div class=\"item lgx-log-item\" ><div class=\"lgx-logo-item\" ><a href=\"https:\/\/www.tki.gov.tr\" target=\"_blank\"><img class=\"lgx-logo-img skip-lazy\" src=\"https:\/\/eyesoft.com.tr\/wp-content\/uploads\/2023\/11\/tki-logo-e1698847345542.png\" style=\"max-width: 275px;max-height: 275px;\"   alt=\"\" title=\"T\u00fcrkiye K\u00f6m\u00fcr \u0130\u015fletmeleri\" \/><\/a><\/div><\/div><div class=\"item lgx-log-item\" ><div class=\"lgx-logo-item\" ><a href=\"https:\/\/ulakbim.tubitak.gov.tr\/en\" target=\"_blank\"><img class=\"lgx-logo-img skip-lazy\" src=\"https:\/\/eyesoft.com.tr\/wp-content\/uploads\/2020\/09\/tubitaklogo.png\" style=\"max-width: 275px;max-height: 275px;\"   alt=\"\" title=\"T\u00dcB\u0130TAK ULAKB\u0130M\" \/><\/a><\/div><\/div><div class=\"item lgx-log-item\" ><div class=\"lgx-logo-item\" ><a href=\"https:\/\/www.zicev.org.tr\/\" target=\"_blank\"><img class=\"lgx-logo-img skip-lazy\" src=\"https:\/\/eyesoft.com.tr\/wp-content\/uploads\/2020\/09\/zicevLogo.png\" style=\"max-width: 275px;max-height: 275px;\"   alt=\"\" title=\"Zi\u00e7ev\" \/><\/a><\/div><\/div><div class=\"item lgx-log-item\" ><div class=\"lgx-logo-item\" ><a href=\"https:\/\/www.undp.org\/\" target=\"_blank\"><img class=\"lgx-logo-img skip-lazy\" src=\"https:\/\/eyesoft.com.tr\/wp-content\/uploads\/2020\/09\/undpLogo.png\" style=\"max-width: 275px;max-height: 275px;\"   alt=\"\" title=\"United Nations Development Programme\" \/><\/a><\/div><\/div><div class=\"item lgx-log-item\" ><div class=\"lgx-logo-item\" ><a href=\"https:\/\/www.dogakoleji.k12.tr\/\" target=\"_blank\"><img class=\"lgx-logo-img skip-lazy\" src=\"https:\/\/eyesoft.com.tr\/wp-content\/uploads\/2020\/09\/dogaLogo.png\" style=\"max-width: 275px;max-height: 275px;\"   alt=\"\" title=\"Do\u011fa Koleji\" \/><\/a><\/div><\/div><div class=\"item lgx-log-item\" ><div class=\"lgx-logo-item\" ><a href=\"https:\/\/www.nielsen.com\/\" target=\"_blank\"><img class=\"lgx-logo-img skip-lazy\" src=\"https:\/\/eyesoft.com.tr\/wp-content\/uploads\/2020\/09\/nielsenLogo.png\" style=\"max-width: 275px;max-height: 275px;\"   alt=\"\" title=\"Nielsen\" \/><\/a><\/div><\/div><div class=\"item lgx-log-item\" ><div class=\"lgx-logo-item\" ><a href=\"https:\/\/www.odtugv.org.tr\/\" target=\"_blank\"><img class=\"lgx-logo-img skip-lazy\" src=\"https:\/\/eyesoft.com.tr\/wp-content\/uploads\/2020\/09\/ogvLogo.png\" style=\"max-width: 275px;max-height: 275px;\"   alt=\"\" title=\"Odt\u00fc Geli\u015ftirme Vakf\u0131\" \/><\/a><\/div><\/div><div class=\"item lgx-log-item\" ><div class=\"lgx-logo-item\" ><a href=\"https:\/\/iiclima.esteri.it\/iic_lima\/es\" target=\"_blank\"><img class=\"lgx-logo-img skip-lazy\" src=\"https:\/\/eyesoft.com.tr\/wp-content\/uploads\/2020\/09\/iidcLogo.png\" style=\"max-width: 275px;max-height: 275px;\"   alt=\"\" title=\"Italian Cultural Institute\" \/><\/a><\/div><\/div><div class=\"item lgx-log-item\" ><div class=\"lgx-logo-item\" ><a href=\"https:\/\/www.baskabirokulmumkun.org\/\" target=\"_blank\"><img class=\"lgx-logo-img skip-lazy\" src=\"https:\/\/eyesoft.com.tr\/wp-content\/uploads\/2020\/09\/bbom-e1641563343468.png\" style=\"max-width: 275px;max-height: 275px;\"   alt=\"\" title=\"Ba\u015fka Bir Okul M\u00fcmk\u00fcn\" \/><\/a><\/div><\/div><div class=\"item lgx-log-item\" ><div class=\"lgx-logo-item\" ><a href=\"https:\/\/tr.korean-culture.org\/tr\" target=\"_blank\"><img class=\"lgx-logo-img skip-lazy\" src=\"https:\/\/eyesoft.com.tr\/wp-content\/uploads\/2021\/12\/Kore.jpg\" style=\"max-width: 275px;max-height: 275px;\"   alt=\"\" title=\"Kore K\u00fclt\u00fcr Merkezi\" \/><\/a><\/div><\/div><div class=\"item lgx-log-item\" ><div class=\"lgx-logo-item\" ><a href=\"http:\/\/www.agu.edu.tr\/\" target=\"_blank\"><img class=\"lgx-logo-img skip-lazy\" src=\"https:\/\/eyesoft.com.tr\/wp-content\/uploads\/2020\/09\/aguLogo.png\" style=\"max-width: 275px;max-height: 275px;\"   alt=\"\" title=\"Abdullah G\u00fcl \u00dcniversitesi\" \/><\/a><\/div><\/div><\/div><\/div><\/div>\n","protected":false},"excerpt":{"rendered":"","protected":false},"author":1,"featured_media":0,"parent":0,"menu_order":0,"comment_status":"closed","ping_status":"closed","template":"","meta":{"neve_meta_sidebar":"","neve_meta_container":"","neve_meta_enable_content_width":"","neve_meta_content_width":0,"neve_meta_title_alignment":"","neve_meta_author_avatar":"","neve_post_elements_order":"","neve_meta_disable_header":"off","neve_meta_disable_footer":"","neve_meta_disable_title":"on","spay_email":""},"featured_image_src":null,"featured_image_src_square":null,"_links":{"self":[{"href":"https:\/\/eyesoft.com.tr\/index.php\/wp-json\/wp\/v2\/pages\/1571"}],"collection":[{"href":"https:\/\/eyesoft.com.tr\/index.php\/wp-json\/wp\/v2\/pages"}],"about":[{"href":"https:\/\/eyesoft.com.tr\/index.php\/wp-json\/wp\/v2\/types\/page"}],"author":[{"embeddable":true,"href":"https:\/\/eyesoft.com.tr\/index.php\/wp-json\/wp\/v2\/users\/1"}],"replies":[{"embeddable":true,"href":"https:\/\/eyesoft.com.tr\/index.php\/wp-json\/wp\/v2\/comments?post=1571"}],"version-history":[{"count":5,"href":"https:\/\/eyesoft.com.tr\/index.php\/wp-json\/wp\/v2\/pages\/1571\/revisions"}],"predecessor-version":[{"id":1647,"href":"https:\/\/eyesoft.com.tr\/index.php\/wp-json\/wp\/v2\/pages\/1571\/revisions\/1647"}],"wp:attachment":[{"href":"https:\/\/eyesoft.com.tr\/index.php\/wp-json\/wp\/v2\/media?parent=1571"}],"curies":[{"name":"wp","href":"https:\/\/api.w.org\/{rel}","templated":true}]}}