{"id":1586,"date":"2024-01-12T14:52:31","date_gmt":"2024-01-12T11:52:31","guid":{"rendered":"https:\/\/eyesoft.com.tr\/?page_id=1586"},"modified":"2026-04-07T15:24:00","modified_gmt":"2026-04-07T12:24:00","slug":"us-in-the-press","status":"publish","type":"page","link":"https:\/\/eyesoft.com.tr\/index.php\/en\/us-in-the-press\/","title":{"rendered":"Us in the Press"},"content":{"rendered":"\n<div class=\"wp-container-1 wp-block-group\"><div class=\"wp-block-group__inner-container\">\n<p class=\"has-vivid-red-color has-text-color\" style=\"font-size:38px\"><\/p>\n<\/div><\/div>\n\n\n\n<div class=\"wp-block-atomic-blocks-ab-columns ab-layout-columns-2 ab-2-col-wideright\"><div class=\"ab-layout-column-wrap ab-block-layout-column-gap-2 ab-is-responsive-column\">\n<div class=\"wp-block-atomic-blocks-ab-column ab-block-layout-column ab-is-vertically-aligned-center\"><div class=\"ab-block-layout-column-inner\">\n<figure class=\"wp-block-gallery has-nested-images columns-default is-cropped\">\n<figure class=\"wp-block-image size-large\"><a href=\"https:\/\/www.doktorclubawards.com\/finalistler\" target=\"_blank\" rel=\"noopener\"><img loading=\"lazy\" width=\"1024\" height=\"576\" src=\"https:\/\/eyesoft.com.tr\/wp-content\/uploads\/2026\/02\/Eyesoft-Web-Doctorclub-2-1024x576.jpg\" alt=\"\" class=\"wp-image-1940\" srcset=\"https:\/\/eyesoft.com.tr\/wp-content\/uploads\/2026\/02\/Eyesoft-Web-Doctorclub-2-1024x576.jpg 1024w, https:\/\/eyesoft.com.tr\/wp-content\/uploads\/2026\/02\/Eyesoft-Web-Doctorclub-2-300x169.jpg 300w, https:\/\/eyesoft.com.tr\/wp-content\/uploads\/2026\/02\/Eyesoft-Web-Doctorclub-2-768x432.jpg 768w, https:\/\/eyesoft.com.tr\/wp-content\/uploads\/2026\/02\/Eyesoft-Web-Doctorclub-2-1536x864.jpg 1536w, https:\/\/eyesoft.com.tr\/wp-content\/uploads\/2026\/02\/Eyesoft-Web-Doctorclub-2.jpg 1920w\" sizes=\"(max-width: 1024px) 100vw, 1024px\" \/><\/a><\/figure>\n<\/figure>\n<\/div><\/div>\n\n\n\n<div class=\"wp-block-atomic-blocks-ab-column ab-block-layout-column\"><div class=\"ab-block-layout-column-inner\" style=\"text-align:center\">\n<p style=\"font-size:22px\"><a href=\"https:\/\/www.doktorclubawards.com\/finalistler\" target=\"_blank\" rel=\"noreferrer noopener\"><strong>We are finalists with two projects at Doctorclub Awards 2025<\/strong><\/a><\/p>\n\n\n\n<p>We are proud to be finalists with two of our projects at Doctorclub Awards 2025. Our AI-powered <strong>EYE-LEXIA Dyslexia Pre-Diagnosis System<\/strong> has been selected as a finalist in the <strong>\u201cR&amp;D and Innovation Application of the Year\u201d<\/strong> category under the Health Entrepreneurship Awards, while our <strong>Konu\u015fan G\u00f6z<\/strong> application has reached the finals in the <strong>\u201cInnovative Application of the Year\u201d<\/strong> category under the Health Information Systems Awards.<\/p>\n\n\n\n<p>With these projects, we continue to deliver innovative solutions and create value in the field of health technologies.<\/p>\n\n\n\n<div style=\"text-align:center\" class=\"wp-block-atomic-blocks-ab-button ab-block-button\"><a href=\"https:\/\/www.doktorclubawards.com\/finalistler\" target=\"_blank\" rel=\"noopener noreferrer\" class=\"ab-button ab-button-shape-rounded ab-button-size-medium\" style=\"color:#ffffff;background-color:#bf1e2e\">View News<\/a><\/div>\n<\/div><\/div>\n<\/div><\/div>\n\n\n\n<div class=\"wp-block-atomic-blocks-ab-columns ab-layout-columns-2 ab-2-col-wideright\"><div class=\"ab-layout-column-wrap ab-block-layout-column-gap-2 ab-is-responsive-column\">\n<div class=\"wp-block-atomic-blocks-ab-column ab-block-layout-column ab-is-vertically-aligned-center\"><div class=\"ab-block-layout-column-inner\">\n<figure class=\"wp-block-image size-large\"><a href=\"https:\/\/www.aa.com.tr\/tr\/bilim-teknoloji\/yapay-zekayla-15-dakikada-disleksi-tanisi\/3337985\"><img src=\"https:\/\/eyesoft.com.tr\/wp-content\/uploads\/2025\/01\/07_17_10_AA-35711669.jpg\" alt=\"\"\/><\/a><\/figure>\n<\/div><\/div>\n\n\n\n<div class=\"wp-block-atomic-blocks-ab-column ab-block-layout-column\"><div class=\"ab-block-layout-column-inner\" style=\"text-align:center\">\n<p style=\"font-size:22px\"><a rel=\"noreferrer noopener\" href=\"https:\/\/www.aa.com.tr\/tr\/bilim-teknoloji\/yapay-zekayla-15-dakikada-disleksi-tanisi\/3337985\" target=\"_blank\"><strong>Dyslexia diagnosis in 15 minutes using artificial intelligence<\/strong><\/a><\/p>\n\n\n\n<p>The technology developed by the company Eyesoft at ODT\u00dc Teknokent with T\u00dcB\u0130TAK support analyzes children\u2019s eye movements using artificial intelligence to enable early-stage diagnosis of dyslexia, which is defined as a reading difficulty\u2026<\/p>\n\n\n\n<div style=\"text-align:center\" class=\"wp-block-atomic-blocks-ab-button ab-block-button\"><a href=\"https:\/\/www.aa.com.tr\/tr\/bilim-teknoloji\/yapay-zekayla-15-dakikada-disleksi-tanisi\/3337985\" target=\"_blank\" rel=\"noopener noreferrer\" class=\"ab-button ab-button-shape-rounded ab-button-size-medium\" style=\"color:#ffffff;background-color:#bf1e2e\">View News<\/a><\/div>\n<\/div><\/div>\n<\/div><\/div>\n\n\n\n<div class=\"wp-block-atomic-blocks-ab-columns ab-layout-columns-2 ab-2-col-wideright ab-has-custom-background-color aligncenter\" style=\"padding-top:20px;padding-right:20px;padding-left:20px;background-color:#fafafa\"><div class=\"ab-layout-column-wrap ab-block-layout-column-gap-2 ab-is-responsive-column\">\n<div class=\"wp-block-atomic-blocks-ab-column ab-block-layout-column ab-is-vertically-aligned-center\"><div class=\"ab-block-layout-column-inner\" style=\"text-align:left\">\n<figure class=\"wp-block-image size-thumbnail is-resized is-style-default\"><a href=\"https:\/\/www.haberler.com\/odtu-kritik-arama-kurtarma-gorevleri-icin-14794745-haberi\/\"><img loading=\"lazy\" src=\"https:\/\/eyesoft.com.tr\/wp-content\/uploads\/2022\/03\/odtu-kritik-arama-kurtarma-gorevleri-icin-2-14794745_o-150x150.jpg\" alt=\"\" class=\"wp-image-1439\" width=\"248\" height=\"248\"\/><\/a><\/figure>\n<\/div><\/div>\n\n\n\n<div class=\"wp-block-atomic-blocks-ab-column ab-block-layout-column ab-is-vertically-aligned-center\"><div class=\"ab-block-layout-column-inner\" style=\"text-align:center\">\n<p style=\"font-size:22px\"><strong><a rel=\"noreferrer noopener\" href=\"https:\/\/www.aa.com.tr\/tr\/bilim-teknoloji\/odtuden-goz-hareketleriyle-calisan-tekerlekli-sandalye\/1134042\" target=\"_blank\">METU in the &#8220;metaverse&#8221; for critical search and rescue missions<\/a><\/strong><\/p>\n\n\n\n<p class=\"has-normal-font-size\">Scientists from METU (Middle East Technical University), especially in critical rescue operations during traffic accidents, have developed a new educational technology to be used in the three-dimensional &#8220;metaverse&#8221; universe with replicas of heavy machinery, ensuring a high sense of reality perception&#8230;<\/p>\n\n\n\n<div style=\"text-align:center\" class=\"wp-block-atomic-blocks-ab-button ab-block-button\"><a href=\"https:\/\/www.haberler.com\/odtu-kritik-arama-kurtarma-gorevleri-icin-14794745-haberi\/\" target=\"_blank\" rel=\"noopener noreferrer\" class=\"ab-button ab-button-shape-rounded ab-button-size-medium\" style=\"color:#ffffff;background-color:#bf1e2e\">View News<\/a><\/div>\n<\/div><\/div>\n<\/div><\/div>\n\n\n\n<div style=\"height:20px\" aria-hidden=\"true\" class=\"wp-block-spacer\"><\/div>\n\n\n\n<div class=\"wp-block-atomic-blocks-ab-columns ab-layout-columns-2 ab-2-col-wideright ab-has-custom-background-color aligncenter\" style=\"padding-top:20px;padding-right:20px;padding-left:20px;background-color:#fafafa\"><div class=\"ab-layout-column-wrap ab-block-layout-column-gap-2 ab-is-responsive-column\">\n<div class=\"wp-block-atomic-blocks-ab-column ab-block-layout-column ab-is-vertically-aligned-center\"><div class=\"ab-block-layout-column-inner\" style=\"text-align:left\">\n<figure class=\"wp-block-image size-large is-style-default\"><a href=\"https:\/\/www.aa.com.tr\/tr\/bilim-teknoloji\/odtuden-goz-hareketleriyle-calisan-tekerlekli-sandalye\/1134042\" target=\"_blank\" rel=\"noopener noreferrer\"><img loading=\"lazy\" width=\"864\" height=\"486\" src=\"https:\/\/eyesoft.com.tr\/wp-content\/uploads\/2020\/09\/tekerleklisandalye.jpg\" alt=\"\" class=\"wp-image-417\" srcset=\"https:\/\/eyesoft.com.tr\/wp-content\/uploads\/2020\/09\/tekerleklisandalye.jpg 864w, https:\/\/eyesoft.com.tr\/wp-content\/uploads\/2020\/09\/tekerleklisandalye-300x169.jpg 300w, https:\/\/eyesoft.com.tr\/wp-content\/uploads\/2020\/09\/tekerleklisandalye-768x432.jpg 768w, https:\/\/eyesoft.com.tr\/wp-content\/uploads\/2020\/09\/tekerleklisandalye-640x360.jpg 640w\" sizes=\"(max-width: 864px) 100vw, 864px\" \/><\/a><\/figure>\n<\/div><\/div>\n\n\n\n<div class=\"wp-block-atomic-blocks-ab-column ab-block-layout-column ab-is-vertically-aligned-center\"><div class=\"ab-block-layout-column-inner\" style=\"text-align:center\">\n<p style=\"font-size:22px\"><strong><a rel=\"noreferrer noopener\" href=\"https:\/\/www.aa.com.tr\/tr\/bilim-teknoloji\/odtuden-goz-hareketleriyle-calisan-tekerlekli-sandalye\/1134042\" target=\"_blank\">Wheelchair Operated by Eye Movements from METU<\/a><\/strong><\/p>\n\n\n\n<p class=\"has-normal-font-size\">METU scientists have developed wheelchair technology that can be used solely through eye movements without requiring any physical contact. At METU, to normalize and facilitate the lives of individuals with disabilities, a wheelchair has been created that can be operated solely through eye movements&#8230;<\/p>\n\n\n\n<div style=\"text-align:center\" class=\"wp-block-atomic-blocks-ab-button ab-block-button\"><a href=\"https:\/\/www.aa.com.tr\/tr\/bilim-teknoloji\/odtuden-goz-hareketleriyle-calisan-tekerlekli-sandalye\/1134042\" target=\"_blank\" rel=\"noopener noreferrer\" class=\"ab-button ab-button-shape-rounded ab-button-size-medium\" style=\"color:#ffffff;background-color:#bf1e2e\">View News<\/a><\/div>\n<\/div><\/div>\n<\/div><\/div>\n\n\n\n<div style=\"height:20px\" aria-hidden=\"true\" class=\"wp-block-spacer\"><\/div>\n\n\n\n<div class=\"wp-block-atomic-blocks-ab-columns ab-layout-columns-2 ab-2-col-wideright ab-has-custom-background-color aligncenter\" style=\"padding-top:20px;padding-right:20px;padding-left:20px;background-color:#fafafa\"><div class=\"ab-layout-column-wrap ab-block-layout-column-gap-2 ab-is-responsive-column\">\n<div class=\"wp-block-atomic-blocks-ab-column ab-block-layout-column ab-is-vertically-aligned-center\"><div class=\"ab-block-layout-column-inner\" style=\"text-align:left\">\n<figure class=\"wp-block-image size-large is-style-default\"><a href=\"https:\/\/www.dunyahalleri.com\/ankaradan-oyunlastirilmis-goz-egzersizleri\/\" target=\"_blank\" rel=\"noopener noreferrer\"><img loading=\"lazy\" width=\"990\" height=\"556\" src=\"https:\/\/eyesoft.com.tr\/wp-content\/uploads\/2020\/09\/oyunlastirilmis.jpg\" alt=\"\" class=\"wp-image-418\" srcset=\"https:\/\/eyesoft.com.tr\/wp-content\/uploads\/2020\/09\/oyunlastirilmis.jpg 990w, https:\/\/eyesoft.com.tr\/wp-content\/uploads\/2020\/09\/oyunlastirilmis-300x168.jpg 300w, https:\/\/eyesoft.com.tr\/wp-content\/uploads\/2020\/09\/oyunlastirilmis-768x431.jpg 768w, https:\/\/eyesoft.com.tr\/wp-content\/uploads\/2020\/09\/oyunlastirilmis-640x360.jpg 640w\" sizes=\"(max-width: 990px) 100vw, 990px\" \/><\/a><\/figure>\n<\/div><\/div>\n\n\n\n<div class=\"wp-block-atomic-blocks-ab-column ab-block-layout-column ab-is-vertically-aligned-center\"><div class=\"ab-block-layout-column-inner\" style=\"text-align:center\">\n<p style=\"font-size:22px\"><strong><a rel=\"noreferrer noopener\" href=\"https:\/\/www.dunyahalleri.com\/ankaradan-oyunlastirilmis-goz-egzersizleri\/\" target=\"_blank\">From Ankara: Gamified Eye Exercises<\/a><\/strong><\/p>\n\n\n\n<p class=\"has-normal-font-size\">With eye-tracking technology frequently appearing in various fields, from market research in the automotive sector to applications in healthcare, it&#8217;s impossible not to be excited about the future of the human body. METU Computer and Instr&#8230;<\/p>\n\n\n\n<div style=\"text-align:center\" class=\"wp-block-atomic-blocks-ab-button ab-block-button\"><a href=\"https:\/\/www.dunyahalleri.com\/ankaradan-oyunlastirilmis-goz-egzersizleri\/\" target=\"_blank\" rel=\"noopener noreferrer\" class=\"ab-button ab-button-shape-rounded ab-button-size-medium\" style=\"color:#ffffff;background-color:#bf1e2e\">View News<\/a><\/div>\n<\/div><\/div>\n<\/div><\/div>\n\n\n\n<div style=\"height:20px\" aria-hidden=\"true\" class=\"wp-block-spacer\"><\/div>\n\n\n\n<div class=\"wp-block-atomic-blocks-ab-columns ab-layout-columns-2 ab-2-col-wideright ab-has-custom-background-color aligncenter\" style=\"padding-top:20px;padding-right:20px;padding-left:20px;background-color:#fafafa\"><div class=\"ab-layout-column-wrap ab-block-layout-column-gap-2 ab-is-responsive-column\">\n<div class=\"wp-block-atomic-blocks-ab-column ab-block-layout-column ab-is-vertically-aligned-center\"><div class=\"ab-block-layout-column-inner\" style=\"text-align:left\">\n<figure class=\"wp-block-image size-large is-style-default\"><a href=\"https:\/\/www.memleket.com.tr\/top-patlattikca-gozler-iyilesecek-934248h.htm\" target=\"_blank\" rel=\"noopener noreferrer\"><img loading=\"lazy\" width=\"743\" height=\"419\" src=\"https:\/\/eyesoft.com.tr\/wp-content\/uploads\/2020\/09\/top-e1601473234530-edited-2.jpg\" alt=\"\" class=\"wp-image-499\" srcset=\"https:\/\/eyesoft.com.tr\/wp-content\/uploads\/2020\/09\/top-e1601473234530-edited-2.jpg 743w, https:\/\/eyesoft.com.tr\/wp-content\/uploads\/2020\/09\/top-e1601473234530-edited-2-300x169.jpg 300w, https:\/\/eyesoft.com.tr\/wp-content\/uploads\/2020\/09\/top-e1601473234530-edited-2-640x360.jpg 640w\" sizes=\"(max-width: 743px) 100vw, 743px\" \/><\/a><\/figure>\n<\/div><\/div>\n\n\n\n<div class=\"wp-block-atomic-blocks-ab-column ab-block-layout-column ab-is-vertically-aligned-center\"><div class=\"ab-block-layout-column-inner\" style=\"text-align:center\">\n<p style=\"font-size:22px\"><strong><a href=\"https:\/\/www.memleket.com.tr\/top-patlattikca-gozler-iyilesecek-934248h.htm\">Popping Bubbles for Healing Eyes<\/a><\/strong><\/p>\n\n\n\n<p class=\"has-normal-font-size\">ODT\u00dc\u2019de, k\u0131smi g\u00f6rme engellilerin tedavisi ve g\u00f6rme yetisinin <br>At METU, a game-based rehabilitation system has been developed for the treatment and measurement of the visual abilities of partially sighted individuals. With many advantages over existing methods, this innovation allows for easy eye exercises through a computer-based ball-popping game&#8230;<\/p>\n\n\n\n<div style=\"text-align:center\" class=\"wp-block-atomic-blocks-ab-button ab-block-button\"><a href=\"https:\/\/www.memleket.com.tr\/top-patlattikca-gozler-iyilesecek-934248h.htm\" target=\"_blank\" rel=\"noopener noreferrer\" class=\"ab-button ab-button-shape-rounded ab-button-size-medium\" style=\"color:#ffffff;background-color:#bf1e2e\">View News<\/a><\/div>\n<\/div><\/div>\n<\/div><\/div>\n\n\n\n<div style=\"height:20px\" aria-hidden=\"true\" class=\"wp-block-spacer\"><\/div>\n\n\n\n<div class=\"wp-container-2 wp-block-group\"><div class=\"wp-block-group__inner-container\">\n<p class=\"has-text-color\" style=\"color:#bf1e2e;font-size:38px\"><strong>Our Awards<\/strong><\/p>\n<\/div><\/div>\n\n\n\n<div class=\"wp-block-columns\">\n<div class=\"wp-block-column\">\n<figure class=\"wp-block-image size-large\"><img loading=\"lazy\" width=\"473\" height=\"1024\" src=\"https:\/\/eyesoft.com.tr\/wp-content\/uploads\/2020\/09\/odtu-473x1024.jpg\" alt=\"\" class=\"wp-image-423\" srcset=\"https:\/\/eyesoft.com.tr\/wp-content\/uploads\/2020\/09\/odtu-473x1024.jpg 473w, https:\/\/eyesoft.com.tr\/wp-content\/uploads\/2020\/09\/odtu-139x300.jpg 139w, https:\/\/eyesoft.com.tr\/wp-content\/uploads\/2020\/09\/odtu-709x1536.jpg 709w, https:\/\/eyesoft.com.tr\/wp-content\/uploads\/2020\/09\/odtu.jpg 739w\" sizes=\"(max-width: 473px) 100vw, 473px\" \/><\/figure>\n\n\n\n<p class=\"has-text-align-center has-normal-font-size\"><\/p>\n<\/div>\n\n\n\n<div class=\"wp-block-column\">\n<figure class=\"wp-block-image size-large\"><img loading=\"lazy\" width=\"473\" height=\"1024\" src=\"https:\/\/eyesoft.com.tr\/wp-content\/uploads\/2020\/09\/doktor-473x1024.jpg\" alt=\"\" class=\"wp-image-424\" srcset=\"https:\/\/eyesoft.com.tr\/wp-content\/uploads\/2020\/09\/doktor-473x1024.jpg 473w, https:\/\/eyesoft.com.tr\/wp-content\/uploads\/2020\/09\/doktor-139x300.jpg 139w, https:\/\/eyesoft.com.tr\/wp-content\/uploads\/2020\/09\/doktor-709x1536.jpg 709w, https:\/\/eyesoft.com.tr\/wp-content\/uploads\/2020\/09\/doktor.jpg 739w\" sizes=\"(max-width: 473px) 100vw, 473px\" \/><\/figure>\n\n\n\n<p class=\"has-text-align-center has-normal-font-size\"><\/p>\n<\/div>\n\n\n\n<div class=\"wp-block-column\">\n<figure class=\"wp-block-image size-large\"><img loading=\"lazy\" width=\"472\" height=\"1024\" src=\"https:\/\/eyesoft.com.tr\/wp-content\/uploads\/2022\/11\/AnkaraStartupZirvesi-472x1024.jpeg\" alt=\"\" class=\"wp-image-1463\" srcset=\"https:\/\/eyesoft.com.tr\/wp-content\/uploads\/2022\/11\/AnkaraStartupZirvesi-472x1024.jpeg 472w, https:\/\/eyesoft.com.tr\/wp-content\/uploads\/2022\/11\/AnkaraStartupZirvesi-138x300.jpeg 138w, https:\/\/eyesoft.com.tr\/wp-content\/uploads\/2022\/11\/AnkaraStartupZirvesi-708x1536.jpeg 708w, https:\/\/eyesoft.com.tr\/wp-content\/uploads\/2022\/11\/AnkaraStartupZirvesi.jpeg 738w\" sizes=\"(max-width: 472px) 100vw, 472px\" \/><\/figure>\n\n\n\n<p class=\"has-text-align-center has-normal-font-size\"><\/p>\n<\/div>\n<\/div>\n\n\n\n<figure class=\"wp-block-image size-large is-resized is-style-default\"><img loading=\"lazy\" src=\"https:\/\/eyesoft.com.tr\/wp-content\/uploads\/2026\/04\/doktorclubawards-1-472x1024.png\" alt=\"\" class=\"wp-image-1954\" width=\"354\" height=\"768\" srcset=\"https:\/\/eyesoft.com.tr\/wp-content\/uploads\/2026\/04\/doktorclubawards-1-472x1024.png 472w, https:\/\/eyesoft.com.tr\/wp-content\/uploads\/2026\/04\/doktorclubawards-1-138x300.png 138w, https:\/\/eyesoft.com.tr\/wp-content\/uploads\/2026\/04\/doktorclubawards-1-768x1666.png 768w, https:\/\/eyesoft.com.tr\/wp-content\/uploads\/2026\/04\/doktorclubawards-1-708x1536.png 708w, https:\/\/eyesoft.com.tr\/wp-content\/uploads\/2026\/04\/doktorclubawards-1-944x2048.png 944w, https:\/\/eyesoft.com.tr\/wp-content\/uploads\/2026\/04\/doktorclubawards-1.png 1770w\" sizes=\"(max-width: 354px) 100vw, 354px\" \/><\/figure>\n","protected":false},"excerpt":{"rendered":"<p>Our Awards<\/p>\n","protected":false},"author":1,"featured_media":0,"parent":0,"menu_order":0,"comment_status":"closed","ping_status":"closed","template":"","meta":{"neve_meta_sidebar":"","neve_meta_container":"","neve_meta_enable_content_width":"","neve_meta_content_width":0,"neve_meta_title_alignment":"","neve_meta_author_avatar":"","neve_post_elements_order":"","neve_meta_disable_header":"","neve_meta_disable_footer":"","neve_meta_disable_title":"","spay_email":""},"featured_image_src":null,"featured_image_src_square":null,"_links":{"self":[{"href":"https:\/\/eyesoft.com.tr\/index.php\/wp-json\/wp\/v2\/pages\/1586"}],"collection":[{"href":"https:\/\/eyesoft.com.tr\/index.php\/wp-json\/wp\/v2\/pages"}],"about":[{"href":"https:\/\/eyesoft.com.tr\/index.php\/wp-json\/wp\/v2\/types\/page"}],"author":[{"embeddable":true,"href":"https:\/\/eyesoft.com.tr\/index.php\/wp-json\/wp\/v2\/users\/1"}],"replies":[{"embeddable":true,"href":"https:\/\/eyesoft.com.tr\/index.php\/wp-json\/wp\/v2\/comments?post=1586"}],"version-history":[{"count":8,"href":"https:\/\/eyesoft.com.tr\/index.php\/wp-json\/wp\/v2\/pages\/1586\/revisions"}],"predecessor-version":[{"id":1955,"href":"https:\/\/eyesoft.com.tr\/index.php\/wp-json\/wp\/v2\/pages\/1586\/revisions\/1955"}],"wp:attachment":[{"href":"https:\/\/eyesoft.com.tr\/index.php\/wp-json\/wp\/v2\/media?parent=1586"}],"curies":[{"name":"wp","href":"https:\/\/api.w.org\/{rel}","templated":true}]}}