{"id":1595,"date":"2024-01-12T15:02:20","date_gmt":"2024-01-12T12:02:20","guid":{"rendered":"https:\/\/eyesoft.com.tr\/?page_id=1595"},"modified":"2024-01-12T15:02:24","modified_gmt":"2024-01-12T12:02:24","slug":"company","status":"publish","type":"page","link":"https:\/\/eyesoft.com.tr\/index.php\/en\/company\/","title":{"rendered":"Company"},"content":{"rendered":"\n<h3>Commercial Information:<\/h3>\n\n\n\n<pre class=\"wp-block-code\"><code>Trade Name: EYESOFT Bili\u015fim E\u011fitim Yay\u0131nc\u0131l\u0131k \u0130leti\u015fim ve Dan\u0131\u015fmanl\u0131k Anonim \u015eirketi\n\nTrade Registry Number: 411897\n\nTax Office: Maltepe\n\nTax Registration Number: 3830448308<\/code><\/pre>\n","protected":false},"excerpt":{"rendered":"<p>Commercial Information:<\/p>\n","protected":false},"author":1,"featured_media":0,"parent":0,"menu_order":0,"comment_status":"closed","ping_status":"closed","template":"","meta":{"neve_meta_sidebar":"","neve_meta_container":"","neve_meta_enable_content_width":"","neve_meta_content_width":0,"neve_meta_title_alignment":"","neve_meta_author_avatar":"","neve_post_elements_order":"","neve_meta_disable_header":"","neve_meta_disable_footer":"","neve_meta_disable_title":"","spay_email":""},"featured_image_src":null,"featured_image_src_square":null,"_links":{"self":[{"href":"https:\/\/eyesoft.com.tr\/index.php\/wp-json\/wp\/v2\/pages\/1595"}],"collection":[{"href":"https:\/\/eyesoft.com.tr\/index.php\/wp-json\/wp\/v2\/pages"}],"about":[{"href":"https:\/\/eyesoft.com.tr\/index.php\/wp-json\/wp\/v2\/types\/page"}],"author":[{"embeddable":true,"href":"https:\/\/eyesoft.com.tr\/index.php\/wp-json\/wp\/v2\/users\/1"}],"replies":[{"embeddable":true,"href":"https:\/\/eyesoft.com.tr\/index.php\/wp-json\/wp\/v2\/comments?post=1595"}],"version-history":[{"count":1,"href":"https:\/\/eyesoft.com.tr\/index.php\/wp-json\/wp\/v2\/pages\/1595\/revisions"}],"predecessor-version":[{"id":1596,"href":"https:\/\/eyesoft.com.tr\/index.php\/wp-json\/wp\/v2\/pages\/1595\/revisions\/1596"}],"wp:attachment":[{"href":"https:\/\/eyesoft.com.tr\/index.php\/wp-json\/wp\/v2\/media?parent=1595"}],"curies":[{"name":"wp","href":"https:\/\/api.w.org\/{rel}","templated":true}]}}