{"id":1615,"date":"2024-01-12T16:38:37","date_gmt":"2024-01-12T13:38:37","guid":{"rendered":"https:\/\/eyesoft.com.tr\/?page_id=1615"},"modified":"2026-01-29T16:34:37","modified_gmt":"2026-01-29T13:34:37","slug":"gamification","status":"publish","type":"page","link":"https:\/\/eyesoft.com.tr\/index.php\/en\/gamification\/","title":{"rendered":"Gamification"},"content":{"rendered":"\n<p class=\"has-text-align-left has-medium-font-size\">We gamify challenging tasks, providing both entertainment and educational opportunities.<\/p>\n\n\n\n<hr class=\"wp-block-separator has-text-color has-background has-neve-text-color-background-color has-neve-text-color-color is-style-wide\"\/>\n\n\n\n<div class=\"wp-block-atomic-blocks-ab-columns ab-layout-columns-2 ab-2-col-equal\"><div class=\"ab-layout-column-wrap ab-block-layout-column-gap-2 ab-is-responsive-column\">\n<div class=\"wp-block-atomic-blocks-ab-column ab-block-layout-column\"><div class=\"ab-block-layout-column-inner\">\n<figure class=\"wp-block-embed is-type-video is-provider-youtube wp-block-embed-youtube wp-embed-aspect-16-9 wp-has-aspect-ratio\"><div class=\"wp-block-embed__wrapper\">\n<div class=\"nv-iframe-embed\"><iframe loading=\"lazy\" title=\"Eyesoft - VR Tarla S\u00fcrme Oyunu\" width=\"1200\" height=\"675\" src=\"https:\/\/www.youtube.com\/embed\/HgTftXPrJsg?feature=oembed\" frameborder=\"0\" allow=\"accelerometer; autoplay; clipboard-write; encrypted-media; gyroscope; picture-in-picture; web-share\" referrerpolicy=\"strict-origin-when-cross-origin\" allowfullscreen><\/iframe><\/div>\n<\/div><\/figure>\n<\/div><\/div>\n\n\n\n<div class=\"wp-block-atomic-blocks-ab-column ab-block-layout-column\"><div class=\"ab-block-layout-column-inner\">\n<h2><strong>VR Field Plowing Game<\/strong><\/h2>\n\n\n\n<p>In this Meta Quest 3 game, players are tasked with plowing the field within a given time limit.<\/p>\n\n\n\n<p>The goal is to let users learn the operating principles of the equipment in an engaging way while experiencing an interactive farming simulation.<\/p>\n\n\n\n<p>Supported by realistic physics and visuals, the game serves as an entertaining and effective promotional tool.<\/p>\n<\/div><\/div>\n<\/div><\/div>\n\n\n\n<hr class=\"wp-block-separator is-style-wide\"\/>\n\n\n\n<div class=\"wp-block-atomic-blocks-ab-columns ab-layout-columns-2 ab-2-col-equal has-nv-site-bg-background-color aligncenter\" style=\"padding-top:20px;padding-right:20px;padding-left:20px\"><div class=\"ab-layout-column-wrap ab-block-layout-column-gap-2 ab-is-responsive-column\">\n<div class=\"wp-block-atomic-blocks-ab-column ab-block-layout-column ab-is-vertically-aligned-top\"><div class=\"ab-block-layout-column-inner\" style=\"text-align:left\">\n<figure class=\"wp-block-image size-large is-style-default\"><img loading=\"lazy\" width=\"1024\" height=\"384\" src=\"https:\/\/eyesoft.com.tr\/wp-content\/uploads\/2023\/10\/Logo-1024x384.png\" alt=\"\" class=\"wp-image-1549\" srcset=\"https:\/\/eyesoft.com.tr\/wp-content\/uploads\/2023\/10\/Logo-1024x384.png 1024w, https:\/\/eyesoft.com.tr\/wp-content\/uploads\/2023\/10\/Logo-300x112.png 300w, https:\/\/eyesoft.com.tr\/wp-content\/uploads\/2023\/10\/Logo-768x288.png 768w, https:\/\/eyesoft.com.tr\/wp-content\/uploads\/2023\/10\/Logo.png 1137w\" sizes=\"(max-width: 1024px) 100vw, 1024px\" \/><\/figure>\n<\/div><\/div>\n\n\n\n<div class=\"wp-block-atomic-blocks-ab-column ab-block-layout-column ab-is-vertically-aligned-center\"><div class=\"ab-block-layout-column-inner\">\n<h3 class=\"has-text-align-left\">Appollon &#8211; Event Application<\/h3>\n\n\n\n<p class=\"has-text-align-left has-normal-font-size\">Gamification-supported event production application for museums and organizations.<\/p>\n<\/div><\/div>\n<\/div><\/div>\n\n\n\n<hr class=\"wp-block-separator has-text-color has-background has-neve-text-color-background-color has-neve-text-color-color is-style-wide\"\/>\n\n\n\n<div class=\"wp-block-atomic-blocks-ab-columns ab-layout-columns-2 ab-2-col-equal has-nv-site-bg-background-color aligncenter\" style=\"padding-top:20px;padding-right:20px;padding-left:20px\"><div class=\"ab-layout-column-wrap ab-block-layout-column-gap-2 ab-is-responsive-column\">\n<div class=\"wp-block-atomic-blocks-ab-column ab-block-layout-column ab-is-vertically-aligned-top\"><div class=\"ab-block-layout-column-inner\" style=\"text-align:left\">\n<figure class=\"wp-block-embed is-type-video is-provider-youtube wp-block-embed-youtube wp-embed-aspect-16-9 wp-has-aspect-ratio\"><div class=\"wp-block-embed__wrapper\">\n<div class=\"nv-iframe-embed\"><iframe loading=\"lazy\" title=\"Eyesoft  - Loktos (Lokasyon Tabanl\u0131 Etkinlik Oyunla\u015ft\u0131rma Sistemi)\" width=\"1200\" height=\"675\" src=\"https:\/\/www.youtube.com\/embed\/EPxO8py_5eg?feature=oembed\" frameborder=\"0\" allow=\"accelerometer; autoplay; clipboard-write; encrypted-media; gyroscope; picture-in-picture; web-share\" referrerpolicy=\"strict-origin-when-cross-origin\" allowfullscreen><\/iframe><\/div>\n<\/div><\/figure>\n<\/div><\/div>\n\n\n\n<div class=\"wp-block-atomic-blocks-ab-column ab-block-layout-column ab-is-vertically-aligned-center\"><div class=\"ab-block-layout-column-inner\">\n<h3 class=\"has-text-align-left\">Loktos &#8211; Location-Based Event Gamification System<\/h3>\n\n\n\n<p class=\"has-text-align-left has-normal-font-size\">Editor system for developing location-based games playable on mobile devices.<\/p>\n\n\n\n<p class=\"has-text-align-left\">Engage your participants with fun content while guiding them through our location-based application.<\/p>\n\n\n\n<div class=\"wp-block-atomic-blocks-ab-button ab-block-button\"><a href=\"https:\/\/loktos.com\/en\" target=\"_blank\" rel=\"noopener noreferrer\" class=\"ab-button ab-button-shape-rounded ab-button-size-medium\" style=\"color:#ffffff;background-color:var(--nv-primary-accent)\">Browse<\/a><\/div>\n<\/div><\/div>\n<\/div><\/div>\n\n\n\n<hr class=\"wp-block-separator has-text-color has-background has-neve-text-color-background-color has-neve-text-color-color is-style-wide\"\/>\n\n\n\n<div class=\"wp-block-columns\">\n<div class=\"wp-block-column is-vertically-aligned-top\" style=\"flex-basis:100%\">\n<div class=\"wp-block-columns\">\n<div class=\"wp-block-column\" style=\"flex-basis:100%\">\n<div class=\"wp-container-1 wp-block-group\"><div class=\"wp-block-group__inner-container\">\n<div class=\"wp-block-columns\">\n<div class=\"wp-block-column\" style=\"flex-basis:100%\">\n<div class=\"wp-block-atomic-blocks-ab-columns ab-layout-columns-2 ab-2-col-equal has-nv-site-bg-background-color aligncenter\" style=\"padding-top:20px;padding-right:20px;padding-left:20px\"><div class=\"ab-layout-column-wrap ab-block-layout-column-gap-3 ab-is-responsive-column\">\n<div class=\"wp-block-atomic-blocks-ab-column ab-block-layout-column ab-is-vertically-aligned-bottom\"><div class=\"ab-block-layout-column-inner\" style=\"text-align:left\">\n<div class=\"wp-block-image is-style-default\"><figure class=\"aligncenter size-full is-resized\"><img loading=\"lazy\" src=\"https:\/\/eyesoft.com.tr\/wp-content\/uploads\/2023\/01\/unnamed.jpg\" alt=\"\" class=\"wp-image-1495\" width=\"237\" height=\"239\"\/><\/figure><\/div>\n<\/div><\/div>\n\n\n\n<div class=\"wp-block-atomic-blocks-ab-column ab-block-layout-column ab-is-vertically-aligned-top\"><div class=\"ab-block-layout-column-inner\" style=\"text-align:center\">\n<h3 class=\"has-text-align-left\">Gezdir<\/h3>\n\n\n\n<p class=\"has-text-align-left has-normal-font-size\">A location-based game developed using the Loktos platform.<\/p>\n\n\n\n<div class=\"wp-block-columns\">\n<div class=\"wp-block-column\">\n<h4>iOS<\/h4>\n\n\n\n<div style=\"text-align:center\" class=\"wp-block-atomic-blocks-ab-button ab-block-button\"><a href=\"https:\/\/apps.apple.com\/us\/app\/gezdir\/id1643525561\" class=\"ab-button ab-button-shape-rounded ab-button-size-medium\" style=\"color:#ffffff;background-color:#ac1515\">Download<\/a><\/div>\n<\/div>\n\n\n\n<div class=\"wp-block-column\">\n<h4 class=\"has-text-align-center\">Android<\/h4>\n\n\n\n<div style=\"text-align:center\" class=\"wp-block-atomic-blocks-ab-button ab-block-button\"><a href=\"https:\/\/play.google.com\/store\/apps\/details?id=com.Eyesoft.Gezdir\" class=\"ab-button ab-button-shape-rounded ab-button-size-medium\" style=\"color:#ffffff;background-color:#ac1515\">Download<\/a><\/div>\n<\/div>\n<\/div>\n<\/div><\/div>\n<\/div><\/div>\n<\/div>\n<\/div>\n<\/div><\/div>\n<\/div>\n<\/div>\n<\/div>\n<\/div>\n","protected":false},"excerpt":{"rendered":"<p>We gamify challenging tasks, providing both entertainment and educational opportunities.<\/p>\n","protected":false},"author":1,"featured_media":0,"parent":0,"menu_order":0,"comment_status":"closed","ping_status":"closed","template":"","meta":{"neve_meta_sidebar":"","neve_meta_container":"contained","neve_meta_enable_content_width":"","neve_meta_content_width":0,"neve_meta_title_alignment":"center","neve_meta_author_avatar":"","neve_post_elements_order":"","neve_meta_disable_header":"","neve_meta_disable_footer":"","neve_meta_disable_title":"","spay_email":""},"featured_image_src":null,"featured_image_src_square":null,"_links":{"self":[{"href":"https:\/\/eyesoft.com.tr\/index.php\/wp-json\/wp\/v2\/pages\/1615"}],"collection":[{"href":"https:\/\/eyesoft.com.tr\/index.php\/wp-json\/wp\/v2\/pages"}],"about":[{"href":"https:\/\/eyesoft.com.tr\/index.php\/wp-json\/wp\/v2\/types\/page"}],"author":[{"embeddable":true,"href":"https:\/\/eyesoft.com.tr\/index.php\/wp-json\/wp\/v2\/users\/1"}],"replies":[{"embeddable":true,"href":"https:\/\/eyesoft.com.tr\/index.php\/wp-json\/wp\/v2\/comments?post=1615"}],"version-history":[{"count":15,"href":"https:\/\/eyesoft.com.tr\/index.php\/wp-json\/wp\/v2\/pages\/1615\/revisions"}],"predecessor-version":[{"id":1911,"href":"https:\/\/eyesoft.com.tr\/index.php\/wp-json\/wp\/v2\/pages\/1615\/revisions\/1911"}],"wp:attachment":[{"href":"https:\/\/eyesoft.com.tr\/index.php\/wp-json\/wp\/v2\/media?parent=1615"}],"curies":[{"name":"wp","href":"https:\/\/api.w.org\/{rel}","templated":true}]}}