{"id":1705,"date":"2024-02-07T15:13:57","date_gmt":"2024-02-07T12:13:57","guid":{"rendered":"https:\/\/eyesoft.com.tr\/?page_id=1705"},"modified":"2024-02-07T15:14:02","modified_gmt":"2024-02-07T12:14:02","slug":"aydinlatma-metni-ve-gizlilik-politikasi","status":"publish","type":"page","link":"https:\/\/eyesoft.com.tr\/index.php\/aydinlatma-metni-ve-gizlilik-politikasi\/","title":{"rendered":"Ayd\u0131nlatma Metni ve Gizlilik Politikas\u0131"},"content":{"rendered":"\n<p class=\"has-small-font-size\">\u0130\u015fbu Gizlilik Politikas\u0131nda (\u201cGizlilik Politikas\u0131\u201d), 6698 say\u0131l\u0131 Ki\u015fisel Verilerin Korunmas\u0131 Kanunu (\u201cKVKK\u201d) kapsam\u0131ndaki ayd\u0131nlatma y\u00fck\u00fcml\u00fcl\u00fc\u011f\u00fcm\u00fcz \u00e7er\u00e7evesinde Eyesoft Bili\u015fim E\u011fitim Yay\u0131nc\u0131l\u0131k \u0130leti\u015fim Dan\u0131\u015fmanl\u0131k A.\u015e. (\u201cEYESOFT\u201d) olarak, <a href=\"https:\/\/eyesoft.com.tr\">https:\/\/eyesoft.com.tr<\/a> adresli internet sitesinin (bundan sonra \u201cSite\u201d olarak da an\u0131lacakt\u0131r) i\u015fletilmesi s\u0131ras\u0131nda siz site ziyaret\u00e7isi\/kullan\u0131c\u0131lar\u0131n\u0131n Site arac\u0131l\u0131\u011f\u0131yla toplanan verilerini ve bu verileri nas\u0131l kulland\u0131\u011f\u0131m\u0131z\u0131 a\u00e7\u0131klamay\u0131 ama\u00e7lamaktad\u0131r. <br><br>\u0130\u015fbu Gizlilik Politikas\u0131, m\u00fcnhas\u0131ran ki\u015fisel verilere ili\u015fkin olup, ki\u015fisel veri olarak addedilmeyen veriler i\u015fbu politika kapsam\u0131na girmemektedir. <br><br><strong>1. G\u0130ZL\u0130L\u0130K POL\u0130T\u0130KASI DE\u011e\u0130\u015e\u0130KL\u0130KLER\u0130 <\/strong><br>Siteyi her kullan\u0131\u015f\u0131n\u0131zda o an y\u00fcr\u00fcrl\u00fckte olan Gizlilik Politikas\u0131na tabi olacaks\u0131n\u0131z ve Siteyi her ziyaretinizde ko\u015fullar\u0131 kabul etti\u011finizden emin olmak i\u00e7in bu metni g\u00f6zden ge\u00e7irmelisiniz. EYESOFT, i\u015fbu Gizlilik Politikas\u0131nda zaman zaman de\u011fi\u015fiklik yapabilir. G\u00fcncel Gizlilik Politikas\u0131, Site\u2019de yay\u0131mland\u0131\u011f\u0131 an itibariyle ge\u00e7erli olacakt\u0131r. Bu Gizlilik Politikas\u0131na ili\u015fkin sorular\u0131n\u0131z veya burada ele al\u0131nmayan sorunlar\u0131n\u0131z olmas\u0131 durumunda l\u00fctfen i\u015fbu Gizlilik Politikas\u0131\u2019nda yer alan ileti\u015fim kanallar\u0131 arac\u0131l\u0131\u011f\u0131yla EYESOFT ile ileti\u015fime ge\u00e7iniz. <br><br><strong>2. K\u0130\u015e\u0130SEL VER\u0130LER\u0130N\u0130Z HAKKINDA B\u0130LG\u0130LEND\u0130RME <\/strong><br><br><strong>2.1. Veri Sorumlusunun Kimli\u011fi <\/strong><br>\u0130\u015fbu b\u00f6l\u00fcm alt\u0131nda a\u00e7\u0131klanan kanallar vas\u0131tas\u0131yla payla\u015ft\u0131\u011f\u0131n\u0131z ki\u015fisel verileriniz bak\u0131m\u0131ndan KVKK uyar\u0131nca Veri Sorumlusu; Ankara Ticaret Sicili nezdinde 411897 sicil numaras\u0131 ile kay\u0131tl\u0131, 0383044830800001 Mersis numaral\u0131, \u015firket merkezi \u00dcniversiteler Mah. \u0130hsan Do\u011framac\u0131 Bulvar\u0131 ODT\u00dc Teknokent Tekmer Binas\u0131 No:31 \u00c7ankaya\/Ankara adresinde bulunan Eyesoft Bili\u015fim E\u011fitim Yay\u0131nc\u0131l\u0131k \u0130leti\u015fim Dan\u0131\u015fmanl\u0131k A.\u015e.\u2019dir. <br><strong><br>2.2. Ki\u015fisel Verilerin Toplanmas\u0131, Hukuki Sebepler ve \u0130\u015flenme Ama\u00e7lar\u0131 <\/strong><br>Eyesoft, y\u00fcr\u00fctmekte oldu\u011fu t\u00fcm ki\u015fisel veri i\u015fleme faaliyetlerinde KVKK ba\u015fta olmak \u00fczere ilgili mevzuatta aranan t\u00fcm y\u00fck\u00fcml\u00fcklere uygun olarak hareket etmekte ve ki\u015fisel verilerinizin g\u00fcvenli bir \u015fekilde bar\u0131nd\u0131r\u0131lmas\u0131 ve ki\u015fisel verilerinizin hukuka ayk\u0131r\u0131 bi\u00e7imde kullan\u0131lmas\u0131n\u0131n \u00f6nlenmesi i\u00e7in gerekli g\u00fcvenlik tedbirlerini almaktad\u0131r. Ki\u015fisel Verilerinizin Korunmas\u0131na y\u00f6nelik politikam\u0131za https:\/\/eyesoft.com.tr sayfam\u0131z\u0131 ziyaret ederek ula\u015fabilirsiniz. <\/p>\n\n\n\n<p class=\"has-small-font-size\">Site\u2019de y\u00fcr\u00fct\u00fclen faaliyetler kapsam\u0131nda Ki\u015fisel verileriniz Eyesoft taraf\u0131ndan a\u015fa\u011f\u0131da belirtilen kanallar arac\u0131l\u0131\u011f\u0131yla otomatik veya otomatik olmayan yollarla elektronik \u015fekilde toplanmaktad\u0131r. <\/p>\n\n\n\n<p class=\"has-small-font-size\">\u2022 Site\u2019de yer alan Eyesoft ile ileti\u015fime ge\u00e7menize ve g\u00f6r\u00fc\u015f ve \u00f6nerilerinizi iletmenize yarayan \u201c\u0130leti\u015fim\u201d formu <\/p>\n\n\n\n<p class=\"has-small-font-size\">\u2022 Site\u2019de yer alan \u00c7erezler ve benzer teknolojiler (Sitede kullan\u0131lan \u00e7erezler prensip olarak ki\u015fiyi belirlenebilir k\u0131lmamaktad\u0131r, l\u00fctfen detayl\u0131 bilgi a\u015fa\u011f\u0131da yer alan \u00c7erez Hakk\u0131nda Bilgilendirme adl\u0131 k\u0131sm\u0131 inceleyiniz). Ki\u015fisel verileriniz, Site\u2019nin ziyareti, Site\u2019de sunulan hizmetlerden faydalanabilmeniz, Site arac\u0131l\u0131\u011f\u0131yla bize ula\u015ft\u0131rd\u0131\u011f\u0131n\u0131z g\u00f6r\u00fc\u015f ve \u00f6nerileriniz ile \u00fcr\u00fcnlerimize \/ hizmetlerimize y\u00f6nelik soru ve cevaplar\u0131n\u0131z\u0131n takibi ve gerekli y\u00f6nlendirmelerin yap\u0131lmas\u0131, sistem y\u00f6netimi, sorunlar\u0131n belirlenmesi ve Site\u2019nin geli\u015ftirilmesi, Site ve ko\u015fullar\u0131ndaki de\u011fi\u015fiklikler ile ilgili \u00f6nemli g\u00fcncellemelerin taraf\u0131n\u0131za g\u00f6nderilmesi, resmi makamlar\u0131n taleplerine ya da ileti\u015fim konular\u0131na cevap verilmesi amac\u0131yla i\u015fbu Gizlilik Politikas\u0131 uyar\u0131nca i\u015flenebilecektir. <\/p>\n\n\n\n<p class=\"has-small-font-size\">Bu kapsamda ki\u015fisel verileriniz Eyesoft taraf\u0131ndan KVKK Madde 5\/2 kapsam\u0131nda ayr\u0131ca kanunlarda a\u00e7\u0131k\u00e7a \u00f6ng\u00f6r\u00fclmesi, bir s\u00f6zle\u015fmenin kurulmas\u0131 ve ifas\u0131 ile ilgili olmas\u0131, hukuki y\u00fck\u00fcml\u00fcl\u00fcklerimizi yerine getirmek i\u00e7in zorunlu olmas\u0131, bir hakk\u0131n tesisi, kullan\u0131lmas\u0131 ve korunmas\u0131 i\u00e7in zorunlu olmas\u0131, \u015firketin me\u015fru menfaatleri i\u00e7in zorunlu olmas\u0131, kullan\u0131c\u0131n\u0131n kendisi taraf\u0131ndan alenile\u015ftirilmi\u015f olmas\u0131 halinde a\u00e7\u0131k r\u0131zan\u0131z aranmaks\u0131z\u0131n i\u015flenebilecektir. <br><br><strong>2.3. Ki\u015fisel Verilerinizin \u00dc\u00e7\u00fcnc\u00fc Ki\u015filerle Payla\u015f\u0131lmas\u0131 ve Yurtd\u0131\u015f\u0131na Aktar\u0131m\u0131 <\/strong><br>Ki\u015fisel verileriniz Eyesoft taraf\u0131ndan kullan\u0131c\u0131lar\u0131n Site\u2019den ve Site \u00fczerinde y\u00fcr\u00fct\u00fclen faaliyetlerden faydalanmas\u0131, Site\u2019nin veri g\u00fcvenli\u011finin sa\u011flanmas\u0131 ba\u015fta olmak \u00fczere i\u015fbu Gizlilik Politikas\u0131\u2019nda an\u0131lan ama\u00e7lar dahilinde ve bu ama\u00e7 ile s\u0131n\u0131rl\u0131 olarak yurti\u00e7inde ve yurtd\u0131\u015f\u0131nda bulunan depolama, ar\u015fivleme, bili\u015fim teknolojileri deste\u011fi (sunucu, hosting, program, bulut bili\u015fim, web sitesi i\u00e7erik y\u00f6neticileri gibi) ald\u0131\u011f\u0131m\u0131z \u00fc\u00e7\u00fcnc\u00fc ki\u015filere, i\u015f ortaklar\u0131, hizmet sa\u011flay\u0131c\u0131lar, dan\u0131\u015fmanl\u0131k firmalar\u0131, ve belirlenen ama\u00e7larla aktar\u0131m\u0131n gerekli oldu\u011fu di\u011fer ili\u015fkili taraflar ile kolluk kuvvetleri dahil olmak \u00fczere mahkeme veya hakem heyeti gibi uyu\u015fmazl\u0131k \u00e7\u00f6zmekle yetkilendirilmi\u015f resmi kurum ve kurulu\u015flara aktar\u0131labilmektedir. <br><br><strong>2.4. Verilerinizin Korunmas\u0131 <\/strong><br>Eyesoft, i\u015f yerlerine ve bilgi sistemlerine uygun fiziksel, teknik ve y\u00f6netimsel g\u00fcvenli\u011fi s\u00fcrd\u00fcrmeye, b\u00f6ylece ki\u015fisel verilerin kaybolmas\u0131, k\u00f6t\u00fcye kullan\u0131lmas\u0131, yetkisiz eri\u015fimi, if\u015fa edilmesi veya de\u011fi\u015ftirilmesini \u00f6nlemeye \u00e7al\u0131\u015f\u0131r. Internet sitemizi ve di\u011fer sistemlerimizi kay\u0131p, yok olma, yetkisiz giri\u015f, yetkisiz ki\u015filerin ki\u015fisel verilerinizin de\u011fi\u015ftirilmesi veya if\u015fas\u0131na kar\u015f\u0131 gerekli teknik ve kurumsal \u00f6nlemleri alarak korumaktay\u0131z. Ki\u015fisel verilerinizi g\u00f6nderdi\u011finizde bu verilerinizi korumak i\u00e7in en \u00fcst \u00e7abay\u0131 g\u00f6stermemize ra\u011fmen, internet veya herhangi bir genel a\u011f \u00fczerinden yap\u0131lan hi\u00e7bir veri aktar\u0131m\u0131n\u0131n %100 g\u00fcvenli oldu\u011fu garanti edilemez. Site \u00fczerinden ba\u015fka uygulamalara ba\u011flant\u0131 verilmesi halinde, Eyesoft uygulamalar\u0131n gizlilik politikalar\u0131na ve i\u00e7eriklerine ili\u015fkin herhangi bir sorumluluk kabul etmemektedir. <br><br>2<strong>.5. Verilerin \u0130\u015flenme S\u00fcresi <\/strong><br>\u0130\u015fbu Gizlilik Politikas\u0131\u2019nda an\u0131lan kanallar vas\u0131tas\u0131yla Eyesoft ile payla\u015fm\u0131\u015f oldu\u011funuz ki\u015fisel veriler, KVKK ba\u015fta olmak \u00fczere ki\u015fisel verilerin korunmas\u0131na ili\u015fkin mevzuata ve di\u011fer mevzuatta zorunlu k\u0131l\u0131nan s\u00fcrelere uygun \u015fekilde her hal\u00fckarda i\u015fbu Gizlilik Politikas\u0131\u2019nda belirlenen i\u015fleme ama\u00e7lar\u0131 ortadan kalkmad\u0131\u011f\u0131 m\u00fcddet\u00e7e i\u015flenecektir. <br><br><strong>2.6. Veri Sahiplerinin Haklar\u0131 ve Bu Haklar\u0131n Kullan\u0131lmas\u0131 <\/strong><br>KVKK Madde 11 uyar\u0131nca \u015eirketimize ba\u015fvurarak;<br>\u2022 Ki\u015fisel verilerinizin i\u015flenip i\u015flenmedi\u011fini \u00f6\u011frenme, <br>\u2022 Ki\u015fisel verileriniz i\u015flenmi\u015fse buna ili\u015fkin bilgi talep etme, <br>\u2022 Ki\u015fisel verilerinizin kullan\u0131m\u0131na ili\u015fkin bize daha \u00f6nce verdi\u011finiz herhangi bir izni geri alma, <br>\u2022 Ki\u015fisel verilerinizin i\u015flenme amac\u0131n\u0131 ve bunlar\u0131n amac\u0131na uygun kullan\u0131l\u0131p kullan\u0131lmad\u0131\u011f\u0131n\u0131 \u00f6\u011frenme, <br>\u2022 Yurt i\u00e7inde veya yurt d\u0131\u015f\u0131nda ki\u015fisel verilerin aktar\u0131ld\u0131\u011f\u0131 \u00fc\u00e7\u00fcnc\u00fc ki\u015fileri bilme, <br>\u2022 Ki\u015fisel verilerin eksik veya yanl\u0131\u015f i\u015flenmi\u015f olmas\u0131 h\u00e2linde bunlar\u0131n d\u00fczeltilmesini isteme, <br>\u2022 Ama\u00e7, s\u00fcre ve me\u015fruiyet prensipleri dahilinde de\u011ferlendirilmek \u00fczere silinmesini veya yok edilmesini isteme, <br>\u2022 Ki\u015fisel verilerin d\u00fczeltilmesi, silinmesi ya da yok edilmesi halinde bu i\u015flemlerin ki\u015fisel verilerin aktar\u0131ld\u0131\u011f\u0131 \u00fc\u00e7\u00fcnc\u00fc ki\u015filere bildirilmesini isteme, \u2022 \u0130\u015flenen verilerin m\u00fcnhas\u0131ran otomatik sistemler vas\u0131tas\u0131yla analiz edilmesi durumunda aleyhinize bir sonucun ortaya \u00e7\u0131kmas\u0131 halinde bu sonuca itiraz etme, <br>\u2022 Ki\u015fisel verilerin kanuna ayk\u0131r\u0131 olarak i\u015flenmesi ve bu sebeple zarara u\u011framan\u0131z h\u00e2linde zarar\u0131n giderilmesini talep etme, haklar\u0131na sahipsiniz. <br><br>Bu kapsamda, yukar\u0131da belirtilen haklar\u0131n\u0131za ili\u015fkin taleplerinizi kimli\u011finizi tespit edici bilgi ve belgelerle \u0130nternet Sitemizde yer alan ileti\u015fim formunu doldurup veya kendi talebinizi Ki\u015fisel Verileri Koruma Kurumu taraf\u0131ndan belirlenen \u015fartlar\u0131 ta\u015f\u0131yacak \u015fekilde olu\u015fturup a\u015fa\u011f\u0131da belirlenen y\u00f6ntemler ile \u015eirket\u2019e iletebilirsiniz. <br>(i) A\u015fa\u011f\u0131da yer alan posta adresimize elden \u0131slak imzal\u0131 olarak ya da noter arac\u0131l\u0131\u011f\u0131yla, <br>Adres: <strong><strong>Mustafa Kemal Mah. 2082. Cad.<\/strong> <strong>ODT\u00dc Teknokent MET Yerle\u015fkesi No:54b<\/strong> <strong>\u00c7ankaya \u2013 ANKARA<\/strong><\/strong><br>(ii) A\u015fa\u011f\u0131daki KEP adresimize veya e-posta adresimize bize daha \u00f6nce bildirdi\u011finiz ve sistemimizde kay\u0131tl\u0131 olan e-posta adresinizden g\u00f6nderece\u011finiz eposta ile (l\u00fctfen sistemimizde kay\u0131tl\u0131 e-posta adresinizi kontrol ediniz) veya g\u00fcvenli elektronik imzal\u0131 veya mobil imzal\u0131 olarak, <br><br>E- posta adresi : info@eyesoft.com.tr <br>KEP adresi : eyesoft@hs04.kep.tr <br><br>L\u00fctfen g\u00fcncel ba\u015fvuru y\u00f6ntemlerini ve ba\u015fvuru i\u00e7erik \u015fartlar\u0131n\u0131 \u00f6ncesinde mevzuattan teyit ediniz. Kurum taraf\u0131ndan belirlenen i\u00e7erik \u015fartlar\u0131na uymayan yahut Kurum taraf\u0131ndan kabul edilmeyen y\u00f6ntemlerle iletilen ba\u015fvurular kabul edilmeyecektir. Eyesoft, talebinizi niteli\u011fine g\u00f6re en k\u0131sa s\u00fcrede ve en ge\u00e7 30 (otuz) g\u00fcn i\u00e7inde \u00fccretsiz olarak sonu\u00e7land\u0131racakt\u0131r. Taleplerinizin yerine getirilmesi sebebiyle bir maliyet do\u011fmas\u0131 h\u00e2linde yaln\u0131zca Ki\u015fisel Verileri Koruma Kurulunca belirlenen tarifedeki \u00fccretleri sizden talep edebiliriz. <br><br><strong>2.7. \u00c7erezler Hakk\u0131nda Bilgilendirme <\/strong><br>\u0130nternet sitemizi ziyaret etti\u011finizde, sitemiz cihaz\u0131n\u0131za bir \u00e7erez g\u00f6nderecektir. Bu \u00e7erez, sabit diskinizde saklanan ve bilgisayar\u0131n\u0131z\u0131n internet sitemize eri\u015fti\u011fini bize bildiren k\u00fc\u00e7\u00fck bir bilgi par\u00e7as\u0131d\u0131r. Bu \u00e7erez sizi do\u011frudan tan\u0131mlama yetisine sahip de\u011fildir. Ki\u015fisel bilgilerinizi internet sitemizi nas\u0131l kulland\u0131\u011f\u0131n\u0131z bak\u0131m\u0131ndan i\u015fleyece\u011fiz ve \u00e7erezlerimizi me\u015fru menfaatlerimiz do\u011frultusunda ve en pop\u00fcler sayfalar\u0131n hangileri oldu\u011funu ve site kullan\u0131m\u0131n\u0131n hangi zamanlarda zirve yapt\u0131\u011f\u0131n\u0131 belirlemek, ayn\u0131 zamanda \u0130nternet Protokol\u00fc (IP) adresleri, y\u00f6nlendirme yapan internet sitesi adresleri, uygulama faaliyet kay\u0131tlar\u0131 ve hata kay\u0131tlar\u0131 gibi i\u00e7eri\u011fi iyile\u015ftirmek ve internet sitemizin navigasyonunu daha kolay hale getirmek i\u00e7in kulland\u0131\u011f\u0131m\u0131z di\u011fer bilgileri elde etmek amac\u0131yla kullan\u0131r\u0131z. Eyesoft; sistem y\u00f6netimi, sorunlar\u0131n belirlenmesi ve internet sitesinin iyile\u015ftirilmesi amac\u0131yla kullan\u0131c\u0131lar\u0131n internet sitemiz ile etkile\u015fimleri hakk\u0131nda trend bilgileri edinmek i\u00e7in Google Analytics ve benzeri ara\u00e7lar\u0131 kullanmaktad\u0131r. Google Analytics, ziyaret\u00e7i etkile\u015fimlerini rapor etmek i\u00e7in birinci \u015fah\u0131s \u00e7erezlerini kullanmaktad\u0131r. Bu \u00e7erezler mevcut ziyaretin hangi saatte yap\u0131ld\u0131\u011f\u0131, ziyaret\u00e7inin siteyi daha \u00f6nceden ziyaret edip etmedi\u011fi ve ziyaret\u00e7iyi internet sitesine y\u00f6nlendiren sitenin hangisi oldu\u011fu gibi bilgilerin saklanmas\u0131 i\u00e7in kullan\u0131l\u0131rlar. Google Analytics ile ilgili daha fazla bilgi, Google\u2019\u0131n Gizlilik Politikas\u0131 ba\u011flant\u0131lar\u0131 ve Google Analytics sisteminden \u00e7\u0131kma arac\u0131 i\u00e7in <a rel=\"noreferrer noopener\" href=\"https:\/\/tools.google.com\/dlpage\/gaoptout\" target=\"_blank\">https:\/\/tools.google.com\/dlpage\/gaoptout<\/a> adresini ziyaret edin. \u00c7erezleri kullanmak istemiyorsan\u0131z taray\u0131c\u0131 ayarlar\u0131n\u0131z\u0131 \u00e7erezleri reddedecek \u015fekilde de\u011fi\u015ftirebilirsiniz. Bu ayarlar genellikle taray\u0131c\u0131n\u0131z i\u00e7in \u201cse\u00e7enekler\u201d veya \u201ctercihler\u201d men\u00fcs\u00fcnde bulunur. <br><br>Daha fazla bilgiyi burada veya taray\u0131c\u0131n\u0131z\u0131n \u2018Yard\u0131m\u2019 men\u00fcs\u00fcnde bulabilirsiniz: <br>Internet Explorer\u2019da <a href=\"https:\/\/support.microsoft.com\/en-us\/windows\/delete-and-manage-cookies-168dab11-0753-043d-7c16-ede5947fc64d\">\u00c7erez Ayarlar\u0131 <\/a><br>Chrome\u2019da <a href=\"https:\/\/support.google.com\/chrome\/answer\/95647?hl=en\">\u00e7erez ayarlar\u0131<\/a><br>Firefox\u2019ta <a href=\"https:\/\/support.mozilla.org\/en-US\/kb\/cookies-information-websites-store-on-your-computer?redirectlocale=en-US&amp;redirectslug=Cookies\">\u00e7erez ayarlar\u0131 <\/a><br>Safari\u2019de \u00e7ere<a href=\"https:\/\/support.apple.com\/en-us\/105082\">z ayarlar\u0131<\/a><\/p>\n","protected":false},"excerpt":{"rendered":"<p>\u0130\u015fbu Gizlilik Politikas\u0131nda (\u201cGizlilik Politikas\u0131\u201d), 6698 say\u0131l\u0131 Ki\u015fisel Verilerin Korunmas\u0131 Kanunu (\u201cKVKK\u201d) kapsam\u0131ndaki ayd\u0131nlatma y\u00fck\u00fcml\u00fcl\u00fc\u011f\u00fcm\u00fcz \u00e7er\u00e7evesinde Eyesoft Bili\u015fim E\u011fitim Yay\u0131nc\u0131l\u0131k \u0130leti\u015fim Dan\u0131\u015fmanl\u0131k A.\u015e. (\u201cEYESOFT\u201d) olarak, https:\/\/eyesoft.com.tr adresli internet sitesinin (bundan sonra \u201cSite\u201d olarak da an\u0131lacakt\u0131r) i\u015fletilmesi s\u0131ras\u0131nda siz site ziyaret\u00e7isi\/kullan\u0131c\u0131lar\u0131n\u0131n Site arac\u0131l\u0131\u011f\u0131yla toplanan verilerini ve bu verileri nas\u0131l kulland\u0131\u011f\u0131m\u0131z\u0131 a\u00e7\u0131klamay\u0131 ama\u00e7lamaktad\u0131r. \u0130\u015fbu Gizlilik Politikas\u0131, m\u00fcnhas\u0131ran&hellip;&nbsp;<a href=\"https:\/\/eyesoft.com.tr\/index.php\/aydinlatma-metni-ve-gizlilik-politikasi\/\" class=\"\" rel=\"bookmark\">Read More &raquo;<span class=\"screen-reader-text\">Ayd\u0131nlatma Metni ve Gizlilik Politikas\u0131<\/span><\/a><\/p>\n","protected":false},"author":1,"featured_media":0,"parent":0,"menu_order":0,"comment_status":"closed","ping_status":"closed","template":"","meta":{"neve_meta_sidebar":"","neve_meta_container":"","neve_meta_enable_content_width":"","neve_meta_content_width":0,"neve_meta_title_alignment":"","neve_meta_author_avatar":"","neve_post_elements_order":"","neve_meta_disable_header":"","neve_meta_disable_footer":"","neve_meta_disable_title":"","spay_email":""},"featured_image_src":null,"featured_image_src_square":null,"_links":{"self":[{"href":"https:\/\/eyesoft.com.tr\/index.php\/wp-json\/wp\/v2\/pages\/1705"}],"collection":[{"href":"https:\/\/eyesoft.com.tr\/index.php\/wp-json\/wp\/v2\/pages"}],"about":[{"href":"https:\/\/eyesoft.com.tr\/index.php\/wp-json\/wp\/v2\/types\/page"}],"author":[{"embeddable":true,"href":"https:\/\/eyesoft.com.tr\/index.php\/wp-json\/wp\/v2\/users\/1"}],"replies":[{"embeddable":true,"href":"https:\/\/eyesoft.com.tr\/index.php\/wp-json\/wp\/v2\/comments?post=1705"}],"version-history":[{"count":1,"href":"https:\/\/eyesoft.com.tr\/index.php\/wp-json\/wp\/v2\/pages\/1705\/revisions"}],"predecessor-version":[{"id":1706,"href":"https:\/\/eyesoft.com.tr\/index.php\/wp-json\/wp\/v2\/pages\/1705\/revisions\/1706"}],"wp:attachment":[{"href":"https:\/\/eyesoft.com.tr\/index.php\/wp-json\/wp\/v2\/media?parent=1705"}],"curies":[{"name":"wp","href":"https:\/\/api.w.org\/{rel}","templated":true}]}}