{"id":1871,"date":"2025-12-15T15:23:56","date_gmt":"2025-12-15T12:23:56","guid":{"rendered":"https:\/\/eyesoft.com.tr\/?page_id=1871"},"modified":"2025-12-15T15:23:58","modified_gmt":"2025-12-15T12:23:58","slug":"ekip-arkadaslari-ariyoruz","status":"publish","type":"page","link":"https:\/\/eyesoft.com.tr\/index.php\/ekip-arkadaslari-ariyoruz\/","title":{"rendered":"Ekip Arkada\u015flar\u0131 Ar\u0131yoruz!"},"content":{"rendered":"\n<div class=\"wp-block-image\"><figure class=\"aligncenter\"><a href=\"https:\/\/www.kariyer.net\/is-ilani\/ilan-2732211\"><img loading=\"lazy\" width=\"1024\" height=\"683\" src=\"https:\/\/eyesoft.com.tr\/wp-content\/uploads\/2021\/04\/4884785-1024x683.jpg\" alt=\"\" class=\"wp-image-614\" srcset=\"https:\/\/eyesoft.com.tr\/wp-content\/uploads\/2021\/04\/4884785-1024x683.jpg 1024w, https:\/\/eyesoft.com.tr\/wp-content\/uploads\/2021\/04\/4884785-300x200.jpg 300w, https:\/\/eyesoft.com.tr\/wp-content\/uploads\/2021\/04\/4884785-768x512.jpg 768w, https:\/\/eyesoft.com.tr\/wp-content\/uploads\/2021\/04\/4884785-1536x1024.jpg 1536w, https:\/\/eyesoft.com.tr\/wp-content\/uploads\/2021\/04\/4884785-2048x1365.jpg 2048w, https:\/\/eyesoft.com.tr\/wp-content\/uploads\/2021\/04\/4884785-600x400.jpg 600w\" sizes=\"(max-width: 1024px) 100vw, 1024px\" \/><\/a><\/figure><\/div>\n\n\n\n<h2>\u0130lanlar<\/h2>\n\n\n\n<p>\u0130lginiz i\u00e7in te\u015fekk\u00fcr ederiz. \u015eu anda t\u00fcm a\u00e7\u0131k pozisyonlar\u0131m\u0131z dolmu\u015ftur. Yeni ilanlar\u0131m\u0131z i\u00e7in l\u00fctfen daha sonra tekrar ziyaret edin.<a href=\"https:\/\/www.kariyer.net\/is-ilani\/ilan-2732211\"><\/a><\/p>\n","protected":false},"excerpt":{"rendered":"<p>\u0130lanlar \u0130lginiz i\u00e7in te\u015fekk\u00fcr ederiz. \u015eu anda t\u00fcm a\u00e7\u0131k pozisyonlar\u0131m\u0131z dolmu\u015ftur. Yeni ilanlar\u0131m\u0131z i\u00e7in l\u00fctfen daha sonra tekrar ziyaret edin.<\/p>\n","protected":false},"author":1,"featured_media":0,"parent":0,"menu_order":0,"comment_status":"closed","ping_status":"closed","template":"","meta":{"neve_meta_sidebar":"","neve_meta_container":"","neve_meta_enable_content_width":"","neve_meta_content_width":0,"neve_meta_title_alignment":"","neve_meta_author_avatar":"","neve_post_elements_order":"","neve_meta_disable_header":"","neve_meta_disable_footer":"","neve_meta_disable_title":"","spay_email":""},"featured_image_src":null,"featured_image_src_square":null,"_links":{"self":[{"href":"https:\/\/eyesoft.com.tr\/index.php\/wp-json\/wp\/v2\/pages\/1871"}],"collection":[{"href":"https:\/\/eyesoft.com.tr\/index.php\/wp-json\/wp\/v2\/pages"}],"about":[{"href":"https:\/\/eyesoft.com.tr\/index.php\/wp-json\/wp\/v2\/types\/page"}],"author":[{"embeddable":true,"href":"https:\/\/eyesoft.com.tr\/index.php\/wp-json\/wp\/v2\/users\/1"}],"replies":[{"embeddable":true,"href":"https:\/\/eyesoft.com.tr\/index.php\/wp-json\/wp\/v2\/comments?post=1871"}],"version-history":[{"count":3,"href":"https:\/\/eyesoft.com.tr\/index.php\/wp-json\/wp\/v2\/pages\/1871\/revisions"}],"predecessor-version":[{"id":1874,"href":"https:\/\/eyesoft.com.tr\/index.php\/wp-json\/wp\/v2\/pages\/1871\/revisions\/1874"}],"wp:attachment":[{"href":"https:\/\/eyesoft.com.tr\/index.php\/wp-json\/wp\/v2\/media?parent=1871"}],"curies":[{"name":"wp","href":"https:\/\/api.w.org\/{rel}","templated":true}]}}