{"id":262,"date":"2020-09-23T16:23:40","date_gmt":"2020-09-23T13:23:40","guid":{"rendered":"http:\/\/eyesoft.com.tr\/?page_id=262"},"modified":"2022-02-07T16:05:50","modified_gmt":"2022-02-07T13:05:50","slug":"hakkimizda","status":"publish","type":"page","link":"https:\/\/eyesoft.com.tr\/index.php\/hakkimizda\/","title":{"rendered":"Hakk\u0131m\u0131zda"},"content":{"rendered":"\n<hr class=\"wp-block-separator has-text-color has-background has-neve-text-color-background-color has-neve-text-color-color is-style-wide\"\/>\n\n\n\n<div class=\"wp-block-atomic-blocks-ab-columns ab-layout-columns-1 ab-1-col-equal\"><div class=\"ab-layout-column-wrap ab-block-layout-column-gap-2 ab-is-responsive-column\">\n<div class=\"wp-block-atomic-blocks-ab-column ab-block-layout-column\"><div class=\"ab-block-layout-column-inner\">\nEyesoft&#8217;un ana faaliyet alanlar\u0131 insan bilgisayar etkile\u015fimi (\u0130BE) ve Teknoloji ile Zenginle\u015ftirilmi\u015f \u00d6\u011frenmedir (TEZ\u00d6). Bug\u00fcne kadar e\u011fitim ve rehabilitasyon odakl\u0131 oyunlar ve dijital i\u00e7erik projeleri geli\u015ftirilmi\u015f olup, projelerimizde g\u00f6z hareketlerini takip teknolojisi, sanal ve art\u0131r\u0131lm\u0131\u015f ger\u00e7eklik teknolojileri kullan\u0131lm\u0131\u015ft\u0131r. \u0130BE ve TEZ\u00d6 alan\u0131ndaki 20 y\u0131ll\u0131k akademik ve ticari tecr\u00fcbemiz bulunmaktad\u0131r. Rekabet avantaj\u0131 sa\u011flayan yetkinliklerimizin ba\u015f\u0131nda, \u0130BE ve e\u011fitim teknolojileri alan\u0131ndaki ulusal ve uluslararas\u0131 tecr\u00fcbemiz, akademik d\u00fcnyada ve sekt\u00f6rde uzun y\u0131llar i\u00e7erisinde yeni teknolojileri ara\u015ft\u0131rma, geli\u015ftirme ve kullanmam\u0131z, alan\u0131nda yenilik\u00e7i projeler geli\u015ftirme tecr\u00fcbesine sahip kurulu\u015f olmam\u0131z gelmektedir. Vizyonumuz g\u00fcn\u00fcm\u00fcz teknolojilerini daha da ileri seviyeye g\u00f6t\u00fcrerek d\u00fcnya \u00e7ap\u0131nda \u00fcr\u00fcnler geli\u015ftiren bir firma olup uzun vadede bir unicorn \u015firket olmakt\u0131r.\n<\/div><\/div>\n<\/div><\/div>\n\n\n\n<div style=\"height:20px\" aria-hidden=\"true\" class=\"wp-block-spacer\"><\/div>\n","protected":false},"excerpt":{"rendered":"","protected":false},"author":1,"featured_media":0,"parent":0,"menu_order":0,"comment_status":"closed","ping_status":"closed","template":"","meta":{"neve_meta_sidebar":"","neve_meta_container":"contained","neve_meta_enable_content_width":"","neve_meta_content_width":0,"neve_meta_title_alignment":"center","neve_meta_author_avatar":"","neve_post_elements_order":"","neve_meta_disable_header":"","neve_meta_disable_footer":"","neve_meta_disable_title":"","spay_email":""},"featured_image_src":null,"featured_image_src_square":null,"_links":{"self":[{"href":"https:\/\/eyesoft.com.tr\/index.php\/wp-json\/wp\/v2\/pages\/262"}],"collection":[{"href":"https:\/\/eyesoft.com.tr\/index.php\/wp-json\/wp\/v2\/pages"}],"about":[{"href":"https:\/\/eyesoft.com.tr\/index.php\/wp-json\/wp\/v2\/types\/page"}],"author":[{"embeddable":true,"href":"https:\/\/eyesoft.com.tr\/index.php\/wp-json\/wp\/v2\/users\/1"}],"replies":[{"embeddable":true,"href":"https:\/\/eyesoft.com.tr\/index.php\/wp-json\/wp\/v2\/comments?post=262"}],"version-history":[{"count":52,"href":"https:\/\/eyesoft.com.tr\/index.php\/wp-json\/wp\/v2\/pages\/262\/revisions"}],"predecessor-version":[{"id":1315,"href":"https:\/\/eyesoft.com.tr\/index.php\/wp-json\/wp\/v2\/pages\/262\/revisions\/1315"}],"wp:attachment":[{"href":"https:\/\/eyesoft.com.tr\/index.php\/wp-json\/wp\/v2\/media?parent=262"}],"curies":[{"name":"wp","href":"https:\/\/api.w.org\/{rel}","templated":true}]}}