{"id":266,"date":"2020-09-23T16:30:23","date_gmt":"2020-09-23T13:30:23","guid":{"rendered":"http:\/\/eyesoft.com.tr\/?page_id=266"},"modified":"2026-04-07T15:22:16","modified_gmt":"2026-04-07T12:22:16","slug":"medya","status":"publish","type":"page","link":"https:\/\/eyesoft.com.tr\/index.php\/medya\/","title":{"rendered":"Bas\u0131nda Biz"},"content":{"rendered":"\n<div class=\"wp-container-1 wp-block-group\"><div class=\"wp-block-group__inner-container\">\n<p class=\"has-vivid-red-color has-text-color\" style=\"font-size:38px\"><\/p>\n<\/div><\/div>\n\n\n\n<div class=\"wp-block-atomic-blocks-ab-columns ab-layout-columns-2 ab-2-col-wideright ab-has-custom-background-color aligncenter\" style=\"padding-top:20px;padding-right:20px;padding-left:20px;background-color:#fafafa\"><div class=\"ab-layout-column-wrap ab-block-layout-column-gap-2 ab-is-responsive-column\">\n<div class=\"wp-block-atomic-blocks-ab-column ab-block-layout-column ab-is-vertically-aligned-center\"><div class=\"ab-block-layout-column-inner\" style=\"text-align:left\">\n<figure class=\"wp-block-gallery has-nested-images columns-default is-cropped\">\n<figure class=\"wp-block-image size-full\"><a href=\"https:\/\/www.doktorclubawards.com\/finalistler\" target=\"_blank\" rel=\"noopener\"><img loading=\"lazy\" width=\"1024\" height=\"576\" src=\"https:\/\/eyesoft.com.tr\/wp-content\/uploads\/2026\/02\/Eyesoft-Web-Doctorclub-1-1024x576.jpg\" alt=\"\" class=\"wp-image-1927\" srcset=\"https:\/\/eyesoft.com.tr\/wp-content\/uploads\/2026\/02\/Eyesoft-Web-Doctorclub-1-1024x576.jpg 1024w, https:\/\/eyesoft.com.tr\/wp-content\/uploads\/2026\/02\/Eyesoft-Web-Doctorclub-1-300x169.jpg 300w, https:\/\/eyesoft.com.tr\/wp-content\/uploads\/2026\/02\/Eyesoft-Web-Doctorclub-1-768x432.jpg 768w, https:\/\/eyesoft.com.tr\/wp-content\/uploads\/2026\/02\/Eyesoft-Web-Doctorclub-1-1536x864.jpg 1536w, https:\/\/eyesoft.com.tr\/wp-content\/uploads\/2026\/02\/Eyesoft-Web-Doctorclub-1.jpg 1920w\" sizes=\"(max-width: 1024px) 100vw, 1024px\" \/><\/a><\/figure>\n<\/figure>\n<\/div><\/div>\n\n\n\n<div class=\"wp-block-atomic-blocks-ab-column ab-block-layout-column ab-is-vertically-aligned-center\"><div class=\"ab-block-layout-column-inner\" style=\"text-align:center\">\n<p style=\"font-size:22px\"><a rel=\"noreferrer noopener\" href=\"https:\/\/www.doktorclubawards.com\/finalistler\" target=\"_blank\"><strong>Doctorclub Awards 2025&#8217;te iki projemiz ile finaldeyiz<\/strong><\/a><\/p>\n\n\n\n<p class=\"has-text-align-center\">Doktorclub Awards 2025&#8217;te iki projemizle finalist olman\u0131n gururunu ya\u015f\u0131yoruz. Yapay zek\u00e2 destekli&nbsp;<strong>EYE-LEXIA Disleksi \u00d6n Tan\u0131 Sistemi<\/strong>,&nbsp;<strong>\u201cY\u0131l\u0131n Sa\u011fl\u0131k Giri\u015fimi \u00d6d\u00fclleri kapsam\u0131nda Y\u0131l\u0131n Ar-Ge \u0130novasyon Uygulamas\u0131\u201d<\/strong>&nbsp;kategorisinde;&nbsp;<strong>Konu\u015fan G\u00f6z<\/strong>&nbsp;uygulamam\u0131z ise&nbsp;<strong>\u201cY\u0131l\u0131n Sa\u011fl\u0131k Bilgi Sistemleri \u00d6d\u00fclleri &#8211; Y\u0131l\u0131n Yenilik\u00e7i Uygulamas\u0131\u201d<\/strong>&nbsp;kategorisinde finale kald\u0131.<\/p>\n\n\n\n<p class=\"has-text-align-center\">Sa\u011fl\u0131k teknolojileri alan\u0131nda geli\u015ftirdi\u011fimiz bu projelerle yenilik\u00e7i \u00e7\u00f6z\u00fcmler \u00fcretmeye ve de\u011fer katmaya devam ediyoruz.<\/p>\n\n\n\n<div style=\"text-align:center\" class=\"wp-block-atomic-blocks-ab-button ab-block-button\"><a href=\"https:\/\/www.doktorclubawards.com\/finalistler\" target=\"_blank\" rel=\"noopener noreferrer\" class=\"ab-button ab-button-shape-rounded ab-button-size-medium\" style=\"color:#ffffff;background-color:#bf1e2e\">Haberin Devam\u0131<\/a><\/div>\n<\/div><\/div>\n<\/div><\/div>\n\n\n\n<div class=\"wp-block-atomic-blocks-ab-columns ab-layout-columns-2 ab-2-col-wideright ab-has-custom-background-color aligncenter\" style=\"padding-top:20px;padding-right:20px;padding-left:20px;background-color:#fafafa\"><div class=\"ab-layout-column-wrap ab-block-layout-column-gap-2 ab-is-responsive-column\">\n<div class=\"wp-block-atomic-blocks-ab-column ab-block-layout-column ab-is-vertically-aligned-center\"><div class=\"ab-block-layout-column-inner\" style=\"text-align:left\">\n<figure class=\"wp-block-image size-full is-style-default\"><a href=\"https:\/\/www.aa.com.tr\/tr\/bilim-teknoloji\/yapay-zekayla-15-dakikada-disleksi-tanisi\/3337985\"><img loading=\"lazy\" width=\"750\" height=\"500\" src=\"https:\/\/eyesoft.com.tr\/wp-content\/uploads\/2025\/01\/07_17_10_AA-35711669.jpg\" alt=\"\" class=\"wp-image-1754\" srcset=\"https:\/\/eyesoft.com.tr\/wp-content\/uploads\/2025\/01\/07_17_10_AA-35711669.jpg 750w, https:\/\/eyesoft.com.tr\/wp-content\/uploads\/2025\/01\/07_17_10_AA-35711669-300x200.jpg 300w, https:\/\/eyesoft.com.tr\/wp-content\/uploads\/2025\/01\/07_17_10_AA-35711669-600x400.jpg 600w\" sizes=\"(max-width: 750px) 100vw, 750px\" \/><\/a><\/figure>\n<\/div><\/div>\n\n\n\n<div class=\"wp-block-atomic-blocks-ab-column ab-block-layout-column ab-is-vertically-aligned-center\"><div class=\"ab-block-layout-column-inner\">\n<p style=\"font-size:22px\"><a rel=\"noreferrer noopener\" href=\"https:\/\/www.aa.com.tr\/tr\/bilim-teknoloji\/yapay-zekayla-15-dakikada-disleksi-tanisi\/3337985\" target=\"_blank\"><strong>Yapay zekayla 15 dakikada disleksi tan\u0131s\u0131<\/strong><\/a><\/p>\n\n\n\n<p class=\"has-normal-font-size\">ODT\u00dc Teknokent&#8217;te T\u00dcB\u0130TAK deste\u011fiyle Eyesoft firmas\u0131 taraf\u0131ndan geli\u015ftirilen teknoloji, \u00e7ocuklar\u0131n g\u00f6z hareketlerini yapay zeka ile analiz ederek okuma g\u00fc\u00e7l\u00fc\u011f\u00fc olarak tan\u0131mlanan disleksi tan\u0131s\u0131na erken evrede&#8230;<\/p>\n\n\n\n<div style=\"text-align:center\" class=\"wp-block-atomic-blocks-ab-button ab-block-button\"><a href=\"https:\/\/www.aa.com.tr\/tr\/bilim-teknoloji\/yapay-zekayla-15-dakikada-disleksi-tanisi\/3337985\" target=\"_blank\" rel=\"noopener noreferrer\" class=\"ab-button ab-button-shape-rounded ab-button-size-medium\" style=\"color:#ffffff;background-color:#bf1e2e\">Haberin Devam\u0131<\/a><\/div>\n<\/div><\/div>\n<\/div><\/div>\n\n\n\n<div class=\"wp-block-atomic-blocks-ab-columns ab-layout-columns-2 ab-2-col-wideright ab-has-custom-background-color aligncenter\" style=\"padding-top:20px;padding-right:20px;padding-left:20px;background-color:#fafafa\"><div class=\"ab-layout-column-wrap ab-block-layout-column-gap-2 ab-is-responsive-column\">\n<div class=\"wp-block-atomic-blocks-ab-column ab-block-layout-column ab-is-vertically-aligned-center\"><div class=\"ab-block-layout-column-inner\" style=\"text-align:left\">\n<div class=\"wp-block-image is-style-default\"><figure class=\"aligncenter size-thumbnail is-resized\"><a href=\"https:\/\/www.haberler.com\/odtu-kritik-arama-kurtarma-gorevleri-icin-14794745-haberi\/\"><img loading=\"lazy\" src=\"https:\/\/eyesoft.com.tr\/wp-content\/uploads\/2022\/03\/odtu-kritik-arama-kurtarma-gorevleri-icin-2-14794745_o-150x150.jpg\" alt=\"\" class=\"wp-image-1439\" width=\"248\" height=\"248\"\/><\/a><\/figure><\/div>\n<\/div><\/div>\n\n\n\n<div class=\"wp-block-atomic-blocks-ab-column ab-block-layout-column ab-is-vertically-aligned-center\"><div class=\"ab-block-layout-column-inner\">\n<p style=\"font-size:22px\"><strong><a rel=\"noreferrer noopener\" href=\"https:\/\/www.aa.com.tr\/tr\/bilim-teknoloji\/odtuden-goz-hareketleriyle-calisan-tekerlekli-sandalye\/1134042\" target=\"_blank\">ODT\u00dc, kritik arama-kurtarma g\u00f6revleri i\u00e7in &#8220;metaverse&#8221;de<\/a><\/strong><\/p>\n\n\n\n<p class=\"has-normal-font-size\">ODT\u00dc&#8217;l\u00fc bilim insanlar\u0131, \u00f6zellikle trafik kazalar\u0131nda kritik kurtarma faaliyetlerinde kullan\u0131lan a\u011f\u0131r makinelerin replikalar\u0131 ile ger\u00e7eklik alg\u0131s\u0131n\u0131n y\u00fcksek oranda hissedilmesini sa\u011flayan \u00fc\u00e7 boyutlu &#8220;metaverse&#8221; evreninde kullan\u0131lacak yeni e\u011fitim teknolojisi&#8230;<\/p>\n\n\n\n<div style=\"text-align:center\" class=\"wp-block-atomic-blocks-ab-button ab-block-button\"><a href=\"https:\/\/www.haberler.com\/odtu-kritik-arama-kurtarma-gorevleri-icin-14794745-haberi\/\" target=\"_blank\" rel=\"noopener noreferrer\" class=\"ab-button ab-button-shape-rounded ab-button-size-medium\" style=\"color:#ffffff;background-color:#bf1e2e\">Haberin Devam\u0131<\/a><\/div>\n<\/div><\/div>\n<\/div><\/div>\n\n\n\n<div style=\"height:20px\" aria-hidden=\"true\" class=\"wp-block-spacer\"><\/div>\n\n\n\n<div class=\"wp-block-atomic-blocks-ab-columns ab-layout-columns-2 ab-2-col-wideright ab-has-custom-background-color aligncenter\" style=\"padding-top:20px;padding-right:20px;padding-left:20px;background-color:#fafafa\"><div class=\"ab-layout-column-wrap ab-block-layout-column-gap-2 ab-is-responsive-column\">\n<div class=\"wp-block-atomic-blocks-ab-column ab-block-layout-column ab-is-vertically-aligned-center\"><div class=\"ab-block-layout-column-inner\" style=\"text-align:left\">\n<figure class=\"wp-block-image size-large is-style-default\"><a href=\"https:\/\/www.aa.com.tr\/tr\/bilim-teknoloji\/odtuden-goz-hareketleriyle-calisan-tekerlekli-sandalye\/1134042\" target=\"_blank\" rel=\"noopener noreferrer\"><img loading=\"lazy\" width=\"864\" height=\"486\" src=\"https:\/\/eyesoft.com.tr\/wp-content\/uploads\/2020\/09\/tekerleklisandalye.jpg\" alt=\"\" class=\"wp-image-417\" srcset=\"https:\/\/eyesoft.com.tr\/wp-content\/uploads\/2020\/09\/tekerleklisandalye.jpg 864w, https:\/\/eyesoft.com.tr\/wp-content\/uploads\/2020\/09\/tekerleklisandalye-300x169.jpg 300w, https:\/\/eyesoft.com.tr\/wp-content\/uploads\/2020\/09\/tekerleklisandalye-768x432.jpg 768w, https:\/\/eyesoft.com.tr\/wp-content\/uploads\/2020\/09\/tekerleklisandalye-640x360.jpg 640w\" sizes=\"(max-width: 864px) 100vw, 864px\" \/><\/a><\/figure>\n<\/div><\/div>\n\n\n\n<div class=\"wp-block-atomic-blocks-ab-column ab-block-layout-column ab-is-vertically-aligned-center\"><div class=\"ab-block-layout-column-inner\">\n<p style=\"font-size:22px\"><strong><a rel=\"noreferrer noopener\" href=\"https:\/\/www.aa.com.tr\/tr\/bilim-teknoloji\/odtuden-goz-hareketleriyle-calisan-tekerlekli-sandalye\/1134042\" target=\"_blank\">ODT\u00dc&#8217;den G\u00f6z Hareketleriyle \u00c7al\u0131\u015fan Tekerlekli Sandalye<\/a><\/strong><\/p>\n\n\n\n<p class=\"has-normal-font-size\">ODT\u00dc&#8217;l\u00fc bilim insanlar\u0131, hi\u00e7bir fiziksel temas gerektirmeden sadece g\u00f6z hareketleri ile kullan\u0131labilen tekerlekli sandalye teknolojisi geli\u015ftirdi. ODT\u00dc&#8217;de engelli bireylerin hayat\u0131n\u0131 normalle\u015ftirmek ve kolayla\u015ft\u0131rmak i\u00e7in sadece g\u00f6z hareketleri ile kullan\u0131labilen&#8230;<\/p>\n\n\n\n<div style=\"text-align:center\" class=\"wp-block-atomic-blocks-ab-button ab-block-button\"><a href=\"https:\/\/www.aa.com.tr\/tr\/bilim-teknoloji\/odtuden-goz-hareketleriyle-calisan-tekerlekli-sandalye\/1134042\" target=\"_blank\" rel=\"noopener noreferrer\" class=\"ab-button ab-button-shape-rounded ab-button-size-medium\" style=\"color:#ffffff;background-color:#bf1e2e\">Haberin Devam\u0131<\/a><\/div>\n<\/div><\/div>\n<\/div><\/div>\n\n\n\n<div style=\"height:20px\" aria-hidden=\"true\" class=\"wp-block-spacer\"><\/div>\n\n\n\n<div class=\"wp-block-atomic-blocks-ab-columns ab-layout-columns-2 ab-2-col-wideright ab-has-custom-background-color aligncenter\" style=\"padding-top:20px;padding-right:20px;padding-left:20px;background-color:#fafafa\"><div class=\"ab-layout-column-wrap ab-block-layout-column-gap-2 ab-is-responsive-column\">\n<div class=\"wp-block-atomic-blocks-ab-column ab-block-layout-column ab-is-vertically-aligned-center\"><div class=\"ab-block-layout-column-inner\" style=\"text-align:left\">\n<figure class=\"wp-block-image size-large is-style-default\"><a href=\"https:\/\/www.dunyahalleri.com\/ankaradan-oyunlastirilmis-goz-egzersizleri\/\" target=\"_blank\" rel=\"noopener noreferrer\"><img loading=\"lazy\" width=\"990\" height=\"556\" src=\"https:\/\/eyesoft.com.tr\/wp-content\/uploads\/2020\/09\/oyunlastirilmis.jpg\" alt=\"\" class=\"wp-image-418\" srcset=\"https:\/\/eyesoft.com.tr\/wp-content\/uploads\/2020\/09\/oyunlastirilmis.jpg 990w, https:\/\/eyesoft.com.tr\/wp-content\/uploads\/2020\/09\/oyunlastirilmis-300x168.jpg 300w, https:\/\/eyesoft.com.tr\/wp-content\/uploads\/2020\/09\/oyunlastirilmis-768x431.jpg 768w, https:\/\/eyesoft.com.tr\/wp-content\/uploads\/2020\/09\/oyunlastirilmis-640x360.jpg 640w\" sizes=\"(max-width: 990px) 100vw, 990px\" \/><\/a><\/figure>\n<\/div><\/div>\n\n\n\n<div class=\"wp-block-atomic-blocks-ab-column ab-block-layout-column ab-is-vertically-aligned-center\"><div class=\"ab-block-layout-column-inner\">\n<p style=\"font-size:22px\"><strong><a href=\"https:\/\/www.dunyahalleri.com\/ankaradan-oyunlastirilmis-goz-egzersizleri\/\" target=\"_blank\" rel=\"noreferrer noopener\">Ankara\u2019dan: Oyunla\u015ft\u0131r\u0131lm\u0131\u015f G\u00f6z Egzersizleri<\/a><\/strong><\/p>\n\n\n\n<p class=\"has-normal-font-size\">Otomotiv sekt\u00f6r\u00fcnden pazar ara\u015ft\u0131rmalar\u0131na kadar bir\u00e7ok alanda s\u0131kl\u0131kla kar\u015f\u0131m\u0131za \u00e7\u0131kan&nbsp;<strong>g\u00f6z takip teknolojisinin<\/strong>&nbsp;sa\u011fl\u0131k alan\u0131ndaki uygulamalar\u0131n\u0131 g\u00f6rd\u00fck\u00e7e, insan v\u00fccudunun gelece\u011fiyle ilgili heyecanlanmamak elde de\u011fil. Orta Do\u011fu Teknik \u00dcniversitesi Bilgisayar ve \u00d6\u011fretim&#8230;<\/p>\n\n\n\n<div style=\"text-align:center\" class=\"wp-block-atomic-blocks-ab-button ab-block-button\"><a href=\"https:\/\/www.dunyahalleri.com\/ankaradan-oyunlastirilmis-goz-egzersizleri\/\" target=\"_blank\" rel=\"noopener noreferrer\" class=\"ab-button ab-button-shape-rounded ab-button-size-medium\" style=\"color:#ffffff;background-color:#bf1e2e\">Haberin Devam\u0131<\/a><\/div>\n<\/div><\/div>\n<\/div><\/div>\n\n\n\n<div style=\"height:20px\" aria-hidden=\"true\" class=\"wp-block-spacer\"><\/div>\n\n\n\n<div class=\"wp-block-atomic-blocks-ab-columns ab-layout-columns-2 ab-2-col-wideright ab-has-custom-background-color aligncenter\" style=\"padding-top:20px;padding-right:20px;padding-left:20px;background-color:#fafafa\"><div class=\"ab-layout-column-wrap ab-block-layout-column-gap-2 ab-is-responsive-column\">\n<div class=\"wp-block-atomic-blocks-ab-column ab-block-layout-column ab-is-vertically-aligned-center\"><div class=\"ab-block-layout-column-inner\" style=\"text-align:left\">\n<figure class=\"wp-block-image size-large is-style-default\"><a href=\"https:\/\/www.memleket.com.tr\/top-patlattikca-gozler-iyilesecek-934248h.htm\" target=\"_blank\" rel=\"noopener noreferrer\"><img loading=\"lazy\" width=\"743\" height=\"419\" src=\"https:\/\/eyesoft.com.tr\/wp-content\/uploads\/2020\/09\/top-e1601473234530-edited-2.jpg\" alt=\"\" class=\"wp-image-499\" srcset=\"https:\/\/eyesoft.com.tr\/wp-content\/uploads\/2020\/09\/top-e1601473234530-edited-2.jpg 743w, https:\/\/eyesoft.com.tr\/wp-content\/uploads\/2020\/09\/top-e1601473234530-edited-2-300x169.jpg 300w, https:\/\/eyesoft.com.tr\/wp-content\/uploads\/2020\/09\/top-e1601473234530-edited-2-640x360.jpg 640w\" sizes=\"(max-width: 743px) 100vw, 743px\" \/><\/a><\/figure>\n<\/div><\/div>\n\n\n\n<div class=\"wp-block-atomic-blocks-ab-column ab-block-layout-column ab-is-vertically-aligned-center\"><div class=\"ab-block-layout-column-inner\">\n<p style=\"font-size:22px\"><strong><a href=\"http:\/\/memleket.com.tr\/top-patlattikca-gozler-iyilesecek-934248h.htm\" target=\"_blank\" rel=\"noreferrer noopener\">Top Patlatt\u0131k\u00e7a G\u00f6zler \u0130yile\u015fecek<\/a><\/strong><\/p>\n\n\n\n<p class=\"has-normal-font-size\">ODT\u00dc\u2019de, k\u0131smi g\u00f6rme engellilerin tedavisi ve g\u00f6rme yetisinin \u00f6l\u00e7\u00fclmesi amac\u0131yla oyun temelli rehabilitasyon sistemi geli\u015ftirildi. Mevcut y\u00f6ntemlere g\u00f6re bir \u00e7ok avantaj\u0131 olan bulu\u015f sayesinde, bilgisayar \u00fczerinden top patlatma oyunu ile g\u00f6z egzersizleri kolayca yap\u0131labiliyor&#8230;<\/p>\n\n\n\n<div style=\"text-align:center\" class=\"wp-block-atomic-blocks-ab-button ab-block-button\"><a href=\"https:\/\/www.memleket.com.tr\/top-patlattikca-gozler-iyilesecek-934248h.htm\" target=\"_blank\" rel=\"noopener noreferrer\" class=\"ab-button ab-button-shape-rounded ab-button-size-medium\" style=\"color:#ffffff;background-color:#bf1e2e\">Haberin Devam\u0131<\/a><\/div>\n<\/div><\/div>\n<\/div><\/div>\n\n\n\n<div style=\"height:20px\" aria-hidden=\"true\" class=\"wp-block-spacer\"><\/div>\n\n\n\n<div class=\"wp-container-2 wp-block-group\"><div class=\"wp-block-group__inner-container\">\n<p class=\"has-text-color\" style=\"color:#bf1e2e;font-size:38px\"><strong>\u00d6d\u00fcllerimiz<\/strong><\/p>\n<\/div><\/div>\n\n\n\n<div class=\"wp-block-columns\">\n<div class=\"wp-block-column\">\n<figure class=\"wp-block-image size-large\"><img loading=\"lazy\" width=\"473\" height=\"1024\" src=\"https:\/\/eyesoft.com.tr\/wp-content\/uploads\/2020\/09\/odtu-473x1024.jpg\" alt=\"\" class=\"wp-image-423\" srcset=\"https:\/\/eyesoft.com.tr\/wp-content\/uploads\/2020\/09\/odtu-473x1024.jpg 473w, https:\/\/eyesoft.com.tr\/wp-content\/uploads\/2020\/09\/odtu-139x300.jpg 139w, https:\/\/eyesoft.com.tr\/wp-content\/uploads\/2020\/09\/odtu-709x1536.jpg 709w, https:\/\/eyesoft.com.tr\/wp-content\/uploads\/2020\/09\/odtu.jpg 739w\" sizes=\"(max-width: 473px) 100vw, 473px\" \/><\/figure>\n\n\n\n<p class=\"has-text-align-center has-normal-font-size\"><\/p>\n<\/div>\n\n\n\n<div class=\"wp-block-column\">\n<figure class=\"wp-block-image size-large\"><img loading=\"lazy\" width=\"473\" height=\"1024\" src=\"https:\/\/eyesoft.com.tr\/wp-content\/uploads\/2020\/09\/doktor-473x1024.jpg\" alt=\"\" class=\"wp-image-424\" srcset=\"https:\/\/eyesoft.com.tr\/wp-content\/uploads\/2020\/09\/doktor-473x1024.jpg 473w, https:\/\/eyesoft.com.tr\/wp-content\/uploads\/2020\/09\/doktor-139x300.jpg 139w, https:\/\/eyesoft.com.tr\/wp-content\/uploads\/2020\/09\/doktor-709x1536.jpg 709w, https:\/\/eyesoft.com.tr\/wp-content\/uploads\/2020\/09\/doktor.jpg 739w\" sizes=\"(max-width: 473px) 100vw, 473px\" \/><\/figure>\n\n\n\n<p class=\"has-text-align-center has-normal-font-size\"><\/p>\n<\/div>\n\n\n\n<div class=\"wp-block-column\">\n<figure class=\"wp-block-image size-large is-style-default\"><img loading=\"lazy\" width=\"472\" height=\"1024\" src=\"https:\/\/eyesoft.com.tr\/wp-content\/uploads\/2022\/11\/AnkaraStartupZirvesi-472x1024.jpeg\" alt=\"\" class=\"wp-image-1463\" srcset=\"https:\/\/eyesoft.com.tr\/wp-content\/uploads\/2022\/11\/AnkaraStartupZirvesi-472x1024.jpeg 472w, https:\/\/eyesoft.com.tr\/wp-content\/uploads\/2022\/11\/AnkaraStartupZirvesi-138x300.jpeg 138w, https:\/\/eyesoft.com.tr\/wp-content\/uploads\/2022\/11\/AnkaraStartupZirvesi-708x1536.jpeg 708w, https:\/\/eyesoft.com.tr\/wp-content\/uploads\/2022\/11\/AnkaraStartupZirvesi.jpeg 738w\" sizes=\"(max-width: 472px) 100vw, 472px\" \/><\/figure>\n\n\n\n<p class=\"has-text-align-center has-normal-font-size\"><\/p>\n<\/div>\n<\/div>\n\n\n\n<figure class=\"wp-block-image size-large is-resized is-style-default\"><img loading=\"lazy\" src=\"https:\/\/eyesoft.com.tr\/wp-content\/uploads\/2026\/04\/doktorclubawards-472x1024.png\" alt=\"\" class=\"wp-image-1948\" width=\"354\" height=\"768\" srcset=\"https:\/\/eyesoft.com.tr\/wp-content\/uploads\/2026\/04\/doktorclubawards-472x1024.png 472w, https:\/\/eyesoft.com.tr\/wp-content\/uploads\/2026\/04\/doktorclubawards-138x300.png 138w, https:\/\/eyesoft.com.tr\/wp-content\/uploads\/2026\/04\/doktorclubawards-768x1666.png 768w, https:\/\/eyesoft.com.tr\/wp-content\/uploads\/2026\/04\/doktorclubawards-708x1536.png 708w, https:\/\/eyesoft.com.tr\/wp-content\/uploads\/2026\/04\/doktorclubawards-944x2048.png 944w, https:\/\/eyesoft.com.tr\/wp-content\/uploads\/2026\/04\/doktorclubawards.png 1770w\" sizes=\"(max-width: 354px) 100vw, 354px\" \/><\/figure>\n","protected":false},"excerpt":{"rendered":"<p>\u00d6d\u00fcllerimiz<\/p>\n","protected":false},"author":1,"featured_media":0,"parent":0,"menu_order":0,"comment_status":"closed","ping_status":"closed","template":"","meta":{"neve_meta_sidebar":"","neve_meta_container":"","neve_meta_enable_content_width":"","neve_meta_content_width":0,"neve_meta_title_alignment":"","neve_meta_author_avatar":"","neve_post_elements_order":"","neve_meta_disable_header":"","neve_meta_disable_footer":"","neve_meta_disable_title":"","spay_email":""},"featured_image_src":null,"featured_image_src_square":null,"_links":{"self":[{"href":"https:\/\/eyesoft.com.tr\/index.php\/wp-json\/wp\/v2\/pages\/266"}],"collection":[{"href":"https:\/\/eyesoft.com.tr\/index.php\/wp-json\/wp\/v2\/pages"}],"about":[{"href":"https:\/\/eyesoft.com.tr\/index.php\/wp-json\/wp\/v2\/types\/page"}],"author":[{"embeddable":true,"href":"https:\/\/eyesoft.com.tr\/index.php\/wp-json\/wp\/v2\/users\/1"}],"replies":[{"embeddable":true,"href":"https:\/\/eyesoft.com.tr\/index.php\/wp-json\/wp\/v2\/comments?post=266"}],"version-history":[{"count":40,"href":"https:\/\/eyesoft.com.tr\/index.php\/wp-json\/wp\/v2\/pages\/266\/revisions"}],"predecessor-version":[{"id":1952,"href":"https:\/\/eyesoft.com.tr\/index.php\/wp-json\/wp\/v2\/pages\/266\/revisions\/1952"}],"wp:attachment":[{"href":"https:\/\/eyesoft.com.tr\/index.php\/wp-json\/wp\/v2\/media?parent=266"}],"curies":[{"name":"wp","href":"https:\/\/api.w.org\/{rel}","templated":true}]}}