{"id":270,"date":"2020-09-23T16:31:18","date_gmt":"2020-09-23T13:31:18","guid":{"rendered":"http:\/\/eyesoft.com.tr\/?page_id=270"},"modified":"2023-08-17T10:56:44","modified_gmt":"2023-08-17T07:56:44","slug":"iletisim","status":"publish","type":"page","link":"https:\/\/eyesoft.com.tr\/index.php\/iletisim\/","title":{"rendered":"\u0130leti\u015fim"},"content":{"rendered":"\n<div class=\"wp-block-columns\">\n<div class=\"wp-block-column\">\n<h3 class=\"has-text-align-center\"> Adres: <\/h3>\n\n\n\n<p class=\"has-text-align-center\"><strong><strong>Mustafa Kemal Mah. 2082. Cad.<\/strong><br><strong>ODT\u00dc Teknokent MET Yerle\u015fkesi No:54b<\/strong><br><strong>\u00c7ankaya &#8211; ANKARA<\/strong><\/strong><\/p>\n<\/div>\n\n\n\n<div class=\"wp-block-column\">\n<h3 class=\"has-text-align-center\">E-posta:<\/h3>\n\n\n\n<p class=\"has-text-align-center\"><strong> info@eyesoft.com.tr <\/strong><\/p>\n<\/div>\n\n\n\n<div class=\"wp-block-column\">\n<h3 class=\"has-text-align-center\">Telefon:<\/h3>\n\n\n\n<p class=\"has-text-align-center\"><strong> 0552 393 7638 <\/strong><\/p>\n<\/div>\n<\/div>\n\n\n\n<div class=\"wp-container-1 wp-block-group\"><div class=\"wp-block-group__inner-container\"><\/div><\/div>\n\n\n\n<h2>\u0130leti\u015fim Formu<\/h2>\n\n\n\r\n<style type=\"text\/css\">\r\n\r\nbody #wpforms-810 {\r\nbackground-color:#fcfcfc ;border-width:2px ;border-color:#c4c4c4 ;border-style:ridge ;border-radius:5px ;-web-border-radius:5px ;-moz-border-radius:5px ;font-family:inherit;}\r\n\r\n\r\n\tbody #wpforms-810 .wpforms-head-container .wpforms-title {\r\n\ttext-align:left ;\t}\r\n\r\n\r\n\r\n\tbody #wpforms-810 .wpforms-submit-container .wpforms-submit, body #wpforms-810 .wpforms-field-pagebreak button.wpforms-page-button {\r\n\t\tfont-weight: bold;text-align:left ;color:#a0d67a ;background-color:#ffffff ;margin:0px 0px 20px 300px ;padding:7px 11px 7px 11px ;border-width:2px ;border-color:#81d742 ;border-style:solid ;border-radius:12px ;-web-border-radius:12px ;-moz-border-radius:12px ;\t\t\t}\r\n\tbody #wpforms-810 .wpforms-submit-container .wpforms-submit:hover, body #wpforms-810 .wpforms-field-pagebreak button.wpforms-page-button:hover {\r\n\tbackground-color:#f9f9f9;\tcolor:#81d742;\t}\r\n\tbody #wpforms-810 .wpforms-submit-container,body #wpforms-810 .wpforms-field-pagebreak .wpforms-pagebreak-left{\r\n\ttext-align:left;\t}\r\n\r\n\r\n\tbody #wpforms-810 .wpforms-form .wpforms-field input[type=text],\r\n\tbody #wpforms-810 .wpforms-form .wpforms-field input[type=email],\r\n\tbody #wpforms-810 .wpforms-form .wpforms-field input[type=tel],\r\n\tbody #wpforms-810 .wpforms-form .wpforms-field input[type=url],\r\n\tbody #wpforms-810 .wpforms-form .wpforms-field input[type=password],\r\n\tbody #wpforms-810 .wpforms-form .wpforms-field input[type=number]\r\n\t{\r\n\t\theight:45px ;color:#0a0a0a ;font-size:16px;width:540px ;margin:5px 5px 5px 250px ;padding:0px 0px 0px 15px ;border-width:1px ;border-radius:12px ;-web-border-radius:12px ;-moz-border-radius:12px ;\t\tmax-width:100% ;\t}\r\n\tbody #wpforms-810 .wpforms-form .wpforms-field .wpforms-field-row\r\n\t{\r\n\t\twidth:540px; max-width:100%; \t}\r\n\t\r\n\r\n\tbody #wpforms-810 .wpforms-form .wpforms-field textarea {\r\n\t\tfont-size:16px;margin:5px 5px 5px 250px ;padding:10px 0px 0px 15px ;border-radius:12px ;-web-border-radius:12px ;-moz-border-radius:12px ;\t\t\tborder-width: 1px;\t\t\r\n\t}\r\n\r\n\r\n \r\n\tbody #wpforms-810 .wpforms-form .wpforms-field label.wpforms-field-label {\r\n\t\tfont-weight: bold;color:#6d6d6d ;padding:5px 0px 0px 250px ;\t}\r\n\r\n\/* Styling for Tablets *\/\r\n@media only screen and (max-width: 800px) and (min-width:481px) {\r\n\t\r\n\r\n\r\n\r\n}\r\n\r\n@media only screen and (max-width: 480px){\r\n\t\r\n\r\n\r\n\r\n}\r\n\/*Option to add custom CSS *\/\r\n\r\n#wpforms-submit-810{\n    box-shadow: 0 6px 10px -5px rgba(0,0,0,0.4);\n}\n#wpforms-810-field_2{\n  box-shadow: 0 6px 10px -5px rgba(0,0,0,0.4);\n}\n#wpforms-810-field_0{\n box-shadow: 0 6px 10px -5px rgba(0,0,0,0.4);\n}\n#wpforms-810-field_1{\n box-shadow: 0 6px 10px -5px rgba(0,0,0,0.4);\n}\n.wpforms-container .sfwf-selected-field {\n    outline: none !important;\n}\n@media only screen and (max-width: 780px) {\nbody #wpforms-810 .wpforms-form .wpforms-field input[type=text], body #wpforms-810 .wpforms-form .wpforms-field input[type=email], body #wpforms-810 .wpforms-form .wpforms-field input[type=tel], body #wpforms-810 .wpforms-form .wpforms-field input[type=url], body #wpforms-810 .wpforms-form .wpforms-field input[type=password], body #wpforms-810 .wpforms-form .wpforms-field input[type=number] {\n    height: 45px;\n    color: #0a0a0a;\n    font-size: 16px;\n    width: 200px;\n    margin: 5px 5px 5px 50px;\n    padding: 0px 0px 0px 5px;\n    border-width: 1px;\n    border-style: solid;\n    border-radius: 12px;\n    -web-border-radius: 12px;\n    -moz-border-radius: 12px;\n    max-width: 100%;\n}\n\ndiv.wpforms-container-full .wpforms-form .wpforms-one-half, div.wpforms-container-full .wpforms-form .wpforms-three-sixths, div.wpforms-container-full .wpforms-form .wpforms-two-fourths {\n    width: auto;\n}\n\nbody #wpforms-810 .wpforms-form .wpforms-field label.wpforms-field-label {\n    font-weight: bold;\n    color: #6d6d6d;\n    padding: 5px 0px 0px 50px;\n}\n\nbody #wpforms-810 .wpforms-form .wpforms-field textarea {\n    font-size: 16px;\n    margin: 5px 5px 5px 50px;\n    padding: 10px 0px 0px 15px;\n    border-radius: 12px;\n    -web-border-radius: 12px;\n    -moz-border-radius: 12px;\n    border-width: 1px;\n}\n\nbody #wpforms-810 .wpforms-submit-container .wpforms-submit, body #wpforms-810 .wpforms-field-pagebreak button.wpforms-page-button {\n    font-weight: bold;\n    text-align: left;\n    color: #aed6a2;\n    background-color: #ffffff;\n    margin: 0px 0px 20px 130px;\n    padding: 7px 11px 7px 11px;\n    border-width: 2px;\n    border-color: #aed6a2;\n    border-style: solid;\n    border-radius: 40px;\n    -web-border-radius: 40px;\n    -moz-border-radius: 40px;\n}\n}\r\n\r\n\r\n\t\t<\/style>\r\n\t\t<div class=\"wpforms-container wpforms-container-full\" id=\"wpforms-810\"><form id=\"wpforms-form-810\" class=\"wpforms-validate wpforms-form wpforms-ajax-form\" data-formid=\"810\" method=\"post\" enctype=\"multipart\/form-data\" action=\"\/index.php\/wp-json\/wp\/v2\/pages\/270\" data-token=\"24011d6ce9b1e8575f91f36f848914de\"><noscript class=\"wpforms-error-noscript\">Please enable JavaScript in your browser to complete this form.<\/noscript><div class=\"wpforms-field-container\"><div id=\"wpforms-810-field_0-container\" class=\"wpforms-field wpforms-field-name wpforms-two-fourths\" data-field-id=\"0\"><label class=\"wpforms-field-label\" for=\"wpforms-810-field_0\">Ad Soyad : <span class=\"wpforms-required-label\">*<\/span><\/label><input type=\"text\" id=\"wpforms-810-field_0\" class=\"wpforms-field-medium wpforms-field-required\" name=\"wpforms[fields][0]\" required><\/div><div id=\"wpforms-810-field_1-container\" class=\"wpforms-field wpforms-field-email wpforms-two-fourths\" data-field-id=\"1\"><label class=\"wpforms-field-label\" for=\"wpforms-810-field_1\">Email : <span class=\"wpforms-required-label\">*<\/span><\/label><input type=\"email\" id=\"wpforms-810-field_1\" class=\"wpforms-field-medium wpforms-field-required\" name=\"wpforms[fields][1]\" required><\/div><div id=\"wpforms-810-field_2-container\" class=\"wpforms-field wpforms-field-textarea wpforms-two-fourths\" data-field-id=\"2\"><label class=\"wpforms-field-label\" for=\"wpforms-810-field_2\">Mesaj : <span class=\"wpforms-required-label\">*<\/span><\/label><textarea id=\"wpforms-810-field_2\" class=\"wpforms-field-medium wpforms-field-required\" name=\"wpforms[fields][2]\" required><\/textarea><\/div><\/div><div class=\"wpforms-recaptcha-container wpforms-is-recaptcha\"><div class=\"g-recaptcha\" data-sitekey=\"6LdijpEpAAAAAN-dviTN3I-UQAdLR1NGaVghPR66\"><\/div><input type=\"text\" name=\"g-recaptcha-hidden\" class=\"wpforms-recaptcha-hidden\" style=\"position:absolute!important;clip:rect(0,0,0,0)!important;height:1px!important;width:1px!important;border:0!important;overflow:hidden!important;padding:0!important;margin:0!important;\" required><\/div><div class=\"wpforms-submit-container\"><input type=\"hidden\" name=\"wpforms[id]\" value=\"810\"><input type=\"hidden\" name=\"wpforms[author]\" value=\"1\"><button type=\"submit\" name=\"wpforms[submit]\" id=\"wpforms-submit-810\" class=\"wpforms-submit\" data-alt-text=\"G\u00f6nderiliyor..\" data-submit-text=\"G\u00f6nder\" aria-live=\"assertive\" value=\"wpforms-submit\">G\u00f6nder<\/button><img src=\"https:\/\/eyesoft.com.tr\/wp-content\/plugins\/wpforms-lite\/assets\/images\/submit-spin.svg\" class=\"wpforms-submit-spinner\" style=\"display: none;\" width=\"26\" height=\"26\" alt=\"\"><\/div><\/form><\/div>  <!-- .wpforms-container -->\n\n\n\n<iframe loading=\"lazy\" src=\"https:\/\/www.google.com\/maps\/embed?pb=!1m18!1m12!1m3!1d3060.9071892210122!2d32.7737294156376!3d39.89871019490413!2m3!1f0!2f0!3f0!3m2!1i1024!2i768!4f13.1!3m3!1m2!1s0x14d34630809bfe35%3A0x4d91ebd3013f94e9!2zRVlFU09GVCBCaWxpxZ9pbSBFxJ9pdGltIFlhecSxbmPEsWzEsWsgxLBsZXRpxZ9pbSB2ZSBEYW7EscWfbWFubMSxaw!5e0!3m2!1str!2str!4v1601385341287!5m2!1str!2str\" width=\"100%\" height=\"450\" frameborder=\"0\" style=\"border:0;\" allowfullscreen=\"\" aria-hidden=\"false\" tabindex=\"0\"><\/iframe>\n","protected":false},"excerpt":{"rendered":"<p>Adres: Mustafa Kemal Mah. 2082. Cad.ODT\u00dc Teknokent MET Yerle\u015fkesi No:54b\u00c7ankaya &#8211; ANKARA E-posta: info@eyesoft.com.tr Telefon: 0552 393 7638 \u0130leti\u015fim Formu<\/p>\n","protected":false},"author":1,"featured_media":0,"parent":0,"menu_order":0,"comment_status":"closed","ping_status":"closed","template":"","meta":{"neve_meta_sidebar":"","neve_meta_container":"contained","neve_meta_enable_content_width":"","neve_meta_content_width":0,"neve_meta_title_alignment":"","neve_meta_author_avatar":"","neve_post_elements_order":"","neve_meta_disable_header":"","neve_meta_disable_footer":"","neve_meta_disable_title":"","spay_email":""},"featured_image_src":null,"featured_image_src_square":null,"_links":{"self":[{"href":"https:\/\/eyesoft.com.tr\/index.php\/wp-json\/wp\/v2\/pages\/270"}],"collection":[{"href":"https:\/\/eyesoft.com.tr\/index.php\/wp-json\/wp\/v2\/pages"}],"about":[{"href":"https:\/\/eyesoft.com.tr\/index.php\/wp-json\/wp\/v2\/types\/page"}],"author":[{"embeddable":true,"href":"https:\/\/eyesoft.com.tr\/index.php\/wp-json\/wp\/v2\/users\/1"}],"replies":[{"embeddable":true,"href":"https:\/\/eyesoft.com.tr\/index.php\/wp-json\/wp\/v2\/comments?post=270"}],"version-history":[{"count":22,"href":"https:\/\/eyesoft.com.tr\/index.php\/wp-json\/wp\/v2\/pages\/270\/revisions"}],"predecessor-version":[{"id":1644,"href":"https:\/\/eyesoft.com.tr\/index.php\/wp-json\/wp\/v2\/pages\/270\/revisions\/1644"}],"wp:attachment":[{"href":"https:\/\/eyesoft.com.tr\/index.php\/wp-json\/wp\/v2\/media?parent=270"}],"curies":[{"name":"wp","href":"https:\/\/api.w.org\/{rel}","templated":true}]}}