{"id":7,"date":"2018-05-02T18:13:43","date_gmt":"2018-05-02T15:13:43","guid":{"rendered":"http:\/\/eyesoft.com.tr\/?page_id=7"},"modified":"2022-01-21T12:30:20","modified_gmt":"2022-01-21T09:30:20","slug":"home","status":"publish","type":"page","link":"https:\/\/eyesoft.com.tr\/","title":{"rendered":"Anasayfa"},"content":{"rendered":"\t\t<div data-elementor-type=\"wp-page\" data-elementor-id=\"7\" class=\"elementor elementor-7\" data-elementor-settings=\"[]\">\n\t\t\t\t\t\t\t<div class=\"elementor-section-wrap\">\n\t\t\t\t\t\t\t<section class=\"elementor-section elementor-top-section elementor-element elementor-element-13285eaa elementor-section-boxed elementor-section-height-default elementor-section-height-default\" data-id=\"13285eaa\" data-element_type=\"section\">\n\t\t\t\t\t\t<div class=\"elementor-container elementor-column-gap-default\">\n\t\t\t\t\t<div class=\"elementor-column elementor-col-100 elementor-top-column elementor-element elementor-element-696791d1\" data-id=\"696791d1\" data-element_type=\"column\">\n\t\t\t<div class=\"elementor-widget-wrap elementor-element-populated\">\n\t\t\t\t\t\t\t\t<div class=\"elementor-element elementor-element-60449ca0 elementor-widget elementor-widget-text-editor\" data-id=\"60449ca0\" data-element_type=\"widget\" data-widget_type=\"text-editor.default\">\n\t\t\t\t<div class=\"elementor-widget-container\">\n\t\t\t<style>\/*! elementor - v3.5.6 - 28-02-2022 *\/\n.elementor-widget-text-editor.elementor-drop-cap-view-stacked .elementor-drop-cap{background-color:#818a91;color:#fff}.elementor-widget-text-editor.elementor-drop-cap-view-framed .elementor-drop-cap{color:#818a91;border:3px solid;background-color:transparent}.elementor-widget-text-editor:not(.elementor-drop-cap-view-default) .elementor-drop-cap{margin-top:8px}.elementor-widget-text-editor:not(.elementor-drop-cap-view-default) .elementor-drop-cap-letter{width:1em;height:1em}.elementor-widget-text-editor .elementor-drop-cap{float:left;text-align:center;line-height:1;font-size:50px}.elementor-widget-text-editor .elementor-drop-cap-letter{display:inline-block}<\/style>\t\t\t\t<!-- wp:shortcode -->\n<p><\/p>\n<!-- \/wp:shortcode --><!-- wp:shortcode -->\n<p>\u00a0<\/p>\n<!-- \/wp:shortcode --><!-- wp:paragraph -->\n<p>\u00a0<\/p>\n<!-- \/wp:paragraph -->\t\t\t\t\t\t<\/div>\n\t\t\t\t<\/div>\n\t\t\t\t\t<\/div>\n\t\t<\/div>\n\t\t\t\t\t\t\t<\/div>\n\t\t<\/section>\n\t\t\t\t<section class=\"elementor-section elementor-top-section elementor-element elementor-element-0adff49 elementor-section-boxed elementor-section-height-default elementor-section-height-default\" data-id=\"0adff49\" data-element_type=\"section\">\n\t\t\t\t\t\t<div class=\"elementor-container elementor-column-gap-default\">\n\t\t\t\t\t<div class=\"elementor-column elementor-col-100 elementor-top-column elementor-element elementor-element-1780481\" data-id=\"1780481\" data-element_type=\"column\">\n\t\t\t<div class=\"elementor-widget-wrap\">\n\t\t\t\t\t\t\t\t\t<\/div>\n\t\t<\/div>\n\t\t\t\t\t\t\t<\/div>\n\t\t<\/section>\n\t\t\t\t<section class=\"elementor-section elementor-top-section elementor-element elementor-element-429abac elementor-section-boxed elementor-section-height-default elementor-section-height-default\" data-id=\"429abac\" data-element_type=\"section\">\n\t\t\t\t\t\t<div class=\"elementor-container elementor-column-gap-default\">\n\t\t\t\t\t<div class=\"elementor-column elementor-col-100 elementor-top-column elementor-element elementor-element-ca7426b\" data-id=\"ca7426b\" data-element_type=\"column\">\n\t\t\t<div class=\"elementor-widget-wrap elementor-element-populated\">\n\t\t\t\t\t\t\t\t<div class=\"elementor-element elementor-element-7201bbf elementor-widget elementor-widget-shortcode\" data-id=\"7201bbf\" data-element_type=\"widget\" data-widget_type=\"shortcode.default\">\n\t\t\t\t<div class=\"elementor-widget-container\">\n\t\t\t\t\t<div class=\"elementor-shortcode\"><div  class=\"lgx_logo_slider_app_wrapper lgx-logo-slider-wp\"><div class=\"lgx-logo-wrapper  nav-position-b-center hover-grayscale\" style=\" background-color:#ffffff;\" ><div class=\"owl-carousel lgx-logo-carousel\"  data-autoplaytimeout=\"2000\"  data-autoplayspeed=\"1000\"  data-margin=\"10\"  data-loop=\"true\"  data-autoplay=\"true\"  data-autoplayhoverpause=\"false\"  data-dots=\"false\"  data-itemlarge=\"5\"  data-itemdesk=\"4\"  data-itemtablet=\"3\"  data-itemmobile=\"2\"  data-navlarge=\"false\"  data-navdesk=\"false\"  data-navtablet=\"false\"  data-navmobile=\"false\"  ><div class=\"item lgx-log-item\" ><div class=\"lgx-logo-item\" ><a href=\"https:\/\/www.metu.edu.tr\/tr\" target=\"_blank\"><img class=\"lgx-logo-img skip-lazy\" src=\"https:\/\/eyesoft.com.tr\/wp-content\/uploads\/2020\/09\/odtulogo-e1600951332204.png\" style=\"max-width: 275px;max-height: 275px;\"   alt=\"\" title=\"Orta Do\u011fu Teknik \u00dcniversitesi\" \/><\/a><\/div><\/div><div class=\"item lgx-log-item\" ><div class=\"lgx-logo-item\" ><a href=\"https:\/\/www.ted.org.tr\/?utm_source=google&#038;utm_medium=cpc&#038;utm_campaign=g-78731121820&#038;utm_content=c-b--t%C3%BCrk%20e%C4%9Fitim%20derne%C4%9Fi-&#038;gclid=CjwKCAiA5t-OBhByEiwAhR-hm2Fz-ZkqG5somEDjI4JmyoWvUe8k0d9l0-gIvSEXpCvXgPU3nf_rhRoCPw8QAvD_BwE\" target=\"_blank\"><img class=\"lgx-logo-img skip-lazy\" src=\"https:\/\/eyesoft.com.tr\/wp-content\/uploads\/2021\/12\/TEDU-.png\" style=\"max-width: 275px;max-height: 275px;\"   alt=\"\" title=\"T\u00fcrk E\u011fitim Derne\u011fi\" \/><\/a><\/div><\/div><div class=\"item lgx-log-item\" ><div class=\"lgx-logo-item\" ><a href=\"https:\/\/doganlartarim.com.tr\/\" target=\"_blank\"><img class=\"lgx-logo-img skip-lazy\" src=\"https:\/\/eyesoft.com.tr\/wp-content\/uploads\/2025\/12\/vertical_TR.png\" style=\"max-width: 275px;max-height: 275px;\"   alt=\"\" title=\"Do\u011fanlar Tar\u0131m\" \/><\/a><\/div><\/div><div class=\"item lgx-log-item\" ><div class=\"lgx-logo-item\" ><a href=\"https:\/\/www.tuseb.gov.tr\/\" target=\"_blank\"><img class=\"lgx-logo-img skip-lazy\" src=\"https:\/\/eyesoft.com.tr\/wp-content\/uploads\/2023\/12\/tuseb-logo-freelogovectors.net_.png\" style=\"max-width: 275px;max-height: 275px;\"   alt=\"\" title=\"T\u00dcSEB\" \/><\/a><\/div><\/div><div class=\"item lgx-log-item\" ><div class=\"lgx-logo-item\" ><a href=\"https:\/\/www.aydin.edu.tr\/tr-tr\/Pages\/default.aspx\" target=\"_blank\"><img class=\"lgx-logo-img skip-lazy\" src=\"https:\/\/eyesoft.com.tr\/wp-content\/uploads\/2023\/11\/Istanbul_Aydin_University_logo.svg_-e1700643442898.png\" style=\"max-width: 275px;max-height: 275px;\"   alt=\"\" title=\"\u0130stanbul Ayd\u0131n \u00dcniversitesi\" \/><\/a><\/div><\/div><div class=\"item lgx-log-item\" ><div class=\"lgx-logo-item\" ><a href=\"https:\/\/www.ing.com\" target=\"_blank\"><img class=\"lgx-logo-img skip-lazy\" src=\"https:\/\/eyesoft.com.tr\/wp-content\/uploads\/2023\/11\/ING_Group_N.V._Logo.svg_.png\" style=\"max-width: 275px;max-height: 275px;\"   alt=\"\" title=\"ING Bank\" \/><\/a><\/div><\/div><div class=\"item lgx-log-item\" ><div class=\"lgx-logo-item\" ><a href=\"https:\/\/www.tki.gov.tr\" target=\"_blank\"><img class=\"lgx-logo-img skip-lazy\" src=\"https:\/\/eyesoft.com.tr\/wp-content\/uploads\/2023\/11\/tki-logo-e1698847345542.png\" style=\"max-width: 275px;max-height: 275px;\"   alt=\"\" title=\"T\u00fcrkiye K\u00f6m\u00fcr \u0130\u015fletmeleri\" \/><\/a><\/div><\/div><div class=\"item lgx-log-item\" ><div class=\"lgx-logo-item\" ><a href=\"https:\/\/ulakbim.tubitak.gov.tr\/en\" target=\"_blank\"><img class=\"lgx-logo-img skip-lazy\" src=\"https:\/\/eyesoft.com.tr\/wp-content\/uploads\/2020\/09\/tubitaklogo.png\" style=\"max-width: 275px;max-height: 275px;\"   alt=\"\" title=\"T\u00dcB\u0130TAK ULAKB\u0130M\" \/><\/a><\/div><\/div><div class=\"item lgx-log-item\" ><div class=\"lgx-logo-item\" ><a href=\"https:\/\/www.zicev.org.tr\/\" target=\"_blank\"><img class=\"lgx-logo-img skip-lazy\" src=\"https:\/\/eyesoft.com.tr\/wp-content\/uploads\/2020\/09\/zicevLogo.png\" style=\"max-width: 275px;max-height: 275px;\"   alt=\"\" title=\"Zi\u00e7ev\" \/><\/a><\/div><\/div><div class=\"item lgx-log-item\" ><div class=\"lgx-logo-item\" ><a href=\"https:\/\/www.undp.org\/\" target=\"_blank\"><img class=\"lgx-logo-img skip-lazy\" src=\"https:\/\/eyesoft.com.tr\/wp-content\/uploads\/2020\/09\/undpLogo.png\" style=\"max-width: 275px;max-height: 275px;\"   alt=\"\" title=\"United Nations Development Programme\" \/><\/a><\/div><\/div><div class=\"item lgx-log-item\" ><div class=\"lgx-logo-item\" ><a href=\"https:\/\/www.dogakoleji.k12.tr\/\" target=\"_blank\"><img class=\"lgx-logo-img skip-lazy\" src=\"https:\/\/eyesoft.com.tr\/wp-content\/uploads\/2020\/09\/dogaLogo.png\" style=\"max-width: 275px;max-height: 275px;\"   alt=\"\" title=\"Do\u011fa Koleji\" \/><\/a><\/div><\/div><div class=\"item lgx-log-item\" ><div class=\"lgx-logo-item\" ><a href=\"https:\/\/www.nielsen.com\/\" target=\"_blank\"><img class=\"lgx-logo-img skip-lazy\" src=\"https:\/\/eyesoft.com.tr\/wp-content\/uploads\/2020\/09\/nielsenLogo.png\" style=\"max-width: 275px;max-height: 275px;\"   alt=\"\" title=\"Nielsen\" \/><\/a><\/div><\/div><div class=\"item lgx-log-item\" ><div class=\"lgx-logo-item\" ><a href=\"https:\/\/www.odtugv.org.tr\/\" target=\"_blank\"><img class=\"lgx-logo-img skip-lazy\" src=\"https:\/\/eyesoft.com.tr\/wp-content\/uploads\/2020\/09\/ogvLogo.png\" style=\"max-width: 275px;max-height: 275px;\"   alt=\"\" title=\"Odt\u00fc Geli\u015ftirme Vakf\u0131\" \/><\/a><\/div><\/div><div class=\"item lgx-log-item\" ><div class=\"lgx-logo-item\" ><a href=\"https:\/\/iiclima.esteri.it\/iic_lima\/es\" target=\"_blank\"><img class=\"lgx-logo-img skip-lazy\" src=\"https:\/\/eyesoft.com.tr\/wp-content\/uploads\/2020\/09\/iidcLogo.png\" style=\"max-width: 275px;max-height: 275px;\"   alt=\"\" title=\"Italian Cultural Institute\" \/><\/a><\/div><\/div><div class=\"item lgx-log-item\" ><div class=\"lgx-logo-item\" ><a href=\"https:\/\/www.baskabirokulmumkun.org\/\" target=\"_blank\"><img class=\"lgx-logo-img skip-lazy\" src=\"https:\/\/eyesoft.com.tr\/wp-content\/uploads\/2020\/09\/bbom-e1641563343468.png\" style=\"max-width: 275px;max-height: 275px;\"   alt=\"\" title=\"Ba\u015fka Bir Okul M\u00fcmk\u00fcn\" \/><\/a><\/div><\/div><div class=\"item lgx-log-item\" ><div class=\"lgx-logo-item\" ><a href=\"https:\/\/tr.korean-culture.org\/tr\" target=\"_blank\"><img class=\"lgx-logo-img skip-lazy\" src=\"https:\/\/eyesoft.com.tr\/wp-content\/uploads\/2021\/12\/Kore.jpg\" style=\"max-width: 275px;max-height: 275px;\"   alt=\"\" title=\"Kore K\u00fclt\u00fcr Merkezi\" \/><\/a><\/div><\/div><div class=\"item lgx-log-item\" ><div class=\"lgx-logo-item\" ><a href=\"http:\/\/www.agu.edu.tr\/\" target=\"_blank\"><img class=\"lgx-logo-img skip-lazy\" src=\"https:\/\/eyesoft.com.tr\/wp-content\/uploads\/2020\/09\/aguLogo.png\" style=\"max-width: 275px;max-height: 275px;\"   alt=\"\" title=\"Abdullah G\u00fcl \u00dcniversitesi\" \/><\/a><\/div><\/div><\/div><\/div><\/div><\/div>\n\t\t\t\t<\/div>\n\t\t\t\t<\/div>\n\t\t\t\t\t<\/div>\n\t\t<\/div>\n\t\t\t\t\t\t\t<\/div>\n\t\t<\/section>\n\t\t\t\t\t\t<\/div>\n\t\t\t\t\t<\/div>\n\t\t","protected":false},"excerpt":{"rendered":"","protected":false},"author":1,"featured_media":0,"parent":0,"menu_order":3,"comment_status":"closed","ping_status":"closed","template":"","meta":{"neve_meta_sidebar":"full-width","neve_meta_container":"","neve_meta_enable_content_width":"","neve_meta_content_width":0,"neve_meta_title_alignment":"","neve_meta_author_avatar":"","neve_post_elements_order":"","neve_meta_disable_header":"off","neve_meta_disable_footer":"","neve_meta_disable_title":"on","spay_email":""},"featured_image_src":null,"featured_image_src_square":null,"_links":{"self":[{"href":"https:\/\/eyesoft.com.tr\/index.php\/wp-json\/wp\/v2\/pages\/7"}],"collection":[{"href":"https:\/\/eyesoft.com.tr\/index.php\/wp-json\/wp\/v2\/pages"}],"about":[{"href":"https:\/\/eyesoft.com.tr\/index.php\/wp-json\/wp\/v2\/types\/page"}],"author":[{"embeddable":true,"href":"https:\/\/eyesoft.com.tr\/index.php\/wp-json\/wp\/v2\/users\/1"}],"replies":[{"embeddable":true,"href":"https:\/\/eyesoft.com.tr\/index.php\/wp-json\/wp\/v2\/comments?post=7"}],"version-history":[{"count":19,"href":"https:\/\/eyesoft.com.tr\/index.php\/wp-json\/wp\/v2\/pages\/7\/revisions"}],"predecessor-version":[{"id":1118,"href":"https:\/\/eyesoft.com.tr\/index.php\/wp-json\/wp\/v2\/pages\/7\/revisions\/1118"}],"wp:attachment":[{"href":"https:\/\/eyesoft.com.tr\/index.php\/wp-json\/wp\/v2\/media?parent=7"}],"curies":[{"name":"wp","href":"https:\/\/api.w.org\/{rel}","templated":true}]}}