{"id":853,"date":"2022-01-12T10:58:15","date_gmt":"2022-01-12T07:58:15","guid":{"rendered":"http:\/\/eyesoft.com.tr\/?page_id=853"},"modified":"2025-11-05T16:41:43","modified_gmt":"2025-11-05T13:41:43","slug":"e-ogrenme","status":"publish","type":"page","link":"https:\/\/eyesoft.com.tr\/index.php\/e-ogrenme\/","title":{"rendered":"E-\u00d6\u011frenme"},"content":{"rendered":"\n<div style=\"height:20px\" aria-hidden=\"true\" class=\"wp-block-spacer\"><\/div>\n\n\n\n<p class=\"has-text-align-left has-medium-font-size\">\u00d6\u011frenme y\u00f6netim sistemleri, etkile\u015fimli e-i\u00e7erik geli\u015ftirme, 2B\/3B tasar\u0131m ve oyunla\u015ft\u0131rma \u00e7al\u0131\u015fmalar\u0131 ile e\u011fitimlerinizi nitelikli hale getirmeyi hedefliyoruz.<\/p>\n\n\n\n<hr class=\"wp-block-separator\"\/>\n\n\n\n<div class=\"wp-block-atomic-blocks-ab-columns ab-layout-columns-2 ab-2-col-equal\"><div class=\"ab-layout-column-wrap ab-block-layout-column-gap-2 ab-is-responsive-column\">\n<div class=\"wp-block-atomic-blocks-ab-column ab-block-layout-column\"><div class=\"ab-block-layout-column-inner\">\n<figure class=\"wp-block-embed is-type-video is-provider-youtube wp-block-embed-youtube wp-embed-aspect-16-9 wp-has-aspect-ratio\"><div class=\"wp-block-embed__wrapper\">\n<div class=\"nv-iframe-embed\"><iframe loading=\"lazy\" title=\"Metaverse Academy\" width=\"1200\" height=\"675\" src=\"https:\/\/www.youtube.com\/embed\/TkPi-n5bfMA?feature=oembed\" frameborder=\"0\" allow=\"accelerometer; autoplay; clipboard-write; encrypted-media; gyroscope; picture-in-picture; web-share\" referrerpolicy=\"strict-origin-when-cross-origin\" allowfullscreen><\/iframe><\/div>\n<\/div><\/figure>\n<\/div><\/div>\n\n\n\n<div class=\"wp-block-atomic-blocks-ab-column ab-block-layout-column ab-is-vertically-aligned-top\"><div class=\"ab-block-layout-column-inner\">\n<h4>Metaverse Academy<\/h4>\n\n\n\n<p class=\"has-text-align-left\">Avrupa Birli\u011fi Erasmus Program\u0131 (ERASMUS-EDU-2023-PI-ALL-INNO-EDU-ENTERP \u2013 Alliances for Education and Enterprises) kapsam\u0131nda finanse edilen Metaverse Academy projesinde art\u0131r\u0131lm\u0131\u015f, sanal ve karma ger\u00e7eklik (AR\/VR\/XR) teknolojilerine odaklanan \u00e7evrim i\u00e7i e-\u00f6\u011frenme platformunun geli\u015ftirmesi.<\/p>\n\n\n\n<div style=\"text-align:center\" class=\"wp-block-atomic-blocks-ab-button ab-block-button\"><a href=\"http:\/\/metaverse-academy.tech\/\" class=\"ab-button ab-button-shape-rounded ab-button-size-medium\" style=\"color:#ffffff;background-color:var(--nv-primary-accent)\">Metaverse Academy<\/a><\/div>\n<\/div><\/div>\n<\/div><\/div>\n\n\n\n<hr class=\"wp-block-separator is-style-wide\"\/>\n\n\n\n<div class=\"wp-block-atomic-blocks-ab-columns ab-layout-columns-2 ab-2-col-equal has-nv-site-bg-background-color aligncenter\" style=\"padding-top:20px;padding-right:20px;padding-left:20px\"><div class=\"ab-layout-column-wrap ab-block-layout-column-gap-2 ab-is-responsive-column\">\n<div class=\"wp-block-atomic-blocks-ab-column ab-block-layout-column ab-is-vertically-aligned-bottom\"><div class=\"ab-block-layout-column-inner\" style=\"text-align:left\">\n<div class=\"wp-block-image is-style-default\"><figure class=\"aligncenter size-large\"><img loading=\"lazy\" width=\"1024\" height=\"409\" src=\"https:\/\/eyesoft.com.tr\/wp-content\/uploads\/2022\/02\/MEB-LOGO-PNG-1024x409.png\" alt=\"\" class=\"wp-image-1306\" srcset=\"https:\/\/eyesoft.com.tr\/wp-content\/uploads\/2022\/02\/MEB-LOGO-PNG-1024x409.png 1024w, https:\/\/eyesoft.com.tr\/wp-content\/uploads\/2022\/02\/MEB-LOGO-PNG-300x120.png 300w, https:\/\/eyesoft.com.tr\/wp-content\/uploads\/2022\/02\/MEB-LOGO-PNG-768x307.png 768w, https:\/\/eyesoft.com.tr\/wp-content\/uploads\/2022\/02\/MEB-LOGO-PNG.png 1181w\" sizes=\"(max-width: 1024px) 100vw, 1024px\" \/><\/figure><\/div>\n<\/div><\/div>\n\n\n\n<div class=\"wp-block-atomic-blocks-ab-column ab-block-layout-column ab-is-vertically-aligned-center\"><div class=\"ab-block-layout-column-inner\">\n<h4 class=\"has-text-align-left\">Milli E\u011fitim Bakanl\u0131\u011f\u0131<\/h4>\n\n\n\n<p class=\"has-text-align-left\">\u00d6zel E\u011fitim ve Rehberlik Hizmetleri Genel M\u00fcd\u00fcrl\u00fc\u011f\u00fc i\u00e7in geli\u015ftirilen T\u00fcrk \u0130\u015faret Dili e\u011fitim portal\u0131<\/p>\n<\/div><\/div>\n<\/div><\/div>\n\n\n\n<hr class=\"wp-block-separator is-style-wide\"\/>\n\n\n\n<div class=\"wp-block-atomic-blocks-ab-columns ab-layout-columns-2 ab-2-col-equal has-nv-site-bg-background-color aligncenter\" style=\"padding-top:20px;padding-right:20px;padding-left:20px\"><div class=\"ab-layout-column-wrap ab-block-layout-column-gap-2 ab-is-responsive-column\">\n<div class=\"wp-block-atomic-blocks-ab-column ab-block-layout-column ab-is-vertically-aligned-bottom\"><div class=\"ab-block-layout-column-inner\" style=\"text-align:left\">\n<div class=\"wp-block-image is-style-default\"><figure class=\"aligncenter size-medium is-resized\"><img loading=\"lazy\" src=\"https:\/\/eyesoft.com.tr\/wp-content\/uploads\/2021\/12\/TEDU--300x288.png\" alt=\"\" class=\"wp-image-670\" width=\"225\" height=\"216\" srcset=\"https:\/\/eyesoft.com.tr\/wp-content\/uploads\/2021\/12\/TEDU--300x288.png 300w, https:\/\/eyesoft.com.tr\/wp-content\/uploads\/2021\/12\/TEDU-.png 402w\" sizes=\"(max-width: 225px) 100vw, 225px\" \/><\/figure><\/div>\n<\/div><\/div>\n\n\n\n<div class=\"wp-block-atomic-blocks-ab-column ab-block-layout-column ab-is-vertically-aligned-center\"><div class=\"ab-block-layout-column-inner\">\n<h4 class=\"has-text-align-left\">TED \u00dcniversitesi<\/h4>\n\n\n\n<p class=\"has-text-align-left has-normal-font-size\">Temel T\u00fcrk\u00e7e (TUR101 &#8211; TUR102) ve temel tarih derslerinin (HIST101 &#8211; HIST102) \u00e7evrim i\u00e7i e-ders olarak tasarlanmas\u0131 ve geli\u015ftirilmesi.<\/p>\n<\/div><\/div>\n<\/div><\/div>\n\n\n\n<hr class=\"wp-block-separator has-text-color has-background has-neve-text-color-background-color has-neve-text-color-color is-style-wide\"\/>\n\n\n\n<div class=\"wp-block-atomic-blocks-ab-columns ab-layout-columns-2 ab-2-col-equal has-nv-site-bg-background-color aligncenter\" style=\"padding-top:20px;padding-right:20px;padding-left:20px\"><div class=\"ab-layout-column-wrap ab-block-layout-column-gap-2 ab-is-responsive-column\">\n<div class=\"wp-block-atomic-blocks-ab-column ab-block-layout-column ab-is-vertically-aligned-bottom\"><div class=\"ab-block-layout-column-inner\" style=\"text-align:left\">\n<div class=\"wp-block-image is-style-default\"><figure class=\"aligncenter size-full is-resized\"><img loading=\"lazy\" src=\"https:\/\/eyesoft.com.tr\/wp-content\/uploads\/2021\/12\/Kore.jpg\" alt=\"\" class=\"wp-image-667\" width=\"225\" height=\"225\" srcset=\"https:\/\/eyesoft.com.tr\/wp-content\/uploads\/2021\/12\/Kore.jpg 225w, https:\/\/eyesoft.com.tr\/wp-content\/uploads\/2021\/12\/Kore-150x150.jpg 150w\" sizes=\"(max-width: 225px) 100vw, 225px\" \/><\/figure><\/div>\n<\/div><\/div>\n\n\n\n<div class=\"wp-block-atomic-blocks-ab-column ab-block-layout-column ab-is-vertically-aligned-center\"><div class=\"ab-block-layout-column-inner\" style=\"text-align:left\">\n<h4 class=\"has-text-align-left\">Kore K\u00fclt\u00fcr Merkezi<\/h4>\n\n\n\n<p class=\"has-text-align-left has-normal-font-size\">Koreceye giri\u015f derslerinin \u00e7evrim i\u00e7i e-ders olarak tasarlanmas\u0131 ve geli\u015ftirilmesi.<\/p>\n<\/div><\/div>\n<\/div><\/div>\n\n\n\n<hr class=\"wp-block-separator has-text-color has-background has-neve-text-color-background-color has-neve-text-color-color is-style-wide\"\/>\n\n\n\n<div class=\"wp-block-atomic-blocks-ab-columns ab-layout-columns-2 ab-2-col-equal has-nv-site-bg-background-color aligncenter\" style=\"padding-top:20px;padding-right:20px;padding-left:20px\"><div class=\"ab-layout-column-wrap ab-block-layout-column-gap-2 ab-is-responsive-column\">\n<div class=\"wp-block-atomic-blocks-ab-column ab-block-layout-column ab-is-vertically-aligned-bottom\"><div class=\"ab-block-layout-column-inner\" style=\"text-align:left\">\n<div class=\"wp-block-image is-style-default\"><figure class=\"aligncenter size-medium\"><img loading=\"lazy\" width=\"300\" height=\"205\" src=\"https:\/\/eyesoft.com.tr\/wp-content\/uploads\/2020\/09\/undpLogo-300x205.png\" alt=\"\" class=\"wp-image-362\" srcset=\"https:\/\/eyesoft.com.tr\/wp-content\/uploads\/2020\/09\/undpLogo-300x205.png 300w, https:\/\/eyesoft.com.tr\/wp-content\/uploads\/2020\/09\/undpLogo.png 746w\" sizes=\"(max-width: 300px) 100vw, 300px\" \/><\/figure><\/div>\n<\/div><\/div>\n\n\n\n<div class=\"wp-block-atomic-blocks-ab-column ab-block-layout-column ab-is-vertically-aligned-center\"><div class=\"ab-block-layout-column-inner\">\n<h4 class=\"has-text-align-left\">UNDP<\/h4>\n\n\n\n<p class=\"has-text-align-left has-normal-font-size\">T\u00fcrkiye\u2019nin Do\u011fu ve Bat\u0131 S\u0131n\u0131rlar\u0131nda S\u0131n\u0131r G\u00f6zetleme Kapasitesinin Art\u0131r\u0131lmas\u0131 Faz I&nbsp;i\u00e7in e\u011fitim i\u00e7eriklerinin ve videolar\u0131n \u00e7evrim i\u00e7i e-ders olarak tasarlanmas\u0131 ve geli\u015ftirilmesi.<\/p>\n\n\n\n<p class=\"has-text-align-left\"><a href=\"https:\/\/ab.gov.tr\/turkiyenin-dogu-ve-bati-sinirlarinda-sinir-gozetleme-kapasitesinin-artirilmasi-faz-i_52303.html\">https:\/\/ab.gov.tr\/turkiyenin-dogu-ve-bati-sinirlarinda-sinir-gozetleme-kapasitesinin-artirilmasi-faz-i_52303.html<\/a><\/p>\n<\/div><\/div>\n<\/div><\/div>\n\n\n\n<div style=\"height:30px\" aria-hidden=\"true\" class=\"wp-block-spacer\"><\/div>\n\n\n\n<p><\/p>\n","protected":false},"excerpt":{"rendered":"<p>\u00d6\u011frenme y\u00f6netim sistemleri, etkile\u015fimli e-i\u00e7erik geli\u015ftirme, 2B\/3B tasar\u0131m ve oyunla\u015ft\u0131rma \u00e7al\u0131\u015fmalar\u0131 ile e\u011fitimlerinizi nitelikli hale getirmeyi hedefliyoruz.<\/p>\n","protected":false},"author":1,"featured_media":0,"parent":0,"menu_order":0,"comment_status":"closed","ping_status":"closed","template":"","meta":{"neve_meta_sidebar":"","neve_meta_container":"contained","neve_meta_enable_content_width":"","neve_meta_content_width":0,"neve_meta_title_alignment":"center","neve_meta_author_avatar":"","neve_post_elements_order":"","neve_meta_disable_header":"","neve_meta_disable_footer":"","neve_meta_disable_title":"","spay_email":""},"featured_image_src":null,"featured_image_src_square":null,"_links":{"self":[{"href":"https:\/\/eyesoft.com.tr\/index.php\/wp-json\/wp\/v2\/pages\/853"}],"collection":[{"href":"https:\/\/eyesoft.com.tr\/index.php\/wp-json\/wp\/v2\/pages"}],"about":[{"href":"https:\/\/eyesoft.com.tr\/index.php\/wp-json\/wp\/v2\/types\/page"}],"author":[{"embeddable":true,"href":"https:\/\/eyesoft.com.tr\/index.php\/wp-json\/wp\/v2\/users\/1"}],"replies":[{"embeddable":true,"href":"https:\/\/eyesoft.com.tr\/index.php\/wp-json\/wp\/v2\/comments?post=853"}],"version-history":[{"count":38,"href":"https:\/\/eyesoft.com.tr\/index.php\/wp-json\/wp\/v2\/pages\/853\/revisions"}],"predecessor-version":[{"id":1837,"href":"https:\/\/eyesoft.com.tr\/index.php\/wp-json\/wp\/v2\/pages\/853\/revisions\/1837"}],"wp:attachment":[{"href":"https:\/\/eyesoft.com.tr\/index.php\/wp-json\/wp\/v2\/media?parent=853"}],"curies":[{"name":"wp","href":"https:\/\/api.w.org\/{rel}","templated":true}]}}