{"id":854,"date":"2022-01-12T10:58:15","date_gmt":"2022-01-12T07:58:15","guid":{"rendered":"http:\/\/eyesoft.com.tr\/?page_id=854"},"modified":"2025-10-20T17:27:07","modified_gmt":"2025-10-20T14:27:07","slug":"ar-vr","status":"publish","type":"page","link":"https:\/\/eyesoft.com.tr\/index.php\/ar-vr\/","title":{"rendered":"AR \/ VR"},"content":{"rendered":"\n<div style=\"height:20px\" aria-hidden=\"true\" class=\"wp-block-spacer\"><\/div>\n\n\n\n<p class=\"has-text-align-left has-medium-font-size\">E\u011fitim ama\u00e7l\u0131 sanal ve artt\u0131r\u0131lm\u0131\u015f ger\u00e7eklik \u00e7al\u0131\u015fmalar\u0131 ile \u00f6\u011frenme s\u00fcrecine yeni bir boyut kat\u0131yoruz.<\/p>\n\n\n\n<hr class=\"wp-block-separator is-style-wide\"\/>\n\n\n\n<div class=\"wp-block-atomic-blocks-ab-columns ab-layout-columns-2 ab-2-col-equal has-nv-site-bg-background-color aligncenter\" style=\"padding-top:20px;padding-right:20px;padding-left:20px\"><div class=\"ab-layout-column-wrap ab-block-layout-column-gap-2 ab-is-responsive-column\">\n<div class=\"wp-block-atomic-blocks-ab-column ab-block-layout-column ab-is-vertically-aligned-bottom\"><div class=\"ab-block-layout-column-inner\" style=\"text-align:left\">\n<figure class=\"wp-block-embed is-type-video is-provider-youtube wp-block-embed-youtube wp-embed-aspect-16-9 wp-has-aspect-ratio\"><div class=\"wp-block-embed__wrapper\">\n<div class=\"nv-iframe-embed\"><iframe loading=\"lazy\" title=\"Eyesoft - VR Showroom\" width=\"1200\" height=\"675\" src=\"https:\/\/www.youtube.com\/embed\/2WklMHXMf9U?feature=oembed\" frameborder=\"0\" allow=\"accelerometer; autoplay; clipboard-write; encrypted-media; gyroscope; picture-in-picture; web-share\" referrerpolicy=\"strict-origin-when-cross-origin\" allowfullscreen><\/iframe><\/div>\n<\/div><\/figure>\n<\/div><\/div>\n\n\n\n<div class=\"wp-block-atomic-blocks-ab-column ab-block-layout-column ab-is-vertically-aligned-center\"><div class=\"ab-block-layout-column-inner\">\n<h3 class=\"has-text-align-left\">VR Showroom<\/h3>\n\n\n\n<p class=\"has-text-align-left\">Bu Meta Quest 3 uygulamas\u0131, kullan\u0131c\u0131y\u0131 sanal bir showroom ortam\u0131na ta\u015f\u0131yarak \u00e7e\u015fitli tar\u0131m ekipmanlar\u0131n\u0131 interaktif bir bi\u00e7imde tan\u0131t\u0131r.<\/p>\n\n\n\n<p class=\"has-text-align-left\">Ekipmanlar\u0131n \u00f6ne \u00e7\u0131kan \u00f6zellikleri, \u00f6zel olarak haz\u0131rlanm\u0131\u015f animasyonlarla vurgulanm\u0131\u015ft\u0131r. <\/p>\n\n\n\n<p class=\"has-text-align-left\">Uygulama tamamen el takibiyle \u00e7al\u0131\u015ft\u0131\u011f\u0131ndan, \u00f6zellikle fuar ve tan\u0131t\u0131m etkinliklerinde kolay kullan\u0131labilir ve etkileyici bir deneyim sunar.<\/p>\n<\/div><\/div>\n<\/div><\/div>\n\n\n\n<hr class=\"wp-block-separator is-style-wide\"\/>\n\n\n\n<div class=\"wp-block-atomic-blocks-ab-columns ab-layout-columns-2 ab-2-col-equal has-nv-site-bg-background-color aligncenter\" style=\"padding-right:20px;padding-bottom:20px;padding-left:20px\"><div class=\"ab-layout-column-wrap ab-block-layout-column-gap-2 ab-is-responsive-column\">\n<div class=\"wp-block-atomic-blocks-ab-column ab-block-layout-column ab-is-vertically-aligned-bottom\"><div class=\"ab-block-layout-column-inner\" style=\"margin-top:1px;text-align:left\">\n<figure class=\"wp-block-embed is-type-video is-provider-youtube wp-block-embed-youtube wp-embed-aspect-16-9 wp-has-aspect-ratio\"><div class=\"wp-block-embed__wrapper\">\n<div class=\"nv-iframe-embed\"><iframe loading=\"lazy\" title=\"Eyesoft - VR Maden Turu\" width=\"1200\" height=\"675\" src=\"https:\/\/www.youtube.com\/embed\/yGE6m9rA5vc?feature=oembed\" frameborder=\"0\" allow=\"accelerometer; autoplay; clipboard-write; encrypted-media; gyroscope; picture-in-picture; web-share\" referrerpolicy=\"strict-origin-when-cross-origin\" allowfullscreen><\/iframe><\/div>\n<\/div><\/figure>\n<\/div><\/div>\n\n\n\n<div class=\"wp-block-atomic-blocks-ab-column ab-block-layout-column ab-is-vertically-aligned-center\"><div class=\"ab-block-layout-column-inner\">\n<h3 class=\"has-text-align-left\">VR Maden Turu<\/h3>\n\n\n\n<p class=\"has-text-align-left\">Bir maden oca\u011f\u0131nda kullan\u0131lan teknolojileri tan\u0131tmak i\u00e7in geli\u015ftirilmi\u015f sanal ger\u00e7eklik uygulamas\u0131d\u0131r.<\/p>\n\n\n\n<p class=\"has-text-align-left\"><br>Maden sahas\u0131 ve makineler birebir modellenmi\u015ftir. Geli\u015ftirdi\u011fimiz maskot ile tan\u0131t\u0131m sa\u011flanm\u0131\u015ft\u0131r. <\/p>\n<\/div><\/div>\n<\/div><\/div>\n\n\n\n<hr class=\"wp-block-separator is-style-wide\"\/>\n\n\n\n<div class=\"wp-block-atomic-blocks-ab-columns ab-layout-columns-2 ab-2-col-equal has-nv-site-bg-background-color aligncenter\" style=\"padding-top:20px;padding-right:20px;padding-left:20px\"><div class=\"ab-layout-column-wrap ab-block-layout-column-gap-2 ab-is-responsive-column\">\n<div class=\"wp-block-atomic-blocks-ab-column ab-block-layout-column ab-is-vertically-aligned-bottom\"><div class=\"ab-block-layout-column-inner\" style=\"text-align:left\">\n<figure class=\"wp-block-embed is-type-video is-provider-youtube wp-block-embed-youtube wp-embed-aspect-16-9 wp-has-aspect-ratio\"><div class=\"wp-block-embed__wrapper\">\n<div class=\"nv-iframe-embed\"><iframe loading=\"lazy\" title=\"Eyesoft - VR \u0130tfaiye E\u011fitimi\" width=\"1200\" height=\"675\" src=\"https:\/\/www.youtube.com\/embed\/cYC8kwBmFpA?feature=oembed\" frameborder=\"0\" allow=\"accelerometer; autoplay; clipboard-write; encrypted-media; gyroscope; picture-in-picture; web-share\" referrerpolicy=\"strict-origin-when-cross-origin\" allowfullscreen><\/iframe><\/div>\n<\/div><\/figure>\n<\/div><\/div>\n\n\n\n<div class=\"wp-block-atomic-blocks-ab-column ab-block-layout-column ab-is-vertically-aligned-center\"><div class=\"ab-block-layout-column-inner\">\n<h3 class=\"has-text-align-left\">VR \u0130tfaiye E\u011fitimi<\/h3>\n\n\n\n<p class=\"has-text-align-left has-normal-font-size\">Kaza yapm\u0131\u015f bir ara\u00e7tan insan kurtarmak i\u00e7in gereken ad\u0131mlar\u0131 \u00f6\u011freten bir sanal ger\u00e7eklik uygulamas\u0131d\u0131r.<\/p>\n\n\n\n<p><\/p>\n<\/div><\/div>\n<\/div><\/div>\n\n\n\n<hr class=\"wp-block-separator is-style-wide\"\/>\n\n\n\n<div class=\"wp-block-atomic-blocks-ab-columns ab-layout-columns-2 ab-2-col-equal has-nv-site-bg-background-color aligncenter\" style=\"padding-top:20px;padding-right:20px;padding-left:20px\"><div class=\"ab-layout-column-wrap ab-block-layout-column-gap-2 ab-is-responsive-column\">\n<div class=\"wp-block-atomic-blocks-ab-column ab-block-layout-column ab-is-vertically-aligned-bottom\"><div class=\"ab-block-layout-column-inner\" style=\"text-align:left\">\n<figure class=\"wp-block-image size-full is-style-default\"><img loading=\"lazy\" width=\"746\" height=\"510\" src=\"https:\/\/eyesoft.com.tr\/wp-content\/uploads\/2020\/09\/zicevLogo.png\" alt=\"\" class=\"wp-image-361\" srcset=\"https:\/\/eyesoft.com.tr\/wp-content\/uploads\/2020\/09\/zicevLogo.png 746w, https:\/\/eyesoft.com.tr\/wp-content\/uploads\/2020\/09\/zicevLogo-300x205.png 300w\" sizes=\"(max-width: 746px) 100vw, 746px\" \/><\/figure>\n<\/div><\/div>\n\n\n\n<div class=\"wp-block-atomic-blocks-ab-column ab-block-layout-column ab-is-vertically-aligned-center\"><div class=\"ab-block-layout-column-inner\">\n<h3 class=\"has-text-align-left\">Zihinsel Yetersiz \u00c7ocuklar\u0131 Yeti\u015ftirme Ve Koruma Vakf\u0131<\/h3>\n\n\n\n<p class=\"has-text-align-left has-normal-font-size\">Zihinsel yetersiz \u00e7ocuklara ya\u015fam becerilerinin kazand\u0131r\u0131lmas\u0131 amac\u0131 ile bili\u015fim teknolojilerin kullan\u0131lmas\u0131:<br>&#8211; Microsoft Hololens ile mesleki beceriler kazand\u0131r\u0131lmas\u0131<br>&#8211; Foto\u011fraf ve video \u00e7ekme \/ i\u015fleme <br>&#8211; 3D yaz\u0131c\u0131 kullan\u0131lmas\u0131<\/p>\n<\/div><\/div>\n<\/div><\/div>\n","protected":false},"excerpt":{"rendered":"<p>E\u011fitim ama\u00e7l\u0131 sanal ve artt\u0131r\u0131lm\u0131\u015f ger\u00e7eklik \u00e7al\u0131\u015fmalar\u0131 ile \u00f6\u011frenme s\u00fcrecine yeni bir boyut kat\u0131yoruz.<\/p>\n","protected":false},"author":1,"featured_media":0,"parent":0,"menu_order":0,"comment_status":"closed","ping_status":"closed","template":"","meta":{"neve_meta_sidebar":"","neve_meta_container":"contained","neve_meta_enable_content_width":"","neve_meta_content_width":0,"neve_meta_title_alignment":"center","neve_meta_author_avatar":"","neve_post_elements_order":"","neve_meta_disable_header":"","neve_meta_disable_footer":"","neve_meta_disable_title":"","spay_email":""},"featured_image_src":null,"featured_image_src_square":null,"_links":{"self":[{"href":"https:\/\/eyesoft.com.tr\/index.php\/wp-json\/wp\/v2\/pages\/854"}],"collection":[{"href":"https:\/\/eyesoft.com.tr\/index.php\/wp-json\/wp\/v2\/pages"}],"about":[{"href":"https:\/\/eyesoft.com.tr\/index.php\/wp-json\/wp\/v2\/types\/page"}],"author":[{"embeddable":true,"href":"https:\/\/eyesoft.com.tr\/index.php\/wp-json\/wp\/v2\/users\/1"}],"replies":[{"embeddable":true,"href":"https:\/\/eyesoft.com.tr\/index.php\/wp-json\/wp\/v2\/comments?post=854"}],"version-history":[{"count":34,"href":"https:\/\/eyesoft.com.tr\/index.php\/wp-json\/wp\/v2\/pages\/854\/revisions"}],"predecessor-version":[{"id":1828,"href":"https:\/\/eyesoft.com.tr\/index.php\/wp-json\/wp\/v2\/pages\/854\/revisions\/1828"}],"wp:attachment":[{"href":"https:\/\/eyesoft.com.tr\/index.php\/wp-json\/wp\/v2\/media?parent=854"}],"curies":[{"name":"wp","href":"https:\/\/api.w.org\/{rel}","templated":true}]}}