{"id":855,"date":"2022-01-12T10:58:15","date_gmt":"2022-01-12T07:58:15","guid":{"rendered":"http:\/\/eyesoft.com.tr\/?page_id=855"},"modified":"2026-04-14T09:35:04","modified_gmt":"2026-04-14T06:35:04","slug":"eye-tracking","status":"publish","type":"page","link":"https:\/\/eyesoft.com.tr\/index.php\/eye-tracking\/","title":{"rendered":"G\u00f6z Takip Sistemleri"},"content":{"rendered":"\n<div style=\"height:20px\" aria-hidden=\"true\" class=\"wp-block-spacer\"><\/div>\n\n\n\n<p class=\"has-medium-font-size\">G\u00f6z hareketleri takibi teknolojileri kullan\u0131larak geli\u015ftirilmi\u015f projeler <\/p>\n\n\n\n<hr class=\"wp-block-separator is-style-wide\"\/>\n\n\n\n<div class=\"wp-block-atomic-blocks-ab-columns ab-layout-columns-2 ab-2-col-equal\"><div class=\"ab-layout-column-wrap ab-block-layout-column-gap-2 ab-is-responsive-column\">\n<div class=\"wp-block-atomic-blocks-ab-column ab-block-layout-column\"><div class=\"ab-block-layout-column-inner\">\n<figure class=\"wp-block-embed is-type-video is-provider-youtube wp-block-embed-youtube wp-embed-aspect-16-9 wp-has-aspect-ratio\"><div class=\"wp-block-embed__wrapper\">\n<div class=\"nv-iframe-embed\"><iframe loading=\"lazy\" title=\"Eyesoft - Konu\u015fan G\u00f6z\" width=\"1200\" height=\"675\" src=\"https:\/\/www.youtube.com\/embed\/6ZUcCvdinGg?feature=oembed\" frameborder=\"0\" allow=\"accelerometer; autoplay; clipboard-write; encrypted-media; gyroscope; picture-in-picture; web-share\" referrerpolicy=\"strict-origin-when-cross-origin\" allowfullscreen><\/iframe><\/div>\n<\/div><\/figure>\n<\/div><\/div>\n\n\n\n<div class=\"wp-block-atomic-blocks-ab-column ab-block-layout-column\"><div class=\"ab-block-layout-column-inner\">\n<h3>Konu\u015fan G\u00f6z<\/h3>\n\n\n\n<p>Konu\u015fan G\u00f6z, konu\u015fma ve motor becerileri ileri d\u00fczeyde k\u0131s\u0131tlanm\u0131\u015f bireylerin, <strong>hi\u00e7bir fiziksel temas ve ek donan\u0131m gerektirmeden<\/strong> yaln\u0131zca g\u00f6z hareketleriyle ileti\u015fim kurabilmesini sa\u011flayan yenilik\u00e7i bir mobil sa\u011fl\u0131k bili\u015fimi uygulamas\u0131d\u0131r. <strong>Android <\/strong>telefon ve tabletlerin kamera altyap\u0131s\u0131n\u0131 kullanan <strong>yaz\u0131l\u0131m tabanl\u0131 g\u00f6z izleme teknolojisi<\/strong> sayesinde kullan\u0131c\u0131lar temel ihtiya\u00e7lar\u0131n\u0131 ifade edebilir, c\u00fcmle kurabilir; yaz\u0131l\u0131 ya da sesli ileti\u015fim kurman\u0131n yan\u0131 s\u0131ra oyun oynayabilir ve video izleyebilir. D\u00fc\u015f\u00fck maliyetli, ta\u015f\u0131nabilir ve ki\u015fiselle\u015ftirilebilir yap\u0131s\u0131yla Konu\u015fan G\u00f6z; <strong>ALS, SMA, MS, serebral palsi<\/strong> ve benzeri n\u00f6rolojik hastal\u0131klara sahip bireyler i\u00e7in eri\u015filebilir, s\u00fcrd\u00fcr\u00fclebilir ve ba\u011f\u0131ms\u0131z bir ileti\u015fim deneyimi sunar.<\/p>\n\n\n\n<div class=\"wp-block-columns are-vertically-aligned-center\">\n<div class=\"wp-block-column is-vertically-aligned-center\" style=\"flex-basis:100%\">\n<p class=\"has-neve-link-hover-color-color has-text-color has-medium-font-size\">Play Store (Android)<\/p>\n\n\n\n<div class=\"wp-container-1 wp-block-buttons\">\n<div class=\"wp-block-button has-custom-width wp-block-button__width-100 is-style-primary\"><a class=\"wp-block-button__link\" href=\"https:\/\/play.google.com\/store\/apps\/details?id=com.eyesoft.talkingeye&amp;hl=tr\" target=\"_blank\" rel=\"noreferrer noopener\">\u0130ndir<\/a><\/div>\n<\/div>\n<\/div>\n\n\n\n<div class=\"wp-block-column is-vertically-aligned-center\" style=\"flex-basis:100%\">\n<p class=\"has-neve-link-hover-color-color has-text-color has-medium-font-size\">App Store (\u0130OS)<\/p>\n\n\n\n<div class=\"wp-container-2 wp-block-buttons\">\n<div class=\"wp-block-button has-custom-width wp-block-button__width-100 is-style-primary\"><a class=\"wp-block-button__link\" href=\"https:\/\/apps.apple.com\/tr\/app\/konu%C5%9Fan-g%C3%B6z\/id6759786337?l=tr\" target=\"_blank\" rel=\"noreferrer noopener\">\u0130ndir<\/a><\/div>\n<\/div>\n<\/div>\n<\/div>\n<\/div><\/div>\n<\/div><\/div>\n\n\n\n<hr class=\"wp-block-separator is-style-wide\"\/>\n\n\n\n<div class=\"wp-block-atomic-blocks-ab-columns ab-layout-columns-2 ab-2-col-equal\"><div class=\"ab-layout-column-wrap ab-block-layout-column-gap-2 ab-is-responsive-column\">\n<div class=\"wp-block-atomic-blocks-ab-column ab-block-layout-column\"><div class=\"ab-block-layout-column-inner\">\n<figure class=\"wp-block-embed is-type-video is-provider-youtube wp-block-embed-youtube wp-embed-aspect-16-9 wp-has-aspect-ratio\"><div class=\"wp-block-embed__wrapper\">\n<div class=\"nv-iframe-embed\"><iframe loading=\"lazy\" title=\"Eyesoft - Eyelexia Disleksi Risk De\u011ferlendime Sistemi\" width=\"1200\" height=\"675\" src=\"https:\/\/www.youtube.com\/embed\/othiEHo0Mz0?feature=oembed\" frameborder=\"0\" allow=\"accelerometer; autoplay; clipboard-write; encrypted-media; gyroscope; picture-in-picture; web-share\" referrerpolicy=\"strict-origin-when-cross-origin\" allowfullscreen><\/iframe><\/div>\n<\/div><\/figure>\n<\/div><\/div>\n\n\n\n<div class=\"wp-block-atomic-blocks-ab-column ab-block-layout-column\"><div class=\"ab-block-layout-column-inner\">\n<h3>Eyelexia Disleksi Risk De\u011ferlendime Sistemi<\/h3>\n\n\n\n<p>Eyelexia Disleksi Risk De\u011ferlendime Sistemi, ilkokul \u00e7a\u011f\u0131ndaki \u00e7ocuklarda okuma g\u00fc\u00e7l\u00fc\u011f\u00fcn\u00fc yaln\u0131zca&nbsp;15 dakika i\u00e7inde&nbsp;tespit edebilen,&nbsp;<strong>MEB izinli<\/strong>&nbsp;ve&nbsp;<strong>%93 do\u011fruluk<\/strong>&nbsp;oran\u0131na sahip yenilik\u00e7i bir teknolojidir.<\/p>\n\n\n\n<div class=\"wp-container-3 wp-block-buttons\">\n<div class=\"wp-block-button has-custom-width wp-block-button__width-50 is-style-primary\"><a class=\"wp-block-button__link\" href=\"https:\/\/eyelexia.eyesoft.com.tr\/\" target=\"_blank\" rel=\"noreferrer noopener\">Ke\u015ffet<\/a><\/div>\n<\/div>\n<\/div><\/div>\n<\/div><\/div>\n\n\n\n<hr class=\"wp-block-separator is-style-wide\"\/>\n\n\n\n<div class=\"wp-block-atomic-blocks-ab-columns ab-layout-columns-2 ab-2-col-equal has-nv-site-bg-background-color aligncenter\" style=\"padding-top:20px;padding-right:20px;padding-left:20px\"><div class=\"ab-layout-column-wrap ab-block-layout-column-gap-2 ab-is-responsive-column\">\n<div class=\"wp-block-atomic-blocks-ab-column ab-block-layout-column ab-is-vertically-aligned-bottom\"><div class=\"ab-block-layout-column-inner\" style=\"text-align:left\">\n<div class=\"wp-block-image is-style-default\"><figure class=\"aligncenter size-full\"><img loading=\"lazy\" width=\"500\" height=\"250\" src=\"https:\/\/eyesoft.com.tr\/wp-content\/uploads\/2022\/01\/Gozcu-2-2.png\" alt=\"\" class=\"wp-image-1233\" srcset=\"https:\/\/eyesoft.com.tr\/wp-content\/uploads\/2022\/01\/Gozcu-2-2.png 500w, https:\/\/eyesoft.com.tr\/wp-content\/uploads\/2022\/01\/Gozcu-2-2-300x150.png 300w\" sizes=\"(max-width: 500px) 100vw, 500px\" \/><\/figure><\/div>\n<\/div><\/div>\n\n\n\n<div class=\"wp-block-atomic-blocks-ab-column ab-block-layout-column ab-is-vertically-aligned-center\"><div class=\"ab-block-layout-column-inner\">\n<h3 class=\"has-text-align-left\">G\u00f6zc\u00fc<\/h3>\n\n\n\n<p class=\"has-text-align-left has-normal-font-size\">Az g\u00f6renler i\u00e7in geli\u015ftirilen, ileri teknoloji destekli bir g\u00f6z egzersizleri sistemidir. Sistem, g\u00f6z hareketlerini takip teknolojisi kullanarak, oyun tabanl\u0131 bir \u00e7evrim i\u00e7i ortam uygulamas\u0131 olarak geli\u015ftirilmi\u015ftir.<\/p>\n<\/div><\/div>\n<\/div><\/div>\n\n\n\n<div class=\"wp-block-atomic-blocks-ab-columns ab-layout-columns-2 ab-2-col-equal has-nv-site-bg-background-color aligncenter\" style=\"padding-right:20px;padding-bottom:20px;padding-left:20px\"><div class=\"ab-layout-column-wrap ab-block-layout-column-gap-2 ab-is-responsive-column\">\n<div class=\"wp-block-atomic-blocks-ab-column ab-block-layout-column ab-is-vertically-aligned-bottom\"><div class=\"ab-block-layout-column-inner\" style=\"text-align:left\">\n<p><\/p>\n<\/div><\/div>\n\n\n\n<div class=\"wp-block-atomic-blocks-ab-column ab-block-layout-column ab-is-vertically-aligned-center\"><div class=\"ab-block-layout-column-inner\">\n<div class=\"wp-container-4 wp-block-buttons\">\n<div class=\"wp-block-button has-custom-width wp-block-button__width-50 is-style-primary\"><a class=\"wp-block-button__link\" href=\"https:\/\/eyesoft.com.tr\/index.php\/gozcu\/\" style=\"border-radius:5px\">Ke\u015ffet<\/a><\/div>\n<\/div>\n<\/div><\/div>\n<\/div><\/div>\n\n\n\n<hr class=\"wp-block-separator has-text-color has-background has-neve-text-color-background-color has-neve-text-color-color is-style-wide\"\/>\n\n\n\n<div class=\"wp-block-atomic-blocks-ab-columns ab-layout-columns-2 ab-2-col-equal has-nv-site-bg-background-color aligncenter\" style=\"padding-top:20px;padding-right:20px;padding-left:20px\"><div class=\"ab-layout-column-wrap ab-block-layout-column-gap-2 ab-is-responsive-column\">\n<div class=\"wp-block-atomic-blocks-ab-column ab-block-layout-column ab-is-vertically-aligned-bottom\"><div class=\"ab-block-layout-column-inner\" style=\"text-align:left\">\n<figure class=\"wp-block-embed is-type-video is-provider-youtube wp-block-embed-youtube wp-embed-aspect-16-9 wp-has-aspect-ratio\"><div class=\"wp-block-embed__wrapper\">\n<div class=\"nv-iframe-embed\"><iframe loading=\"lazy\" title=\"Eyesoft - G\u00f6z Hareketiyle Mobilite Sistemi\" width=\"1200\" height=\"675\" src=\"https:\/\/www.youtube.com\/embed\/xeEzKgSNsj8?feature=oembed\" frameborder=\"0\" allow=\"accelerometer; autoplay; clipboard-write; encrypted-media; gyroscope; picture-in-picture; web-share\" referrerpolicy=\"strict-origin-when-cross-origin\" allowfullscreen><\/iframe><\/div>\n<\/div><\/figure>\n<\/div><\/div>\n\n\n\n<div class=\"wp-block-atomic-blocks-ab-column ab-block-layout-column ab-is-vertically-aligned-center\"><div class=\"ab-block-layout-column-inner\">\n<h3 class=\"has-text-align-left\">G\u00f6z Hareketiyle Mobilite Sistemi<\/h3>\n\n\n\n<p class=\"has-text-align-left has-normal-font-size\">Bedensel engelliler i\u00e7in geli\u015ftirilen, ileri teknoloji destekli, g\u00f6z hareketleri ile kontrol edilebilen tekerlekli sandalye sistemidir. Sistem, g\u00f6z hareketlerini takip teknolojisi kullanarak, tekerlekli sandalyenin hareket ettirilmesine olanak sa\u011flar.<\/p>\n<\/div><\/div>\n<\/div><\/div>\n\n\n\n<hr class=\"wp-block-separator has-text-color has-background has-neve-text-color-background-color has-neve-text-color-color is-style-wide\"\/>\n\n\n\n<div class=\"wp-block-atomic-blocks-ab-columns ab-layout-columns-2 ab-2-col-equal has-nv-site-bg-background-color aligncenter\" style=\"padding-top:20px;padding-right:20px;padding-left:20px\"><div class=\"ab-layout-column-wrap ab-block-layout-column-gap-2 ab-is-responsive-column\">\n<div class=\"wp-block-atomic-blocks-ab-column ab-block-layout-column ab-is-vertically-aligned-bottom\"><div class=\"ab-block-layout-column-inner\" style=\"text-align:left\">\n<figure class=\"wp-block-embed is-type-video is-provider-youtube wp-block-embed-youtube wp-embed-aspect-16-9 wp-has-aspect-ratio\"><div class=\"wp-block-embed__wrapper\">\n<div class=\"nv-iframe-embed\"><iframe loading=\"lazy\" title=\"Eyesoft - Yard\u0131mc\u0131 \u0130leti\u015fim Sistemi (G\u00f6z Hareketiyle \u0130leti\u015fim Uygulamas\u0131)\" width=\"1200\" height=\"675\" src=\"https:\/\/www.youtube.com\/embed\/sBpPelM6wRA?feature=oembed\" frameborder=\"0\" allow=\"accelerometer; autoplay; clipboard-write; encrypted-media; gyroscope; picture-in-picture; web-share\" referrerpolicy=\"strict-origin-when-cross-origin\" allowfullscreen><\/iframe><\/div>\n<\/div><\/figure>\n<\/div><\/div>\n\n\n\n<div class=\"wp-block-atomic-blocks-ab-column ab-block-layout-column ab-is-vertically-aligned-center\"><div class=\"ab-block-layout-column-inner\">\n<h3 class=\"has-text-align-left\">Yard\u0131mc\u0131 \u0130leti\u015fim Sistemi<\/h3>\n\n\n\n<p class=\"has-text-align-left has-normal-font-size\">Ellerini kullanamayanlar (Bedensel engelliler, yatalak hastalar, yo\u011fun bak\u0131m hastalar\u0131 gibi) i\u00e7in geli\u015ftirilen, ileri teknoloji destekli g\u00f6z hareketleri ile ileti\u015fim kurulabilmesine imkan sa\u011flayan uygulamad\u0131r.<\/p>\n<\/div><\/div>\n<\/div><\/div>\n\n\n\n<div class=\"wp-block-atomic-blocks-ab-columns ab-layout-columns-2 ab-2-col-wideright has-nv-site-bg-background-color aligncenter\" style=\"padding-right:20px;padding-bottom:20px;padding-left:20px\"><div class=\"ab-layout-column-wrap ab-block-layout-column-gap-2 ab-is-responsive-column\">\n<div class=\"wp-block-atomic-blocks-ab-column ab-block-layout-column ab-is-vertically-aligned-bottom\"><div class=\"ab-block-layout-column-inner\" style=\"text-align:left\">\n<p><\/p>\n<\/div><\/div>\n\n\n\n<div class=\"wp-block-atomic-blocks-ab-column ab-block-layout-column ab-is-vertically-aligned-center\"><div class=\"ab-block-layout-column-inner\">\n<div class=\"wp-container-5 wp-block-buttons\"><\/div>\n<\/div><\/div>\n<\/div><\/div>\n\n\n\n<div style=\"height:20px\" aria-hidden=\"true\" class=\"wp-block-spacer\"><\/div>\n","protected":false},"excerpt":{"rendered":"<p>G\u00f6z hareketleri takibi teknolojileri kullan\u0131larak geli\u015ftirilmi\u015f projeler<\/p>\n","protected":false},"author":1,"featured_media":0,"parent":0,"menu_order":0,"comment_status":"closed","ping_status":"closed","template":"","meta":{"neve_meta_sidebar":"default","neve_meta_container":"contained","neve_meta_enable_content_width":"off","neve_meta_content_width":100,"neve_meta_title_alignment":"center","neve_meta_author_avatar":"","neve_post_elements_order":"","neve_meta_disable_header":"","neve_meta_disable_footer":"","neve_meta_disable_title":"off","spay_email":""},"featured_image_src":null,"featured_image_src_square":null,"_links":{"self":[{"href":"https:\/\/eyesoft.com.tr\/index.php\/wp-json\/wp\/v2\/pages\/855"}],"collection":[{"href":"https:\/\/eyesoft.com.tr\/index.php\/wp-json\/wp\/v2\/pages"}],"about":[{"href":"https:\/\/eyesoft.com.tr\/index.php\/wp-json\/wp\/v2\/types\/page"}],"author":[{"embeddable":true,"href":"https:\/\/eyesoft.com.tr\/index.php\/wp-json\/wp\/v2\/users\/1"}],"replies":[{"embeddable":true,"href":"https:\/\/eyesoft.com.tr\/index.php\/wp-json\/wp\/v2\/comments?post=855"}],"version-history":[{"count":40,"href":"https:\/\/eyesoft.com.tr\/index.php\/wp-json\/wp\/v2\/pages\/855\/revisions"}],"predecessor-version":[{"id":1975,"href":"https:\/\/eyesoft.com.tr\/index.php\/wp-json\/wp\/v2\/pages\/855\/revisions\/1975"}],"wp:attachment":[{"href":"https:\/\/eyesoft.com.tr\/index.php\/wp-json\/wp\/v2\/media?parent=855"}],"curies":[{"name":"wp","href":"https:\/\/api.w.org\/{rel}","templated":true}]}}