{"id":856,"date":"2022-01-12T10:58:15","date_gmt":"2022-01-12T07:58:15","guid":{"rendered":"http:\/\/eyesoft.com.tr\/?page_id=856"},"modified":"2026-01-29T16:33:58","modified_gmt":"2026-01-29T13:33:58","slug":"oyun","status":"publish","type":"page","link":"https:\/\/eyesoft.com.tr\/index.php\/oyun\/","title":{"rendered":"Oyunla\u015ft\u0131rma"},"content":{"rendered":"\n<div style=\"height:20px\" aria-hidden=\"true\" class=\"wp-block-spacer\"><\/div>\n\n\n\n<p class=\"has-text-align-left has-medium-font-size\">Zorlu g\u00f6revleri oyunla\u015ft\u0131r\u0131yoruz. E\u011flence ve e\u011fitim f\u0131rsat\u0131 sa\u011fl\u0131yoruz.<\/p>\n\n\n\n<hr class=\"wp-block-separator is-style-wide\"\/>\n\n\n\n<div class=\"wp-block-atomic-blocks-ab-columns ab-layout-columns-2 ab-2-col-equal\"><div class=\"ab-layout-column-wrap ab-block-layout-column-gap-2 ab-is-responsive-column\">\n<div class=\"wp-block-atomic-blocks-ab-column ab-block-layout-column\"><div class=\"ab-block-layout-column-inner\">\n<figure class=\"wp-block-embed is-type-video is-provider-youtube wp-block-embed-youtube wp-embed-aspect-16-9 wp-has-aspect-ratio\"><div class=\"wp-block-embed__wrapper\">\n<div class=\"nv-iframe-embed\"><iframe loading=\"lazy\" title=\"Eyesoft - VR Tarla S\u00fcrme Oyunu\" width=\"1200\" height=\"675\" src=\"https:\/\/www.youtube.com\/embed\/HgTftXPrJsg?feature=oembed\" frameborder=\"0\" allow=\"accelerometer; autoplay; clipboard-write; encrypted-media; gyroscope; picture-in-picture; web-share\" referrerpolicy=\"strict-origin-when-cross-origin\" allowfullscreen><\/iframe><\/div>\n<\/div><\/figure>\n<\/div><\/div>\n\n\n\n<div class=\"wp-block-atomic-blocks-ab-column ab-block-layout-column\"><div class=\"ab-block-layout-column-inner\">\n<h2 class=\"has-text-align-left\">VR Tarla S\u00fcrme Oyunu<\/h2>\n\n\n\n<p class=\"has-text-align-left\">Bu Meta Quest 3 oyununda oyuncular\u0131n, belirli bir s\u00fcre i\u00e7inde tarlay\u0131 s\u00fcrmeleri beklenir. <\/p>\n\n\n\n<p class=\"has-text-align-left\">Ama\u00e7, kullan\u0131c\u0131lar\u0131n hem ekipman\u0131n \u00e7al\u0131\u015fma prensiplerini e\u011flenceli bir \u015fekilde \u00f6\u011frenmeleri hem de etkile\u015fimli bir tar\u0131m deneyimi ya\u015famalar\u0131d\u0131r.<\/p>\n\n\n\n<p class=\"has-text-align-left\">Ger\u00e7ek\u00e7i fizik ve g\u00f6rsellerle desteklenen oyun, e\u011flenceli bir tan\u0131t\u0131m arac\u0131 olarak kullan\u0131labilir.<\/p>\n<\/div><\/div>\n<\/div><\/div>\n\n\n\n<hr class=\"wp-block-separator has-text-color has-background has-neve-text-color-background-color has-neve-text-color-color is-style-wide\"\/>\n\n\n\n<div class=\"wp-block-atomic-blocks-ab-columns ab-layout-columns-2 ab-2-col-equal has-nv-site-bg-background-color aligncenter\" style=\"padding-top:20px;padding-right:20px;padding-left:20px\"><div class=\"ab-layout-column-wrap ab-block-layout-column-gap-2 ab-is-responsive-column\">\n<div class=\"wp-block-atomic-blocks-ab-column ab-block-layout-column ab-is-vertically-aligned-top\"><div class=\"ab-block-layout-column-inner\" style=\"text-align:left\">\n<figure class=\"wp-block-image size-large is-style-default\"><img loading=\"lazy\" width=\"1024\" height=\"384\" src=\"https:\/\/eyesoft.com.tr\/wp-content\/uploads\/2023\/10\/Logo-1024x384.png\" alt=\"\" class=\"wp-image-1549\" srcset=\"https:\/\/eyesoft.com.tr\/wp-content\/uploads\/2023\/10\/Logo-1024x384.png 1024w, https:\/\/eyesoft.com.tr\/wp-content\/uploads\/2023\/10\/Logo-300x112.png 300w, https:\/\/eyesoft.com.tr\/wp-content\/uploads\/2023\/10\/Logo-768x288.png 768w, https:\/\/eyesoft.com.tr\/wp-content\/uploads\/2023\/10\/Logo.png 1137w\" sizes=\"(max-width: 1024px) 100vw, 1024px\" \/><\/figure>\n<\/div><\/div>\n\n\n\n<div class=\"wp-block-atomic-blocks-ab-column ab-block-layout-column ab-is-vertically-aligned-center\"><div class=\"ab-block-layout-column-inner\">\n<h3 class=\"has-text-align-left\">Appollon &#8211; Etkinlik Uygulamas\u0131<\/h3>\n\n\n\n<p class=\"has-text-align-left\">M\u00fczeler ve organizasyonlar i\u00e7in oyunla\u015ft\u0131rma destekli etkinlik \u00fcretim uygulamas\u0131<\/p>\n<\/div><\/div>\n<\/div><\/div>\n\n\n\n<hr class=\"wp-block-separator has-text-color has-background has-neve-text-color-background-color has-neve-text-color-color is-style-wide\"\/>\n\n\n\n<div class=\"wp-block-atomic-blocks-ab-columns ab-layout-columns-2 ab-2-col-equal has-nv-site-bg-background-color aligncenter\" style=\"padding-top:20px;padding-right:20px;padding-left:20px\"><div class=\"ab-layout-column-wrap ab-block-layout-column-gap-2 ab-is-responsive-column\">\n<div class=\"wp-block-atomic-blocks-ab-column ab-block-layout-column ab-is-vertically-aligned-top\"><div class=\"ab-block-layout-column-inner\" style=\"text-align:left\">\n<figure class=\"wp-block-embed is-type-video is-provider-youtube wp-block-embed-youtube wp-embed-aspect-16-9 wp-has-aspect-ratio\"><div class=\"wp-block-embed__wrapper\">\n<div class=\"nv-iframe-embed\"><iframe loading=\"lazy\" title=\"Eyesoft  - Loktos (Lokasyon Tabanl\u0131 Etkinlik Oyunla\u015ft\u0131rma Sistemi)\" width=\"1200\" height=\"675\" src=\"https:\/\/www.youtube.com\/embed\/EPxO8py_5eg?feature=oembed\" frameborder=\"0\" allow=\"accelerometer; autoplay; clipboard-write; encrypted-media; gyroscope; picture-in-picture; web-share\" referrerpolicy=\"strict-origin-when-cross-origin\" allowfullscreen><\/iframe><\/div>\n<\/div><\/figure>\n<\/div><\/div>\n\n\n\n<div class=\"wp-block-atomic-blocks-ab-column ab-block-layout-column ab-is-vertically-aligned-center\"><div class=\"ab-block-layout-column-inner\">\n<h3 class=\"has-text-align-left\">Loktos &#8211; Lokasyon Tabanl\u0131 Etkinlik Oyunla\u015ft\u0131rma Sistemi<\/h3>\n\n\n\n<p class=\"has-text-align-left has-normal-font-size\">Mobil cihazlar \u00fczerinden oynanabilen lokasyon tabanl\u0131 oyun geli\u015ftirme edit\u00f6r sistemi.<\/p>\n\n\n\n<p class=\"has-text-align-left\">Lokasyon tabanl\u0131 uygulamam\u0131zla kat\u0131l\u0131mc\u0131lar\u0131n\u0131z\u0131 gezdirirken e\u011flenceli i\u00e7eriklerle bilgilendirin.<\/p>\n\n\n\n<div class=\"wp-block-atomic-blocks-ab-button ab-block-button\"><a href=\"https:\/\/loktos.com\/\" target=\"_blank\" rel=\"noopener noreferrer\" class=\"ab-button ab-button-shape-rounded ab-button-size-medium\" style=\"color:#ffffff;background-color:var(--nv-primary-accent)\">Ke\u015ffet<\/a><\/div>\n<\/div><\/div>\n<\/div><\/div>\n\n\n\n<hr class=\"wp-block-separator has-text-color has-background has-neve-text-color-background-color has-neve-text-color-color is-style-wide\"\/>\n\n\n\n<div class=\"wp-block-columns\">\n<div class=\"wp-block-column is-vertically-aligned-top\" style=\"flex-basis:100%\">\n<div class=\"wp-block-columns\">\n<div class=\"wp-block-column\" style=\"flex-basis:100%\">\n<div class=\"wp-container-2 wp-block-group\"><div class=\"wp-block-group__inner-container\">\n<div class=\"wp-block-columns\">\n<div class=\"wp-block-column\" style=\"flex-basis:100%\">\n<div class=\"wp-block-atomic-blocks-ab-columns ab-layout-columns-2 ab-2-col-equal has-nv-site-bg-background-color aligncenter\" style=\"padding-top:20px;padding-right:20px;padding-left:20px\"><div class=\"ab-layout-column-wrap ab-block-layout-column-gap-3 ab-is-responsive-column\">\n<div class=\"wp-block-atomic-blocks-ab-column ab-block-layout-column ab-is-vertically-aligned-bottom\"><div class=\"ab-block-layout-column-inner\" style=\"text-align:left\">\n<div class=\"wp-block-image is-style-default\"><figure class=\"aligncenter size-full is-resized\"><img loading=\"lazy\" src=\"https:\/\/eyesoft.com.tr\/wp-content\/uploads\/2023\/01\/unnamed.jpg\" alt=\"\" class=\"wp-image-1495\" width=\"237\" height=\"239\"\/><\/figure><\/div>\n<\/div><\/div>\n\n\n\n<div class=\"wp-block-atomic-blocks-ab-column ab-block-layout-column ab-is-vertically-aligned-top\"><div class=\"ab-block-layout-column-inner\" style=\"text-align:center\">\n<h3 class=\"has-text-align-left\">Gezdir<\/h3>\n\n\n\n<p class=\"has-text-align-left has-normal-font-size\">Loktos platformu kullan\u0131larak \u00fcretilmi\u015f lokasyon tabanl\u0131 bir mobil oyun.<\/p>\n\n\n\n<p><\/p>\n\n\n\n<div class=\"wp-block-columns\">\n<div class=\"wp-block-column\" style=\"flex-basis:50%\">\n<h4>iOS<\/h4>\n\n\n\n<div class=\"wp-block-atomic-blocks-ab-button ab-block-button\"><a href=\"https:\/\/apps.apple.com\/us\/app\/gezdir\/id1643525561\" class=\"ab-button ab-button-shape-rounded ab-button-size-medium\" style=\"color:#ffffff;background-color:var(--nv-primary-accent)\">\u0130ndir<\/a><\/div>\n\n\n\n<div class=\"wp-container-1 wp-block-buttons\"><\/div>\n<\/div>\n\n\n\n<div class=\"wp-block-column\" style=\"flex-basis:50%\">\n<h4>Android<\/h4>\n\n\n\n<div class=\"wp-block-atomic-blocks-ab-button ab-block-button\"><a href=\"https:\/\/play.google.com\/store\/apps\/details?id=com.Eyesoft.Gezdir\" class=\"ab-button ab-button-shape-rounded ab-button-size-medium\" style=\"color:#ffffff;background-color:var(--nv-primary-accent)\">\u0130ndir<\/a><\/div>\n<\/div>\n<\/div>\n<\/div><\/div>\n<\/div><\/div>\n<\/div>\n<\/div>\n<\/div><\/div>\n<\/div>\n<\/div>\n<\/div>\n<\/div>\n\n\n\n<p><\/p>\n","protected":false},"excerpt":{"rendered":"<p>Zorlu g\u00f6revleri oyunla\u015ft\u0131r\u0131yoruz. E\u011flence ve e\u011fitim f\u0131rsat\u0131 sa\u011fl\u0131yoruz.<\/p>\n","protected":false},"author":1,"featured_media":0,"parent":0,"menu_order":0,"comment_status":"closed","ping_status":"closed","template":"","meta":{"neve_meta_sidebar":"","neve_meta_container":"contained","neve_meta_enable_content_width":"","neve_meta_content_width":0,"neve_meta_title_alignment":"center","neve_meta_author_avatar":"","neve_post_elements_order":"","neve_meta_disable_header":"","neve_meta_disable_footer":"","neve_meta_disable_title":"","spay_email":""},"featured_image_src":null,"featured_image_src_square":null,"_links":{"self":[{"href":"https:\/\/eyesoft.com.tr\/index.php\/wp-json\/wp\/v2\/pages\/856"}],"collection":[{"href":"https:\/\/eyesoft.com.tr\/index.php\/wp-json\/wp\/v2\/pages"}],"about":[{"href":"https:\/\/eyesoft.com.tr\/index.php\/wp-json\/wp\/v2\/types\/page"}],"author":[{"embeddable":true,"href":"https:\/\/eyesoft.com.tr\/index.php\/wp-json\/wp\/v2\/users\/1"}],"replies":[{"embeddable":true,"href":"https:\/\/eyesoft.com.tr\/index.php\/wp-json\/wp\/v2\/comments?post=856"}],"version-history":[{"count":35,"href":"https:\/\/eyesoft.com.tr\/index.php\/wp-json\/wp\/v2\/pages\/856\/revisions"}],"predecessor-version":[{"id":1910,"href":"https:\/\/eyesoft.com.tr\/index.php\/wp-json\/wp\/v2\/pages\/856\/revisions\/1910"}],"wp:attachment":[{"href":"https:\/\/eyesoft.com.tr\/index.php\/wp-json\/wp\/v2\/media?parent=856"}],"curies":[{"name":"wp","href":"https:\/\/api.w.org\/{rel}","templated":true}]}}